{"id":7691,"date":"2024-05-27T11:10:04","date_gmt":"2024-05-27T09:10:04","guid":{"rendered":"https:\/\/www.spengergasse.at\/?page_id=7691"},"modified":"2025-03-03T09:36:14","modified_gmt":"2025-03-03T08:36:14","slug":"erasmus-htl-spengergasse","status":"publish","type":"page","link":"https:\/\/www.spengergasse.at\/?page_id=7691","title":{"rendered":"ERASMUS+ @ HTL Spengergasse"},"content":{"rendered":"<p>Die HTL Spengergasse darf sich seit 2023 offiziell auch Erasmus+ Schule nennen. Neben einzelnen kurz- und langfristigen Projekten hat unsere Schule seit 2023 offiziell die Erasmus+ Akkreditierung in der Schulbildung und seit 2024 ebenso in der Berufsbildung erhalten.<br \/>Erasmus+ erm\u00f6glicht Sch\u00fclerinnen und Sch\u00fclern als auch dem Schulpersonal an internationalen Austauschprogrammen teilzunehmen, neue Kulturen zu entdecken und sowohl interkulturelle als auch fachliche Kompetenzen zu entwickeln und zu st\u00e4rken. Eine Akkreditierung im Rahmen des Erasmus+ Programms ist f\u00fcr uns von unsch\u00e4tzbarem Wert, da sie Zugang zu zus\u00e4tzlichen finanziellen Mitteln, internationalen Partnerschaften und einer gr\u00f6\u00dferen Anerkennung innerhalb der Bildungsgemeinschaft bietet. Sie st\u00e4rkt das Profil unserer Schule und f\u00f6rdert die kontinuierliche Verbesserung unserer Bildungsqualit\u00e4t.<\/p>\n<p>Mit dem Erasmus+ Programm ist es uns unter anderem m\u00f6glich, folgende Mobilit\u00e4ten ins Ausland zu f\u00f6rdern:<\/p>\n<p><strong>1. Erasmus+ Auslandspraktikum f\u00fcr Sch\u00fclerinnen und Sch\u00fcler und begleitende Lehrpersonen<\/strong><br \/>F\u00fcr die Sch\u00fcler besteht die M\u00f6glichkeit ein Auslandspraktikum von 4 oder 5 Wochen bei einem Partnerunternehmen in einem EU Land zu machen und berufliche Erfahrung zu sammeln. Lehrpersonen haben die M\u00f6glichkeit die Partnerfirmen zu besuchen.<\/p>\n<p><strong>2. Erasmus+ Fortbildungen in der Schulbildung f\u00fcr Lehrerinnen und Lehrer<\/strong><br \/>In der Schulbildung haben unsere Lehrkr\u00e4fte die M\u00f6glichkeit an Fortbildungen im Ausland teilzunehmen oder auch ein Job Shadowing Programm (Hospitation) an einer Schule im Ausland zu absolvieren. Durch die Akkreditierung in der Berufsbildung besteht auch die M\u00f6glichkeit, andere berufliche Fortbildungen zu machen oder Einrichtungen zu besuchen.<\/p>\n<p><strong>3. Erasmus+ Schulpartnerschaft<\/strong><br \/>An einer zuk\u00fcnftigen Schulpartnerschaft mit ausl\u00e4ndischen Schulen ist unsere Schule interessiert und offen. Mit diesem Projekt besteht f\u00fcr Sch\u00fclerinnen und Sch\u00fcler und f\u00fcr Lehrkr\u00e4fte die M\u00f6glichkeit, sich mit anderen Schulen bzw. Sch\u00fclern und Lehrern im Ausland auszutauschen und diese zu besuchen.<\/p>\n<p><strong>4. Erasmus+ eTwinning Projekte<\/strong><br \/>eTwinning ist ein Kommunikationsplattform f\u00fcr gemeinsame Projekte mit anderen ausl\u00e4ndischen Schulen. \u00dcber eine gesch\u00fctzte Online-Plattform und anderen digitalen Tools k\u00f6nnen sich Schulen miteinander verkn\u00fcpfen, kooperieren und Projekte durchf\u00fchren. Der Zeitrahmen und Zeitaufwand zwischen den Partnern kann selbst gew\u00e4hlt werden. Auf der eTwinning Plattform k\u00f6nnen sich Schulen bzw. Lehrpersonen au\u00dferdem vernetzen, Ideen austauschen und Kooperationen bzw. Projekte anbahnen.<\/p>\n<p>Unter <a href=\".\/?tag=Erasmus\">Aktuelles<\/a> finden Sie Informationen \u00fcber aktuelle Geschehnisse und Mobilit\u00e4ten.\u00a0<\/p>\n<p>Bei Interesse an einer Mobilit\u00e4t ins Ausland (sowohl von Sch\u00fclerinnen und Sch\u00fclern als auch f\u00fcr Schulpersonal) wenden Sie sich bitte an <a href=\"mailto:erasmus@spengergasse.at\">erasmus@spengergasse.at<\/a><\/p>\n<p><strong>Weiterf\u00fchrende Informationsplattformen:<\/strong><br \/>\u2022 <strong>eTwinning<\/strong>: Lehrerfortbildungen, Kooperationen und Projekte mit anderen Schulen <a href=\"https:\/\/www.etwinning.net\">https:\/\/www.etwinning.net,<\/a>\u00a0<a href=\"https:\/\/etwinning.at\">https:\/\/etwinning.at<\/a><br \/>\u2022 <strong>Erasmus Programme:<\/strong> <a href=\"http:\/\/www.erasmusplus.at\">http:\/\/www.erasmusplus.at<\/a><br \/>\u2022 <strong>Europ\u00e4ische Bildungsplattform f\u00fcr Schulen:<\/strong> <a href=\"https:\/\/school-education.ec.europa.eu\/en\">https:\/\/school-education.ec.europa.eu\/en<\/a><br \/>\u2022 <strong>Auswahl an Kursen f\u00fcr Lehrkr\u00e4fte:<\/strong> <a href=\"https:\/\/school-education.ec.europa.eu\/en\/learn\">https:\/\/school-education.ec.europa.eu\/en\/learn<\/a><br \/>\u2022 <strong>Erwachsenenbildung in Europa:<\/strong> <a href=\"https:\/\/bildung.erasmusplus.at\/de\/erwachsenenbildung\/epale\/\">https:\/\/bildung.erasmusplus.at\/de\/erwachsenenbildung\/epale\/<\/a><br \/>\u2022 <strong>Europass Lebenslauf und Mobilit\u00e4tspass:<\/strong> <a href=\"https:\/\/www.europass.at\/\">https:\/\/www.europass.at\/<\/a><br \/>\u2022 <strong>Erasmus Projekt Plattform<\/strong>: <a href=\"https:\/\/ec.europa.eu\/programmes\/erasmus-plus\/projects\/\">https:\/\/ec.europa.eu\/programmes\/erasmus-plus\/projects\/<\/a><\/p>\n<p>Let\u2019s network and get in touch with us!<br \/>We are always interested in new school partnerships, school projects with other international schools, cooperation with new schools and companies. If you want to cooperate with us or visit us for Job Shadowing, please do not hesitate and get in touch with us: <a href=\"mailto:erasmus@spengergasse.at\">erasmus@spengergasse.at<\/a><\/p>\n\n\n<figure class=\"wp-block-image size-large\"><img loading=\"lazy\" decoding=\"async\" width=\"1024\" height=\"225\" src=\"https:\/\/www.spengergasse.at\/wp-content\/uploads\/2024\/05\/DE_FundedbytheEU_RGB_POS-1024x225.png\" alt=\"\" class=\"wp-image-7693\" srcset=\"https:\/\/www.spengergasse.at\/wp-content\/uploads\/2024\/05\/DE_FundedbytheEU_RGB_POS-1024x225.png 1024w, https:\/\/www.spengergasse.at\/wp-content\/uploads\/2024\/05\/DE_FundedbytheEU_RGB_POS-300x66.png 300w, https:\/\/www.spengergasse.at\/wp-content\/uploads\/2024\/05\/DE_FundedbytheEU_RGB_POS-768x169.png 768w, https:\/\/www.spengergasse.at\/wp-content\/uploads\/2024\/05\/DE_FundedbytheEU_RGB_POS-1536x337.png 1536w, https:\/\/www.spengergasse.at\/wp-content\/uploads\/2024\/05\/DE_FundedbytheEU_RGB_POS-2048x450.png 2048w\" sizes=\"auto, (max-width: 1024px) 100vw, 1024px\" \/><\/figure>\n\n\n\n<div class=\"wp-block-buttons is-layout-flex wp-block-buttons-is-layout-flex\">\n<div class=\"wp-block-button\"><a class=\"wp-block-button__link has-white-color has-text-color has-background has-link-color wp-element-button\" href=\".\/?tag=Erasmus\" style=\"border-radius:0px;background-color:#ed1944\">Aktuelles von Erasmus+<\/a><\/div>\n<\/div>\n","protected":false},"excerpt":{"rendered":"<p>Die HTL Spengergasse darf sich seit 2023 offiziell auch Erasmus+ Schule nennen. Neben einzelnen kurz- und langfristigen Projekten hat unsere Schule seit 2023 offiziell die Erasmus+ Akkreditierung in der Schulbildung und seit 2024 ebenso in der Berufsbildung erhalten.Erasmus+ erm\u00f6glicht Sch\u00fclerinnen und Sch\u00fclern&#8230;<\/p>\n","protected":false},"author":2,"featured_media":0,"parent":2218,"menu_order":0,"comment_status":"closed","ping_status":"closed","template":"","meta":{"footnotes":""},"class_list":["post-7691","page","type-page","status-publish","hentry"],"_links":{"self":[{"href":"https:\/\/www.spengergasse.at\/index.php?rest_route=\/wp\/v2\/pages\/7691","targetHints":{"allow":["GET"]}}],"collection":[{"href":"https:\/\/www.spengergasse.at\/index.php?rest_route=\/wp\/v2\/pages"}],"about":[{"href":"https:\/\/www.spengergasse.at\/index.php?rest_route=\/wp\/v2\/types\/page"}],"author":[{"embeddable":true,"href":"https:\/\/www.spengergasse.at\/index.php?rest_route=\/wp\/v2\/users\/2"}],"replies":[{"embeddable":true,"href":"https:\/\/www.spengergasse.at\/index.php?rest_route=%2Fwp%2Fv2%2Fcomments&post=7691"}],"version-history":[{"count":9,"href":"https:\/\/www.spengergasse.at\/index.php?rest_route=\/wp\/v2\/pages\/7691\/revisions"}],"predecessor-version":[{"id":8806,"href":"https:\/\/www.spengergasse.at\/index.php?rest_route=\/wp\/v2\/pages\/7691\/revisions\/8806"}],"up":[{"embeddable":true,"href":"https:\/\/www.spengergasse.at\/index.php?rest_route=\/wp\/v2\/pages\/2218"}],"wp:attachment":[{"href":"https:\/\/www.spengergasse.at\/index.php?rest_route=%2Fwp%2Fv2%2Fmedia&parent=7691"}],"curies":[{"name":"wp","href":"https:\/\/api.w.org\/{rel}","templated":true}]}}