{"id":7542,"date":"2024-04-06T19:58:53","date_gmt":"2024-04-06T17:58:53","guid":{"rendered":"https:\/\/www.spengergasse.at\/?page_id=7542"},"modified":"2026-04-29T10:44:22","modified_gmt":"2026-04-29T08:44:22","slug":"designbook","status":"publish","type":"page","link":"https:\/\/www.spengergasse.at\/?page_id=7542","title":{"rendered":"Notebook Abt. Design"},"content":{"rendered":"\n<p>Bis 09.09.2026 ben\u00f6tigen alle neuen Sch\u00fcler\/innen und Studierenden der Abteilung Design ein eigenes Notebook f\u00fcr den Unterricht! Bitte ber\u00fccksichtigen Sie beim Kauf das aktuelle Informationsblatt sowie den Vergleich unterschiedlicher Angebote.<\/p>\n\n\n\n<p>&nbsp;<\/p>\n\n\n\n<p><img loading=\"lazy\" decoding=\"async\" width=\"26\" height=\"16\" class=\"wp-image-7600\" style=\"width: 26px;\" src=\"https:\/\/www.spengergasse.at\/wp-content\/uploads\/2024\/04\/pfeil_externeurl.jpg\" alt=\"\" srcset=\"https:\/\/www.spengergasse.at\/wp-content\/uploads\/2024\/04\/pfeil_externeurl.jpg 600w, https:\/\/www.spengergasse.at\/wp-content\/uploads\/2024\/04\/pfeil_externeurl-300x190.jpg 300w, https:\/\/www.spengergasse.at\/wp-content\/uploads\/2024\/04\/pfeil_externeurl-272x182.jpg 272w\" sizes=\"auto, (max-width: 26px) 100vw, 26px\" \/><a href=\"https:\/\/www.spengergasse.at\/wp-content\/uploads\/2026\/04\/Informationsblatt-Notebook-Ankauf-Abt.-Design-2026-27.pdf\" target=\"_blank\" rel=\"noreferrer noopener\">Informationsblatt Notebook-Ankauf Abt. Design 2026\/27 (PDF)<\/a><\/p>\n\n\n\n<p>&nbsp;<\/p>\n\n\n\n<h2 class=\"wp-block-heading\">Angebotsvergleich<\/h2>\n\n\n\n<p><p>Das Online-Preisvergleichsportal Geizhals bietet die M\u00f6glichkeit, sich einen \u00dcberblick \u00fcber Angebote unterschiedlicher H\u00e4ndler und Hersteller zu verschaffen. \u00dcber folgende Links kann ein Preisvergleich unter Ber\u00fccksichtigung der Mindestanforderungen aufgerufen werden:<\/p><br>&nbsp;<\/p>\n\n\n\n<p><img loading=\"lazy\" decoding=\"async\" width=\"26\" height=\"16\" class=\"wp-image-7600\" style=\"width: 26px;\" src=\"https:\/\/www.spengergasse.at\/wp-content\/uploads\/2024\/04\/pfeil_externeurl.jpg\" alt=\"\" srcset=\"https:\/\/www.spengergasse.at\/wp-content\/uploads\/2024\/04\/pfeil_externeurl.jpg 600w, https:\/\/www.spengergasse.at\/wp-content\/uploads\/2024\/04\/pfeil_externeurl-300x190.jpg 300w, https:\/\/www.spengergasse.at\/wp-content\/uploads\/2024\/04\/pfeil_externeurl-272x182.jpg 272w\" sizes=\"auto, (max-width: 26px) 100vw, 26px\" \/><a href=\"https:\/\/geizhals.at\/?cat=nb&amp;hloc=at&amp;v=e&amp;sort=p&amp;bl1_id=30&amp;xf=10929_Windows%7E11295_03+05+17+-+RTX+4060%7E11295_03+05+17+-+RTX+4070%7E11295_03+05+17+-+RTX+4080%7E11295_03+05+17+-+RTX+4090%7E11295_03+05+18+-+RTX+5050%7E11295_03+05+18+-+RTX+5060%7E11295_03+05+18+-+RTX+5070%7E11295_03+05+18+-+RTX+5070+Ti%7E11295_03+05+18+-+RTX+5080%7E11295_03+05+18+-+RTX+5090%7E12_16384%7E19914_entspiegelt+(anti-glare%2Fanti-reflective)%7E19914_matt+(non-glare)%7E2379_15%7E2991_960%7E525_Dell%7E525_Fujitsu%7E525_GIGABYTE%7E525_HP%7E525_Lenovo%7E525_MSI%7E525_Schenker%7E6748_0.4%7E6748_26%7E6748_27%7E6748_28%7E9_19201080\">Angebotsvergleich f\u00fcr Ausbildung &#8222;Interior- &amp; Surfacedesign&#8220;<\/a><\/p>\n\n\n\n<p><img loading=\"lazy\" decoding=\"async\" width=\"26\" height=\"16\" class=\"wp-image-7600\" style=\"width: 26px;\" src=\"https:\/\/www.spengergasse.at\/wp-content\/uploads\/2024\/04\/pfeil_externeurl.jpg\" alt=\"\" srcset=\"https:\/\/www.spengergasse.at\/wp-content\/uploads\/2024\/04\/pfeil_externeurl.jpg 600w, https:\/\/www.spengergasse.at\/wp-content\/uploads\/2024\/04\/pfeil_externeurl-300x190.jpg 300w, https:\/\/www.spengergasse.at\/wp-content\/uploads\/2024\/04\/pfeil_externeurl-272x182.jpg 272w\" sizes=\"auto, (max-width: 26px) 100vw, 26px\" \/><a href=\"https:\/\/geizhals.at\/?cat=nb&amp;hloc=at&amp;v=e&amp;sort=p&amp;bl1_id=30&amp;xf=10929_Windows%7E11295_03+05+17+-+RTX+4060%7E11295_03+05+17+-+RTX+4070%7E11295_03+05+17+-+RTX+4080%7E11295_03+05+17+-+RTX+4090%7E11295_03+05+18+-+RTX+5060%7E11295_03+05+18+-+RTX+5070%7E11295_03+05+18+-+RTX+5070+Ti%7E11295_03+05+18+-+RTX+5080%7E11295_03+05+18+-+RTX+5090%7E12_16384%7E19914_entspiegelt+(anti-glare%2Fanti-reflective)%7E19914_matt+(non-glare)%7E2379_15%7E2991_960%7E525_Dell%7E525_Fujitsu%7E525_GIGABYTE%7E525_HP%7E525_Lenovo%7E525_MSI%7E525_Schenker%7E6748_0.4%7E6748_26%7E6748_27%7E6748_28%7E9_19201080\">Angebotsvergleich f\u00fcr Ausbildung &#8222;Mediendesign \u2013 Animation&#8220;<\/a><\/p>\n\n\n\n<p><img loading=\"lazy\" decoding=\"async\" width=\"26\" height=\"16\" class=\"wp-image-7600\" style=\"width: 26px;\" src=\"https:\/\/www.spengergasse.at\/wp-content\/uploads\/2024\/04\/pfeil_externeurl.jpg\" alt=\"\" srcset=\"https:\/\/www.spengergasse.at\/wp-content\/uploads\/2024\/04\/pfeil_externeurl.jpg 600w, https:\/\/www.spengergasse.at\/wp-content\/uploads\/2024\/04\/pfeil_externeurl-300x190.jpg 300w, https:\/\/www.spengergasse.at\/wp-content\/uploads\/2024\/04\/pfeil_externeurl-272x182.jpg 272w\" sizes=\"auto, (max-width: 26px) 100vw, 26px\" \/><a href=\"https:\/\/geizhals.at\/?cat=nb&amp;hloc=at&amp;v=e&amp;sort=p&amp;bl1_id=30&amp;xf=10929_Windows%7E11295_03+05+17+-+RTX+4060%7E11295_03+05+17+-+RTX+4070%7E11295_03+05+17+-+RTX+4080%7E11295_03+05+17+-+RTX+4090%7E11295_03+05+18+-+RTX+5060%7E11295_03+05+18+-+RTX+5070%7E11295_03+05+18+-+RTX+5070+Ti%7E11295_03+05+18+-+RTX+5080%7E11295_03+05+18+-+RTX+5090%7E12_16384%7E19914_entspiegelt+(anti-glare%2Fanti-reflective)%7E19914_matt+(non-glare)%7E2379_15%7E2991_960%7E525_Dell%7E525_Fujitsu%7E525_GIGABYTE%7E525_HP%7E525_Lenovo%7E525_MSI%7E525_Schenker%7E6748_0.4%7E6748_26%7E6748_27%7E6748_28%7E9_19201080\">Angebotsvergleich f\u00fcr Ausbildung &#8222;Mediendesign \u2013 Gamedesign&#8220;<\/a><\/p>\n\n\n\n<p><\/p>\n","protected":false},"excerpt":{"rendered":"<p>Bis 09.09.2026 ben\u00f6tigen alle neuen Sch\u00fcler\/innen und Studierenden der Abteilung Design ein eigenes Notebook f\u00fcr den Unterricht! Bitte ber\u00fccksichtigen Sie beim Kauf das aktuelle Informationsblatt sowie den Vergleich unterschiedlicher Angebote. &nbsp; Informationsblatt Notebook-Ankauf Abt. Design 2026\/27 (PDF) &nbsp; Angebotsvergleich Das Online-Preisvergleichsportal Geizhals&#8230;<\/p>\n","protected":false},"author":7,"featured_media":0,"parent":0,"menu_order":0,"comment_status":"closed","ping_status":"closed","template":"","meta":{"footnotes":""},"class_list":["post-7542","page","type-page","status-publish","hentry"],"_links":{"self":[{"href":"https:\/\/www.spengergasse.at\/index.php?rest_route=\/wp\/v2\/pages\/7542","targetHints":{"allow":["GET"]}}],"collection":[{"href":"https:\/\/www.spengergasse.at\/index.php?rest_route=\/wp\/v2\/pages"}],"about":[{"href":"https:\/\/www.spengergasse.at\/index.php?rest_route=\/wp\/v2\/types\/page"}],"author":[{"embeddable":true,"href":"https:\/\/www.spengergasse.at\/index.php?rest_route=\/wp\/v2\/users\/7"}],"replies":[{"embeddable":true,"href":"https:\/\/www.spengergasse.at\/index.php?rest_route=%2Fwp%2Fv2%2Fcomments&post=7542"}],"version-history":[{"count":57,"href":"https:\/\/www.spengergasse.at\/index.php?rest_route=\/wp\/v2\/pages\/7542\/revisions"}],"predecessor-version":[{"id":10362,"href":"https:\/\/www.spengergasse.at\/index.php?rest_route=\/wp\/v2\/pages\/7542\/revisions\/10362"}],"wp:attachment":[{"href":"https:\/\/www.spengergasse.at\/index.php?rest_route=%2Fwp%2Fv2%2Fmedia&parent=7542"}],"curies":[{"name":"wp","href":"https:\/\/api.w.org\/{rel}","templated":true}]}}