{"id":6450,"date":"2023-01-29T16:09:23","date_gmt":"2023-01-29T15:09:23","guid":{"rendered":"https:\/\/www.spengergasse.at\/?page_id=6450"},"modified":"2025-03-29T13:53:43","modified_gmt":"2025-03-29T12:53:43","slug":"internationale-kontakte","status":"publish","type":"page","link":"https:\/\/www.spengergasse.at\/?page_id=6450","title":{"rendered":""},"content":{"rendered":"\n<h6 class=\"wp-block-heading\">Internationale Kontakte<\/h6>\n\n\n\n<figure class=\"wp-block-image size-large\"><img loading=\"lazy\" decoding=\"async\" width=\"1024\" height=\"683\" src=\"https:\/\/www.spengergasse.at\/wp-content\/uploads\/2023\/01\/shutterstock_571054477-1-1024x683.png\" alt=\"\" class=\"wp-image-6539\" srcset=\"https:\/\/www.spengergasse.at\/wp-content\/uploads\/2023\/01\/shutterstock_571054477-1-1024x683.png 1024w, https:\/\/www.spengergasse.at\/wp-content\/uploads\/2023\/01\/shutterstock_571054477-1-300x200.png 300w, https:\/\/www.spengergasse.at\/wp-content\/uploads\/2023\/01\/shutterstock_571054477-1-768x512.png 768w, https:\/\/www.spengergasse.at\/wp-content\/uploads\/2023\/01\/shutterstock_571054477-1-1536x1024.png 1536w, https:\/\/www.spengergasse.at\/wp-content\/uploads\/2023\/01\/shutterstock_571054477-1-2048x1366.png 2048w, https:\/\/www.spengergasse.at\/wp-content\/uploads\/2023\/01\/shutterstock_571054477-1-272x182.png 272w\" sizes=\"auto, (max-width: 1024px) 100vw, 1024px\" \/><\/figure>\n\n\n\n<p>Im Rahmen der zahllosen Initiativen und Projekte im Haus, werden vielfach ebenso internationale Kontakte gepflegt und ausgebaut. Von der \u2013 vor allem mit britischen Universit\u00e4ten \u2013 eng zusammenarbeitenden, hauseigenen Institution &#8222;UDA \u2013 Austrian Partner of International Universities&#8220;, \u00fcber den Besuch von Delegationen aus aller Welt, die medial aufsehenerregende Visite des Bundespr\u00e4sidenten mit einem der US-Pioniere des Internets. Weiters, Vortr\u00e4gen international renommierter Experten, etwa zur Chaostheorie, bis hin zu langfristig angelegten Workshops zur Interaktion von Animations-Design mit MINT-Unterrichtsinhalten, in Kollaboration mit Nachbarstaaten und dem Europ\u00e4ischen Sozialfonds und schlie\u00dflich einer Erasmus+ Akkreditierung, entspinnt sich seit langem ein bunter Reigen der internationalen Vernetzung der Spengergasse, speziell im Kontext von MINT, mit mannigfachen Perspektiven zu weiterem Ausbau.<\/p>\n","protected":false},"excerpt":{"rendered":"<p>Internationale Kontakte Im Rahmen der zahllosen Initiativen und Projekte im Haus, werden vielfach ebenso internationale Kontakte gepflegt und ausgebaut. Von der \u2013 vor allem mit britischen Universit\u00e4ten \u2013 eng zusammenarbeitenden, hauseigenen Institution &#8222;UDA \u2013 Austrian Partner of International Universities&#8220;, \u00fcber den Besuch&#8230;<\/p>\n","protected":false},"author":1,"featured_media":0,"parent":2218,"menu_order":0,"comment_status":"closed","ping_status":"closed","template":"","meta":{"footnotes":""},"class_list":["post-6450","page","type-page","status-publish","hentry"],"_links":{"self":[{"href":"https:\/\/www.spengergasse.at\/index.php?rest_route=\/wp\/v2\/pages\/6450","targetHints":{"allow":["GET"]}}],"collection":[{"href":"https:\/\/www.spengergasse.at\/index.php?rest_route=\/wp\/v2\/pages"}],"about":[{"href":"https:\/\/www.spengergasse.at\/index.php?rest_route=\/wp\/v2\/types\/page"}],"author":[{"embeddable":true,"href":"https:\/\/www.spengergasse.at\/index.php?rest_route=\/wp\/v2\/users\/1"}],"replies":[{"embeddable":true,"href":"https:\/\/www.spengergasse.at\/index.php?rest_route=%2Fwp%2Fv2%2Fcomments&post=6450"}],"version-history":[{"count":5,"href":"https:\/\/www.spengergasse.at\/index.php?rest_route=\/wp\/v2\/pages\/6450\/revisions"}],"predecessor-version":[{"id":6540,"href":"https:\/\/www.spengergasse.at\/index.php?rest_route=\/wp\/v2\/pages\/6450\/revisions\/6540"}],"up":[{"embeddable":true,"href":"https:\/\/www.spengergasse.at\/index.php?rest_route=\/wp\/v2\/pages\/2218"}],"wp:attachment":[{"href":"https:\/\/www.spengergasse.at\/index.php?rest_route=%2Fwp%2Fv2%2Fmedia&parent=6450"}],"curies":[{"name":"wp","href":"https:\/\/api.w.org\/{rel}","templated":true}]}}