{"id":6434,"date":"2023-01-29T16:05:12","date_gmt":"2023-01-29T15:05:12","guid":{"rendered":"https:\/\/www.spengergasse.at\/?page_id=6434"},"modified":"2023-01-29T18:04:41","modified_gmt":"2023-01-29T17:04:41","slug":"zum-abschluss","status":"publish","type":"page","link":"https:\/\/www.spengergasse.at\/?page_id=6434","title":{"rendered":""},"content":{"rendered":"\n<h6 class=\"wp-block-heading\">Zum Abschluss<\/h6>\n\n\n\n<figure class=\"wp-block-image size-large\"><img loading=\"lazy\" decoding=\"async\" width=\"1024\" height=\"683\" src=\"https:\/\/www.spengergasse.at\/wp-content\/uploads\/2023\/01\/shutterstock_277141490-1024x683.png\" alt=\"\" class=\"wp-image-6558\" srcset=\"https:\/\/www.spengergasse.at\/wp-content\/uploads\/2023\/01\/shutterstock_277141490-1024x683.png 1024w, https:\/\/www.spengergasse.at\/wp-content\/uploads\/2023\/01\/shutterstock_277141490-300x200.png 300w, https:\/\/www.spengergasse.at\/wp-content\/uploads\/2023\/01\/shutterstock_277141490-768x512.png 768w, https:\/\/www.spengergasse.at\/wp-content\/uploads\/2023\/01\/shutterstock_277141490-1536x1024.png 1536w, https:\/\/www.spengergasse.at\/wp-content\/uploads\/2023\/01\/shutterstock_277141490-2048x1366.png 2048w, https:\/\/www.spengergasse.at\/wp-content\/uploads\/2023\/01\/shutterstock_277141490-272x182.png 272w\" sizes=\"auto, (max-width: 1024px) 100vw, 1024px\" \/><\/figure>\n\n\n\n<p>Die rasante technologische und wissenschaftliche Entwicklung, speziell des letzten Jahrhunderts, umso mehr der letzten Jahrzehnte, bringt f\u00fcr die technisch-praxisnahe Ausbildung allerorts immense Herausforderungen mit sich, mithalten zu k\u00f6nnen. Gleichzeitig bietet sie uns unendlich viele M\u00f6glichkeiten, unseren so verantwortungsvollen Bildungsauftrag bestm\u00f6glich, im Rahmen unserer Randbedingungen, auch teils in Krisenzeiten, mit gro\u00dfer Begeisterung umzusetzen!<\/p>\n\n\n\n<p>Wir nehmen diese interessanten Herausforderungen als Bereicherung unserer Aktionsm\u00f6glichkeiten wahr und an! Und so m\u00f6chten wir abschlie\u00dfend, mit dem MINT-relevanten, akademischen Hintergrund im Bewusstsein, den rezenten \u00f6sterreichischen Nobelpreistr\u00e4ger Anton Zeilinger zitieren:<\/p>\n\n\n\n<p>&#8222;Ungew\u00f6hnliches zu f\u00f6rdern und ungew\u00f6hnliche und exzellente Leute zu berufen, ist das Rezept f\u00fcr eine erfolgreiche Universit\u00e4tspolitik.&#8220; (Tiroler Tageszeitung, 20.01.2023)<\/p>\n\n\n\n<p>Sinngem\u00e4\u00dfes \u2013 auf die HTL \u00fcbertragen \u2013 m\u00f6chten wir hier auch weiterhin in unserem Haus, zum Wohle Aller, zur Entfaltung bringen!<\/p>\n","protected":false},"excerpt":{"rendered":"<p>Zum Abschluss Die rasante technologische und wissenschaftliche Entwicklung, speziell des letzten Jahrhunderts, umso mehr der letzten Jahrzehnte, bringt f\u00fcr die technisch-praxisnahe Ausbildung allerorts immense Herausforderungen mit sich, mithalten zu k\u00f6nnen. Gleichzeitig bietet sie uns unendlich viele M\u00f6glichkeiten, unseren so verantwortungsvollen Bildungsauftrag bestm\u00f6glich,&#8230;<\/p>\n","protected":false},"author":1,"featured_media":0,"parent":6374,"menu_order":0,"comment_status":"closed","ping_status":"closed","template":"","meta":{"footnotes":""},"class_list":["post-6434","page","type-page","status-publish","hentry"],"_links":{"self":[{"href":"https:\/\/www.spengergasse.at\/index.php?rest_route=\/wp\/v2\/pages\/6434","targetHints":{"allow":["GET"]}}],"collection":[{"href":"https:\/\/www.spengergasse.at\/index.php?rest_route=\/wp\/v2\/pages"}],"about":[{"href":"https:\/\/www.spengergasse.at\/index.php?rest_route=\/wp\/v2\/types\/page"}],"author":[{"embeddable":true,"href":"https:\/\/www.spengergasse.at\/index.php?rest_route=\/wp\/v2\/users\/1"}],"replies":[{"embeddable":true,"href":"https:\/\/www.spengergasse.at\/index.php?rest_route=%2Fwp%2Fv2%2Fcomments&post=6434"}],"version-history":[{"count":5,"href":"https:\/\/www.spengergasse.at\/index.php?rest_route=\/wp\/v2\/pages\/6434\/revisions"}],"predecessor-version":[{"id":7682,"href":"https:\/\/www.spengergasse.at\/index.php?rest_route=\/wp\/v2\/pages\/6434\/revisions\/7682"}],"up":[{"embeddable":true,"href":"https:\/\/www.spengergasse.at\/index.php?rest_route=\/wp\/v2\/pages\/6374"}],"wp:attachment":[{"href":"https:\/\/www.spengergasse.at\/index.php?rest_route=%2Fwp%2Fv2%2Fmedia&parent=6434"}],"curies":[{"name":"wp","href":"https:\/\/api.w.org\/{rel}","templated":true}]}}