{"id":6431,"date":"2023-01-29T16:04:20","date_gmt":"2023-01-29T15:04:20","guid":{"rendered":"https:\/\/www.spengergasse.at\/?page_id=6431"},"modified":"2023-01-29T18:00:00","modified_gmt":"2023-01-29T17:00:00","slug":"oeffentlichkeitsarbeit","status":"publish","type":"page","link":"https:\/\/www.spengergasse.at\/?page_id=6431","title":{"rendered":""},"content":{"rendered":"\n<h6 class=\"wp-block-heading\">\u00d6ffentlichkeitsarbeit<\/h6>\n\n\n\n<figure class=\"wp-block-image size-large\"><img loading=\"lazy\" decoding=\"async\" width=\"1024\" height=\"576\" src=\"https:\/\/www.spengergasse.at\/wp-content\/uploads\/2023\/01\/Zeichenflaeche-1-1024x576.png\" alt=\"\" class=\"wp-image-6554\" srcset=\"https:\/\/www.spengergasse.at\/wp-content\/uploads\/2023\/01\/Zeichenflaeche-1-1024x576.png 1024w, https:\/\/www.spengergasse.at\/wp-content\/uploads\/2023\/01\/Zeichenflaeche-1-300x169.png 300w, https:\/\/www.spengergasse.at\/wp-content\/uploads\/2023\/01\/Zeichenflaeche-1-768x432.png 768w, https:\/\/www.spengergasse.at\/wp-content\/uploads\/2023\/01\/Zeichenflaeche-1.png 1366w\" sizes=\"auto, (max-width: 1024px) 100vw, 1024px\" \/><\/figure>\n\n\n\n<p>An der Spengergasse ist ein eigenes Content-Team in st\u00e4ndiger Aktivit\u00e4t, so manche herausragende Errungenschaften im MINT-Bereich, sowohl der Unterrichtenden als auch Studierenden, der \u00d6ffentlichkeit auf der Website, in Jahrb\u00fcchern, Sonderreports und in Form audiovisueller Medien, nahezubringen. Sehr aufw\u00e4ndig gestaltete Infotage \u2013 j\u00e4hrlich in jeweils November und J\u00e4nner \u2013 an denen vorwiegend Sch\u00fcler:innen der mannigfachen Abteilungen ihre eigenst\u00e4ndig entwickelten Arbeiten, sowie typische Szenarien des Unterrichtsalltags pr\u00e4sentieren, schlagen sich in vielen positiven R\u00fcckmeldungen und hohen Anmeldezahlen nieder! Berichte \u00fcber die Spengergasse finden sich nicht selten in Tageszeitungen, H\u00f6rfunk und Fernsehen, manchmal sogar im internationalen Kontext, etwa einer ZDF-Reportage.<\/p>\n","protected":false},"excerpt":{"rendered":"<p>\u00d6ffentlichkeitsarbeit An der Spengergasse ist ein eigenes Content-Team in st\u00e4ndiger Aktivit\u00e4t, so manche herausragende Errungenschaften im MINT-Bereich, sowohl der Unterrichtenden als auch Studierenden, der \u00d6ffentlichkeit auf der Website, in Jahrb\u00fcchern, Sonderreports und in Form audiovisueller Medien, nahezubringen. Sehr aufw\u00e4ndig gestaltete Infotage \u2013&#8230;<\/p>\n","protected":false},"author":1,"featured_media":0,"parent":6374,"menu_order":0,"comment_status":"closed","ping_status":"closed","template":"","meta":{"footnotes":""},"class_list":["post-6431","page","type-page","status-publish","hentry"],"_links":{"self":[{"href":"https:\/\/www.spengergasse.at\/index.php?rest_route=\/wp\/v2\/pages\/6431","targetHints":{"allow":["GET"]}}],"collection":[{"href":"https:\/\/www.spengergasse.at\/index.php?rest_route=\/wp\/v2\/pages"}],"about":[{"href":"https:\/\/www.spengergasse.at\/index.php?rest_route=\/wp\/v2\/types\/page"}],"author":[{"embeddable":true,"href":"https:\/\/www.spengergasse.at\/index.php?rest_route=\/wp\/v2\/users\/1"}],"replies":[{"embeddable":true,"href":"https:\/\/www.spengergasse.at\/index.php?rest_route=%2Fwp%2Fv2%2Fcomments&post=6431"}],"version-history":[{"count":6,"href":"https:\/\/www.spengergasse.at\/index.php?rest_route=\/wp\/v2\/pages\/6431\/revisions"}],"predecessor-version":[{"id":7681,"href":"https:\/\/www.spengergasse.at\/index.php?rest_route=\/wp\/v2\/pages\/6431\/revisions\/7681"}],"up":[{"embeddable":true,"href":"https:\/\/www.spengergasse.at\/index.php?rest_route=\/wp\/v2\/pages\/6374"}],"wp:attachment":[{"href":"https:\/\/www.spengergasse.at\/index.php?rest_route=%2Fwp%2Fv2%2Fmedia&parent=6431"}],"curies":[{"name":"wp","href":"https:\/\/api.w.org\/{rel}","templated":true}]}}