{"id":6428,"date":"2023-01-29T16:03:47","date_gmt":"2023-01-29T15:03:47","guid":{"rendered":"https:\/\/www.spengergasse.at\/?page_id=6428"},"modified":"2023-01-29T17:49:43","modified_gmt":"2023-01-29T16:49:43","slug":"ein-kurzer-rueckblick","status":"publish","type":"page","link":"https:\/\/www.spengergasse.at\/?page_id=6428","title":{"rendered":""},"content":{"rendered":"\n<h6 class=\"wp-block-heading\">Ein kurzer R\u00fcckblick<\/h6>\n\n\n\n<figure class=\"wp-block-image size-large\"><img loading=\"lazy\" decoding=\"async\" width=\"1024\" height=\"682\" src=\"https:\/\/www.spengergasse.at\/wp-content\/uploads\/2023\/01\/shutterstock_450428677-informatikerinkind-1-1024x682.png\" alt=\"\" class=\"wp-image-6549\" srcset=\"https:\/\/www.spengergasse.at\/wp-content\/uploads\/2023\/01\/shutterstock_450428677-informatikerinkind-1-1024x682.png 1024w, https:\/\/www.spengergasse.at\/wp-content\/uploads\/2023\/01\/shutterstock_450428677-informatikerinkind-1-300x200.png 300w, https:\/\/www.spengergasse.at\/wp-content\/uploads\/2023\/01\/shutterstock_450428677-informatikerinkind-1-768x512.png 768w, https:\/\/www.spengergasse.at\/wp-content\/uploads\/2023\/01\/shutterstock_450428677-informatikerinkind-1-1536x1024.png 1536w, https:\/\/www.spengergasse.at\/wp-content\/uploads\/2023\/01\/shutterstock_450428677-informatikerinkind-1-2048x1365.png 2048w, https:\/\/www.spengergasse.at\/wp-content\/uploads\/2023\/01\/shutterstock_450428677-informatikerinkind-1-272x182.png 272w\" sizes=\"auto, (max-width: 1024px) 100vw, 1024px\" \/><\/figure>\n\n\n\n<p>Die HTL Spengergasse hat schon vor Jahren in vielen Bereichen von KI (= K\u00fcnstliche Intelligenz) und Robotik, die heute als selbstverst\u00e4ndliche Bestandteile des technologischen Standards gelten, Revolution\u00e4res geleistet. Teams von Sch\u00fcler:innen und Lehrer:innen des Hauses haben an zahllosen internationalen Veranstaltungen zur KI teilgenommen, und, zur \u00dcberraschung vieler, so manchen Wettbewerb, sogar gegen Universit\u00e4tsteams gewonnen! Es wurden \u2013 neben Auftritten auf der Ars Electronica in Linz und am Kernforschungszentrum CERN in Genf&nbsp; \u2013 mehrfach Robotersegelweltmeisterschaften und auch eine Hackingweltmeisterschaft f\u00fcr Teams von Sch\u00fcler:innen und Lehrer:innen der Spengergasse entschieden! Gegenw\u00e4rtig werden \u2013 in Fortsetzung dieser spannenden Tradition \u2013 etwa in unserem Innovationslabor zeitgem\u00e4\u00dfe KI- und IoT-Konzepte, im Rahmen weiterer zahlreicher Sch\u00fcler:innen-Projekte, in die Praxis umgesetzt.<\/p>\n","protected":false},"excerpt":{"rendered":"<p>Ein kurzer R\u00fcckblick Die HTL Spengergasse hat schon vor Jahren in vielen Bereichen von KI (= K\u00fcnstliche Intelligenz) und Robotik, die heute als selbstverst\u00e4ndliche Bestandteile des technologischen Standards gelten, Revolution\u00e4res geleistet. Teams von Sch\u00fcler:innen und Lehrer:innen des Hauses haben an zahllosen internationalen&#8230;<\/p>\n","protected":false},"author":1,"featured_media":0,"parent":6374,"menu_order":0,"comment_status":"closed","ping_status":"closed","template":"","meta":{"footnotes":""},"class_list":["post-6428","page","type-page","status-publish","hentry"],"_links":{"self":[{"href":"https:\/\/www.spengergasse.at\/index.php?rest_route=\/wp\/v2\/pages\/6428","targetHints":{"allow":["GET"]}}],"collection":[{"href":"https:\/\/www.spengergasse.at\/index.php?rest_route=\/wp\/v2\/pages"}],"about":[{"href":"https:\/\/www.spengergasse.at\/index.php?rest_route=\/wp\/v2\/types\/page"}],"author":[{"embeddable":true,"href":"https:\/\/www.spengergasse.at\/index.php?rest_route=\/wp\/v2\/users\/1"}],"replies":[{"embeddable":true,"href":"https:\/\/www.spengergasse.at\/index.php?rest_route=%2Fwp%2Fv2%2Fcomments&post=6428"}],"version-history":[{"count":7,"href":"https:\/\/www.spengergasse.at\/index.php?rest_route=\/wp\/v2\/pages\/6428\/revisions"}],"predecessor-version":[{"id":7679,"href":"https:\/\/www.spengergasse.at\/index.php?rest_route=\/wp\/v2\/pages\/6428\/revisions\/7679"}],"up":[{"embeddable":true,"href":"https:\/\/www.spengergasse.at\/index.php?rest_route=\/wp\/v2\/pages\/6374"}],"wp:attachment":[{"href":"https:\/\/www.spengergasse.at\/index.php?rest_route=%2Fwp%2Fv2%2Fmedia&parent=6428"}],"curies":[{"name":"wp","href":"https:\/\/api.w.org\/{rel}","templated":true}]}}