{"id":6421,"date":"2023-01-29T16:02:09","date_gmt":"2023-01-29T15:02:09","guid":{"rendered":"https:\/\/www.spengergasse.at\/?page_id=6421"},"modified":"2023-01-29T17:46:21","modified_gmt":"2023-01-29T16:46:21","slug":"raumkonzept","status":"publish","type":"page","link":"https:\/\/www.spengergasse.at\/?page_id=6421","title":{"rendered":""},"content":{"rendered":"\n<h6 class=\"wp-block-heading\">Raumkonzept<\/h6>\n\n\n\n<figure class=\"wp-block-image size-large\"><img loading=\"lazy\" decoding=\"async\" width=\"1024\" height=\"682\" src=\"https:\/\/www.spengergasse.at\/wp-content\/uploads\/2023\/01\/Kolleg_Interior_01-1024x682.jpg\" alt=\"\" class=\"wp-image-6542\" srcset=\"https:\/\/www.spengergasse.at\/wp-content\/uploads\/2023\/01\/Kolleg_Interior_01-1024x682.jpg 1024w, https:\/\/www.spengergasse.at\/wp-content\/uploads\/2023\/01\/Kolleg_Interior_01-300x200.jpg 300w, https:\/\/www.spengergasse.at\/wp-content\/uploads\/2023\/01\/Kolleg_Interior_01-768x512.jpg 768w, https:\/\/www.spengergasse.at\/wp-content\/uploads\/2023\/01\/Kolleg_Interior_01-1536x1024.jpg 1536w, https:\/\/www.spengergasse.at\/wp-content\/uploads\/2023\/01\/Kolleg_Interior_01-2048x1365.jpg 2048w, https:\/\/www.spengergasse.at\/wp-content\/uploads\/2023\/01\/Kolleg_Interior_01-272x182.jpg 272w\" sizes=\"auto, (max-width: 1024px) 100vw, 1024px\" \/><\/figure>\n\n\n\n<p>Ein vielf\u00e4ltiges Spektrum an R\u00e4umlichkeiten f\u00fcr praktischen Unterricht rundet das Programm, nicht nur, aber besonders der MINT-F\u00f6rderung, ab: Von Computer-, Chemie-, Elektronik-, Pneumatik-, Innovations, Elektronen-Mikroskopie-Labor, \u00fcber Animations- und Tonstudio, Medientechnikverleihstelle, Interiordesign-Materialiensammlung, Textil-, Metall- und Holzwerkst\u00e4tten, bis zu k\u00fcnstlerisch gestalteten Studierendenaufenthaltsbereichen und Bereitstellung zahlreicher Kopier-, Druck- und Scanm\u00f6glichkeiten an logistisch ad\u00e4quat positionierten Standorten, sowie teils erst neu eingerichteten Besprechungsr\u00e4umen, gibt es f\u00fcr Unterrichts- und Pausenbedarf eine F\u00fclle entsprechend ausgestatteter Bereiche, inklusive einer hauseigenen Mensa, mit mobilem Buffet.<\/p>\n","protected":false},"excerpt":{"rendered":"<p>Raumkonzept Ein vielf\u00e4ltiges Spektrum an R\u00e4umlichkeiten f\u00fcr praktischen Unterricht rundet das Programm, nicht nur, aber besonders der MINT-F\u00f6rderung, ab: Von Computer-, Chemie-, Elektronik-, Pneumatik-, Innovations, Elektronen-Mikroskopie-Labor, \u00fcber Animations- und Tonstudio, Medientechnikverleihstelle, Interiordesign-Materialiensammlung, Textil-, Metall- und Holzwerkst\u00e4tten, bis zu k\u00fcnstlerisch gestalteten Studierendenaufenthaltsbereichen und&#8230;<\/p>\n","protected":false},"author":1,"featured_media":0,"parent":6374,"menu_order":0,"comment_status":"closed","ping_status":"closed","template":"","meta":{"footnotes":""},"class_list":["post-6421","page","type-page","status-publish","hentry"],"_links":{"self":[{"href":"https:\/\/www.spengergasse.at\/index.php?rest_route=\/wp\/v2\/pages\/6421","targetHints":{"allow":["GET"]}}],"collection":[{"href":"https:\/\/www.spengergasse.at\/index.php?rest_route=\/wp\/v2\/pages"}],"about":[{"href":"https:\/\/www.spengergasse.at\/index.php?rest_route=\/wp\/v2\/types\/page"}],"author":[{"embeddable":true,"href":"https:\/\/www.spengergasse.at\/index.php?rest_route=\/wp\/v2\/users\/1"}],"replies":[{"embeddable":true,"href":"https:\/\/www.spengergasse.at\/index.php?rest_route=%2Fwp%2Fv2%2Fcomments&post=6421"}],"version-history":[{"count":7,"href":"https:\/\/www.spengergasse.at\/index.php?rest_route=\/wp\/v2\/pages\/6421\/revisions"}],"predecessor-version":[{"id":7678,"href":"https:\/\/www.spengergasse.at\/index.php?rest_route=\/wp\/v2\/pages\/6421\/revisions\/7678"}],"up":[{"embeddable":true,"href":"https:\/\/www.spengergasse.at\/index.php?rest_route=\/wp\/v2\/pages\/6374"}],"wp:attachment":[{"href":"https:\/\/www.spengergasse.at\/index.php?rest_route=%2Fwp%2Fv2%2Fmedia&parent=6421"}],"curies":[{"name":"wp","href":"https:\/\/api.w.org\/{rel}","templated":true}]}}