{"id":6411,"date":"2023-01-29T15:59:45","date_gmt":"2023-01-29T14:59:45","guid":{"rendered":"https:\/\/www.spengergasse.at\/?page_id=6411"},"modified":"2023-01-29T18:02:46","modified_gmt":"2023-01-29T17:02:46","slug":"zeitgemaesse-lehrmittel-elektronische-unterrichtstools","status":"publish","type":"page","link":"https:\/\/www.spengergasse.at\/?page_id=6411","title":{"rendered":""},"content":{"rendered":"\n<h6 class=\"wp-block-heading\">Zeitgem\u00e4\u00dfe Lehrmittel \u2013 elektronische Unterrichtstools<\/h6>\n\n\n\n<figure class=\"wp-block-image size-large\"><img loading=\"lazy\" decoding=\"async\" width=\"1024\" height=\"682\" src=\"https:\/\/www.spengergasse.at\/wp-content\/uploads\/2023\/01\/HL_Informatik1-1024x682.jpg\" alt=\"\" class=\"wp-image-6556\" srcset=\"https:\/\/www.spengergasse.at\/wp-content\/uploads\/2023\/01\/HL_Informatik1-1024x682.jpg 1024w, https:\/\/www.spengergasse.at\/wp-content\/uploads\/2023\/01\/HL_Informatik1-300x200.jpg 300w, https:\/\/www.spengergasse.at\/wp-content\/uploads\/2023\/01\/HL_Informatik1-768x512.jpg 768w, https:\/\/www.spengergasse.at\/wp-content\/uploads\/2023\/01\/HL_Informatik1-1536x1024.jpg 1536w, https:\/\/www.spengergasse.at\/wp-content\/uploads\/2023\/01\/HL_Informatik1-2048x1365.jpg 2048w, https:\/\/www.spengergasse.at\/wp-content\/uploads\/2023\/01\/HL_Informatik1-272x182.jpg 272w\" sizes=\"auto, (max-width: 1024px) 100vw, 1024px\" \/><\/figure>\n\n\n\n<p>Das Bereitstellen von oftmals im Haus verfassten, umfangreichen Unterlagensammlungen, Lehrmedien und speziellen Webseiten, vor allem zu den MINT-F\u00e4chern, hat eine lange Tradition an der Spengergasse und erm\u00f6glichte etwa auch, durch beispiellosen Einsatz unseres Zentralen Informatik Dienstes, in der Pandemie, ein nahezu nahtloses \u00dcbergehen vom Pr\u00e4senz- in den Fernunterricht. Aber auch nach Corona sch\u00e4tzen Studierende sehr, etwa im Krankheitsfall auf elektronischen Plattformen, sorgf\u00e4ltig aufbereitete Inhalte zum aktuell durchgenommenen Stoff, chronologisch geordnet, vorzufinden.<\/p>\n\n\n\n<p>Lehrer:innen der Spengergasse agieren \u00fcberdies vielfach auch als Schulbuchautoren, besonders im MINT-Bereich, beziehungsweise haben oftmals wissenschaftliche Publikations- und Pr\u00e4sentationserfahrung im internationalen Kontext, was Teamkompetenz und -authentizit\u00e4t noch erheblich steigert!<\/p>\n\n\n\n<p>Im st\u00e4ndigen Einsatz befinden sich diverse \u2013 zu einem guten Teil im Haus administrierte, mehr dazu weiter unten \u2013 elektronische Schulverwaltungstools, Online-Unterrichtsprogramme wie Teams und Moodle, sowie eine umfassende Sammlung kommerzieller Spezialsoftware, aber auch von Lehrenden selbst programmierte Software f\u00fcr den ma\u00dfgeschneiderten Unterrichtsgebrauch, wie im Folgenden detailliert.<\/p>\n","protected":false},"excerpt":{"rendered":"<p>Zeitgem\u00e4\u00dfe Lehrmittel \u2013 elektronische Unterrichtstools Das Bereitstellen von oftmals im Haus verfassten, umfangreichen Unterlagensammlungen, Lehrmedien und speziellen Webseiten, vor allem zu den MINT-F\u00e4chern, hat eine lange Tradition an der Spengergasse und erm\u00f6glichte etwa auch, durch beispiellosen Einsatz unseres Zentralen Informatik Dienstes, in&#8230;<\/p>\n","protected":false},"author":1,"featured_media":0,"parent":6374,"menu_order":0,"comment_status":"closed","ping_status":"closed","template":"","meta":{"footnotes":""},"class_list":["post-6411","page","type-page","status-publish","hentry"],"_links":{"self":[{"href":"https:\/\/www.spengergasse.at\/index.php?rest_route=\/wp\/v2\/pages\/6411","targetHints":{"allow":["GET"]}}],"collection":[{"href":"https:\/\/www.spengergasse.at\/index.php?rest_route=\/wp\/v2\/pages"}],"about":[{"href":"https:\/\/www.spengergasse.at\/index.php?rest_route=\/wp\/v2\/types\/page"}],"author":[{"embeddable":true,"href":"https:\/\/www.spengergasse.at\/index.php?rest_route=\/wp\/v2\/users\/1"}],"replies":[{"embeddable":true,"href":"https:\/\/www.spengergasse.at\/index.php?rest_route=%2Fwp%2Fv2%2Fcomments&post=6411"}],"version-history":[{"count":6,"href":"https:\/\/www.spengergasse.at\/index.php?rest_route=\/wp\/v2\/pages\/6411\/revisions"}],"predecessor-version":[{"id":7674,"href":"https:\/\/www.spengergasse.at\/index.php?rest_route=\/wp\/v2\/pages\/6411\/revisions\/7674"}],"up":[{"embeddable":true,"href":"https:\/\/www.spengergasse.at\/index.php?rest_route=\/wp\/v2\/pages\/6374"}],"wp:attachment":[{"href":"https:\/\/www.spengergasse.at\/index.php?rest_route=%2Fwp%2Fv2%2Fmedia&parent=6411"}],"curies":[{"name":"wp","href":"https:\/\/api.w.org\/{rel}","templated":true}]}}