{"id":6408,"date":"2023-01-29T15:59:01","date_gmt":"2023-01-29T14:59:01","guid":{"rendered":"https:\/\/www.spengergasse.at\/?page_id=6408"},"modified":"2023-01-29T17:37:26","modified_gmt":"2023-01-29T16:37:26","slug":"gender-diversity-und-frauenfoerderung-im-mint-kontext-team-kompetenz","status":"publish","type":"page","link":"https:\/\/www.spengergasse.at\/?page_id=6408","title":{"rendered":""},"content":{"rendered":"\n<h6 class=\"wp-block-heading\">Gender, Diversity und Frauenf\u00f6rderung im MINT-Kontext \u2013 Team-Kompetenz<\/h6>\n\n\n\n<figure class=\"wp-block-image size-large\"><img loading=\"lazy\" decoding=\"async\" width=\"1024\" height=\"683\" src=\"https:\/\/www.spengergasse.at\/wp-content\/uploads\/2023\/01\/shutterstock_565802284-1024x683.jpg\" alt=\"\" class=\"wp-image-6527\" srcset=\"https:\/\/www.spengergasse.at\/wp-content\/uploads\/2023\/01\/shutterstock_565802284-1024x683.jpg 1024w, https:\/\/www.spengergasse.at\/wp-content\/uploads\/2023\/01\/shutterstock_565802284-300x200.jpg 300w, https:\/\/www.spengergasse.at\/wp-content\/uploads\/2023\/01\/shutterstock_565802284-768x513.jpg 768w, https:\/\/www.spengergasse.at\/wp-content\/uploads\/2023\/01\/shutterstock_565802284-1536x1025.jpg 1536w, https:\/\/www.spengergasse.at\/wp-content\/uploads\/2023\/01\/shutterstock_565802284-2048x1367.jpg 2048w, https:\/\/www.spengergasse.at\/wp-content\/uploads\/2023\/01\/shutterstock_565802284-272x182.jpg 272w\" sizes=\"auto, (max-width: 1024px) 100vw, 1024px\" \/><\/figure>\n\n\n\n<p>Das Thema &#8218;Gender and Diversity&#8216; wird an der Spengergasse von einem eigenen Team betreut und speziell f\u00fcr die F\u00f6rderung von Frauen in der Technik wird eine Menge unternommen. Das beginnt damit, dass im Rahmen von projektorientiertem Unterricht \u2013 neben lehrplanm\u00e4\u00dfigem Frontalunterricht \u2013 der Kreativit\u00e4t von Sch\u00fcler:innenteams freier Lauf gelassen wird, zumal es, gem\u00e4\u00df Vorgaben des bmbwf, ausdr\u00fccklich gew\u00fcnscht wird, dass Leistungsbeurteilung kompetenzorientiert und ausgewogen in Hinblick auf schriftliche Tests und Schularbeiten versus Mitarbeit der Studierenden zu erfolgen hat.<\/p>\n\n\n\n<p>Auf diese Weise entstehen oft Teamarbeiten, die sich sehen lassen k\u00f6nnen! Etwa brilliert ein Innenarchitektursch\u00fclerinnen-Team mit einer absolut professionellen Pr\u00e4sentation zur Bionik, oder liefern haupts\u00e4chlich weiblich besetzte Teams des Animationszweiges unglaubliche Einsichten in das Verhalten schwarzer L\u00f6cher im Rahmen von Referaten im Physikunterricht, und vieles andere mehr!<\/p>\n\n\n\n<p>Die Abteilungen H\u00f6here Informatik und Betriebsinformatik organisieren \u00fcberdies j\u00e4hrlich Vernetzungsexkursionen f\u00fcr Sch\u00fclerinnen zu universit\u00e4ren Standorten in \u00d6sterreich, Stichworte &#8218;Role Models der Informatik&#8216;, &#8218;Wiener T\u00f6chtertag&#8216;. Als Anlaufstelle f\u00fcr Fragen zur Technikausbildung, speziell f\u00fcr weibliche Sch\u00fclerinnen und Studierende, stehen zus\u00e4tzlich eigens beauftragte Kolleginnen zur Verf\u00fcgung.<\/p>\n","protected":false},"excerpt":{"rendered":"<p>Gender, Diversity und Frauenf\u00f6rderung im MINT-Kontext \u2013 Team-Kompetenz Das Thema &#8218;Gender and Diversity&#8216; wird an der Spengergasse von einem eigenen Team betreut und speziell f\u00fcr die F\u00f6rderung von Frauen in der Technik wird eine Menge unternommen. Das beginnt damit, dass im Rahmen&#8230;<\/p>\n","protected":false},"author":1,"featured_media":0,"parent":6374,"menu_order":0,"comment_status":"closed","ping_status":"closed","template":"","meta":{"footnotes":""},"class_list":["post-6408","page","type-page","status-publish","hentry"],"_links":{"self":[{"href":"https:\/\/www.spengergasse.at\/index.php?rest_route=\/wp\/v2\/pages\/6408","targetHints":{"allow":["GET"]}}],"collection":[{"href":"https:\/\/www.spengergasse.at\/index.php?rest_route=\/wp\/v2\/pages"}],"about":[{"href":"https:\/\/www.spengergasse.at\/index.php?rest_route=\/wp\/v2\/types\/page"}],"author":[{"embeddable":true,"href":"https:\/\/www.spengergasse.at\/index.php?rest_route=\/wp\/v2\/users\/1"}],"replies":[{"embeddable":true,"href":"https:\/\/www.spengergasse.at\/index.php?rest_route=%2Fwp%2Fv2%2Fcomments&post=6408"}],"version-history":[{"count":6,"href":"https:\/\/www.spengergasse.at\/index.php?rest_route=\/wp\/v2\/pages\/6408\/revisions"}],"predecessor-version":[{"id":7675,"href":"https:\/\/www.spengergasse.at\/index.php?rest_route=\/wp\/v2\/pages\/6408\/revisions\/7675"}],"up":[{"embeddable":true,"href":"https:\/\/www.spengergasse.at\/index.php?rest_route=\/wp\/v2\/pages\/6374"}],"wp:attachment":[{"href":"https:\/\/www.spengergasse.at\/index.php?rest_route=%2Fwp%2Fv2%2Fmedia&parent=6408"}],"curies":[{"name":"wp","href":"https:\/\/api.w.org\/{rel}","templated":true}]}}