{"id":6405,"date":"2023-01-29T15:58:19","date_gmt":"2023-01-29T14:58:19","guid":{"rendered":"https:\/\/www.spengergasse.at\/?page_id=6405"},"modified":"2023-01-29T17:36:19","modified_gmt":"2023-01-29T16:36:19","slug":"konkrete-mint-foerdermassnahmen","status":"publish","type":"page","link":"https:\/\/www.spengergasse.at\/?page_id=6405","title":{"rendered":""},"content":{"rendered":"\n<h6 class=\"wp-block-heading\">Konkrete MINT-F\u00f6rderma\u00dfnahmen<\/h6>\n\n\n\n<figure class=\"wp-block-image size-large\"><img loading=\"lazy\" decoding=\"async\" width=\"1024\" height=\"682\" src=\"https:\/\/www.spengergasse.at\/wp-content\/uploads\/2023\/01\/Interior2-1024x682.jpg\" alt=\"\" class=\"wp-image-6524\" srcset=\"https:\/\/www.spengergasse.at\/wp-content\/uploads\/2023\/01\/Interior2-1024x682.jpg 1024w, https:\/\/www.spengergasse.at\/wp-content\/uploads\/2023\/01\/Interior2-300x200.jpg 300w, https:\/\/www.spengergasse.at\/wp-content\/uploads\/2023\/01\/Interior2-768x512.jpg 768w, https:\/\/www.spengergasse.at\/wp-content\/uploads\/2023\/01\/Interior2-1536x1023.jpg 1536w, https:\/\/www.spengergasse.at\/wp-content\/uploads\/2023\/01\/Interior2-272x182.jpg 272w, https:\/\/www.spengergasse.at\/wp-content\/uploads\/2023\/01\/Interior2.jpg 1698w\" sizes=\"auto, (max-width: 1024px) 100vw, 1024px\" \/><\/figure>\n\n\n\n<p>Neben planm\u00e4\u00dfiger Unterrichtst\u00e4tigkeit wird \u2013 in Fortf\u00fchrung vorangehender Gedanken \u2013 vom Lehrk\u00f6rper fl\u00e4chendeckend eine F\u00fclle ehrenamtlicher Initiativen umgesetzt, um speziell die F\u00f6rderung im MINT-Bereich bestm\u00f6glich zu unterst\u00fctzen. Eine Vielzahl von Teilnahmen an Wettbewerben, Kampagnen, Events in Wirtschaft, Forschung und Technik, wird noch zus\u00e4tzlich von einer eigens eingerichteten MINT-Initiative begleitet.<\/p>\n\n\n\n<p>Die Schulleitung ermutigt \u00fcberdies seit Jahren mit Erfolg die Abhaltung von MINT-spezifischen Freif\u00e4chern, mit besonderem Fokus auf der Hochbegabtenf\u00f6rderung. In den vergangenen Jahren sind auf diese Weise mitunter rollenuntypische Highlights zu Tage getreten, wie, etwa exemplarisch erw\u00e4hnt, dass weibliche Studierende der Abteilung Interior- und Surfacedesign in der unverbindlichen \u00dcbung FMINT bei fortgeschrittenen Themen der mathematischen Physik auf Universit\u00e4tsniveau, besonders brillierten!<\/p>\n\n\n\n<p>Gleichzeitig sollen Sch\u00fcler:innen mit Lernproblemen durch vielf\u00e4ltige F\u00f6rderkonzepte \u2013 im Bedarfsfall \u2013 tatkr\u00e4ftig unterst\u00fctzt werden k\u00f6nnen. So gibt es flexibel einsetzbare Lernwerkst\u00e4tten, F\u00f6rderkurse, Maturavorbereitungsstunden, die sogenannte \u00dcbergangsstufe, Fragestunden im regul\u00e4ren Unterricht, etc., ebenso werden Elternkontakte durch umfassendes Feedback, sowie bedarfsgerecht organisierte Elternabende, gepflegt. Im Falle pers\u00f6nlicher, speziell famili\u00e4rer, Probleme, gibt es ein umfassendes Konzept von diversen schulpsychologischen Anlaufstellen, die in engem Austausch mit dem Lehrer:innenteam stehen.<\/p>\n","protected":false},"excerpt":{"rendered":"<p>Konkrete MINT-F\u00f6rderma\u00dfnahmen Neben planm\u00e4\u00dfiger Unterrichtst\u00e4tigkeit wird \u2013 in Fortf\u00fchrung vorangehender Gedanken \u2013 vom Lehrk\u00f6rper fl\u00e4chendeckend eine F\u00fclle ehrenamtlicher Initiativen umgesetzt, um speziell die F\u00f6rderung im MINT-Bereich bestm\u00f6glich zu unterst\u00fctzen. Eine Vielzahl von Teilnahmen an Wettbewerben, Kampagnen, Events in Wirtschaft, Forschung und Technik,&#8230;<\/p>\n","protected":false},"author":1,"featured_media":0,"parent":6374,"menu_order":0,"comment_status":"closed","ping_status":"closed","template":"","meta":{"footnotes":""},"class_list":["post-6405","page","type-page","status-publish","hentry"],"_links":{"self":[{"href":"https:\/\/www.spengergasse.at\/index.php?rest_route=\/wp\/v2\/pages\/6405","targetHints":{"allow":["GET"]}}],"collection":[{"href":"https:\/\/www.spengergasse.at\/index.php?rest_route=\/wp\/v2\/pages"}],"about":[{"href":"https:\/\/www.spengergasse.at\/index.php?rest_route=\/wp\/v2\/types\/page"}],"author":[{"embeddable":true,"href":"https:\/\/www.spengergasse.at\/index.php?rest_route=\/wp\/v2\/users\/1"}],"replies":[{"embeddable":true,"href":"https:\/\/www.spengergasse.at\/index.php?rest_route=%2Fwp%2Fv2%2Fcomments&post=6405"}],"version-history":[{"count":6,"href":"https:\/\/www.spengergasse.at\/index.php?rest_route=\/wp\/v2\/pages\/6405\/revisions"}],"predecessor-version":[{"id":7673,"href":"https:\/\/www.spengergasse.at\/index.php?rest_route=\/wp\/v2\/pages\/6405\/revisions\/7673"}],"up":[{"embeddable":true,"href":"https:\/\/www.spengergasse.at\/index.php?rest_route=\/wp\/v2\/pages\/6374"}],"wp:attachment":[{"href":"https:\/\/www.spengergasse.at\/index.php?rest_route=%2Fwp%2Fv2%2Fmedia&parent=6405"}],"curies":[{"name":"wp","href":"https:\/\/api.w.org\/{rel}","templated":true}]}}