{"id":6398,"date":"2023-01-29T15:55:53","date_gmt":"2023-01-29T14:55:53","guid":{"rendered":"https:\/\/www.spengergasse.at\/?page_id=6398"},"modified":"2023-01-29T17:31:21","modified_gmt":"2023-01-29T16:31:21","slug":"lehrenden-fortbildung","status":"publish","type":"page","link":"https:\/\/www.spengergasse.at\/?page_id=6398","title":{"rendered":""},"content":{"rendered":"\n<h6 class=\"wp-block-heading\">Lehrenden-Fortbildung<\/h6>\n\n\n\n<figure class=\"wp-block-image size-large\"><img loading=\"lazy\" decoding=\"async\" width=\"1024\" height=\"681\" src=\"https:\/\/www.spengergasse.at\/wp-content\/uploads\/2023\/01\/shutterstock_1033775488_white-1024x681.jpg\" alt=\"\" class=\"wp-image-6518\" srcset=\"https:\/\/www.spengergasse.at\/wp-content\/uploads\/2023\/01\/shutterstock_1033775488_white-1024x681.jpg 1024w, https:\/\/www.spengergasse.at\/wp-content\/uploads\/2023\/01\/shutterstock_1033775488_white-300x200.jpg 300w, https:\/\/www.spengergasse.at\/wp-content\/uploads\/2023\/01\/shutterstock_1033775488_white-768x511.jpg 768w, https:\/\/www.spengergasse.at\/wp-content\/uploads\/2023\/01\/shutterstock_1033775488_white-1536x1022.jpg 1536w, https:\/\/www.spengergasse.at\/wp-content\/uploads\/2023\/01\/shutterstock_1033775488_white-2048x1362.jpg 2048w, https:\/\/www.spengergasse.at\/wp-content\/uploads\/2023\/01\/shutterstock_1033775488_white-272x182.jpg 272w\" sizes=\"auto, (max-width: 1024px) 100vw, 1024px\" \/><\/figure>\n\n\n\n<p>Die solcherma\u00dfen \u2013 im Sinne einer &#8218;Sustainable Recruiting Policy&#8216; \u2013 bestellten, mit gro\u00dfer Leidenschaft f\u00fcr Ihre F\u00e4cher agierenden Mitarbeiter, betrachten konstante Weiterbildung nicht als eine Pflicht\u00fcbung, sondern haben von sich aus das Bed\u00fcrfnis, \u00fcber die t\u00e4glich hereinkommenden, faszinierenden Neuigkeiten aus Forschung und Technik, mehr zu erfahren, um das neu erlangte Wissen zeitnah an ihre Studierenden \u2013 sorgf\u00e4ltig und kreativ aufbereitet \u2013 weiterzugeben, indem jenes an ad\u00e4quater Stelle, lehrplankonform in den Unterricht einflie\u00dft. Der Funke der Begeisterung der Lehrkraft m\u00f6ge solcherma\u00dfen auf die Studierenden \u00fcberspringen!<\/p>\n\n\n\n<p>Neben der eigenst\u00e4ndigen Weiterbildung in Pr\u00e4senz- und Onlineseminaren (rezent etwa zu high tech Mathematiksoftware oder Quantum Computing), sowie der frequenten Wahrnehmung von Kursen p\u00e4dagogischer Hochschulen (PHs), werden hausintern regelm\u00e4\u00dfig sogenannte SCHILF-Seminare veranstaltet (SCHILF = Schulinterne Lehrer-Fortbildung), die ebenso unter der Schirmherrschaft von PHs verwaltet werden. Von Optimierungstheorie f\u00fcr Programmierer, \u00fcber die Verwendung der international als Standard im MINT-Bereich angesehenen, technisch-wissenschaftlichen Textverarbeitung LaTeX, bis hin zu einem umfassenden Kursprogramm zu Mediendesign, sei es Software f\u00fcr digitale Film-Effekte, Sound-Production, oder schlicht grafisches Brosch\u00fcrendesign: J\u00e4hrlich bilden sich die Mitglieder des Leherer:innenteams der Spengergasse auf vielf\u00e4ltige Weise weiter, um den Anspr\u00fcchen einer sich st\u00e4ndig wandelnden technologischen Au\u00dfenwelt, gerecht werden zu k\u00f6nnen.<\/p>\n","protected":false},"excerpt":{"rendered":"<p>Lehrenden-Fortbildung Die solcherma\u00dfen \u2013 im Sinne einer &#8218;Sustainable Recruiting Policy&#8216; \u2013 bestellten, mit gro\u00dfer Leidenschaft f\u00fcr Ihre F\u00e4cher agierenden Mitarbeiter, betrachten konstante Weiterbildung nicht als eine Pflicht\u00fcbung, sondern haben von sich aus das Bed\u00fcrfnis, \u00fcber die t\u00e4glich hereinkommenden, faszinierenden Neuigkeiten aus Forschung&#8230;<\/p>\n","protected":false},"author":1,"featured_media":0,"parent":6374,"menu_order":0,"comment_status":"closed","ping_status":"closed","template":"","meta":{"footnotes":""},"class_list":["post-6398","page","type-page","status-publish","hentry"],"_links":{"self":[{"href":"https:\/\/www.spengergasse.at\/index.php?rest_route=\/wp\/v2\/pages\/6398","targetHints":{"allow":["GET"]}}],"collection":[{"href":"https:\/\/www.spengergasse.at\/index.php?rest_route=\/wp\/v2\/pages"}],"about":[{"href":"https:\/\/www.spengergasse.at\/index.php?rest_route=\/wp\/v2\/types\/page"}],"author":[{"embeddable":true,"href":"https:\/\/www.spengergasse.at\/index.php?rest_route=\/wp\/v2\/users\/1"}],"replies":[{"embeddable":true,"href":"https:\/\/www.spengergasse.at\/index.php?rest_route=%2Fwp%2Fv2%2Fcomments&post=6398"}],"version-history":[{"count":7,"href":"https:\/\/www.spengergasse.at\/index.php?rest_route=\/wp\/v2\/pages\/6398\/revisions"}],"predecessor-version":[{"id":7670,"href":"https:\/\/www.spengergasse.at\/index.php?rest_route=\/wp\/v2\/pages\/6398\/revisions\/7670"}],"up":[{"embeddable":true,"href":"https:\/\/www.spengergasse.at\/index.php?rest_route=\/wp\/v2\/pages\/6374"}],"wp:attachment":[{"href":"https:\/\/www.spengergasse.at\/index.php?rest_route=%2Fwp%2Fv2%2Fmedia&parent=6398"}],"curies":[{"name":"wp","href":"https:\/\/api.w.org\/{rel}","templated":true}]}}