{"id":6153,"date":"2022-11-07T13:25:16","date_gmt":"2022-11-07T12:25:16","guid":{"rendered":"https:\/\/www.spengergasse.at\/?page_id=6153"},"modified":"2025-10-23T14:05:44","modified_gmt":"2025-10-23T12:05:44","slug":"anmeldung-2024-2025-ausbildung-ab-17","status":"publish","type":"page","link":"https:\/\/www.spengergasse.at\/?page_id=6153","title":{"rendered":"Anmeldung 2025\/2026 &#8211; Ausbildung ab 17"},"content":{"rendered":"\n<p>Sie befinden sich auf der Anmeldeseite f\u00fcr die <strong>Ausbildung ab 17<\/strong>, falls Sie sich f\u00fcr die Ausbildung ab 14 anmelden m\u00f6chten, klicken Sie bitte hier: <\/p>\n\n\n<div id=\"pl-gb6153-69d1e9c49c569\"  class=\"panel-layout wp-block-siteorigin-panels-layout-block\" ><div id=\"pg-gb6153-69d1e9c49c569-0\"  class=\"panel-grid panel-no-style\" ><div id=\"pgc-gb6153-69d1e9c49c569-0-0\"  class=\"panel-grid-cell panel-grid-cell-empty\" ><\/div><div id=\"pgc-gb6153-69d1e9c49c569-0-1\"  class=\"panel-grid-cell\" ><div id=\"panel-gb6153-69d1e9c49c569-0-1-0\" class=\"so-panel widget widget_sow-button panel-first-child panel-last-child widgetopts-SO\" data-index=\"0\" ><div\n\t\t\t\n\t\t\tclass=\"so-widget-sow-button so-widget-sow-button-flat-7a4d4247b8df-6153\"\n\t\t\t\n\t\t><div class=\"ow-button-base ow-button-align-center\"\n>\n\t\t\t<a\n\t\t\t\t\thref=\"https:\/\/www.spengergasse.at\/?page_id=6151\"\n\t\t\t\t\tclass=\"sowb-button ow-icon-placement-left\" \t>\n\t\t<span>\n\t\t\t\n\t\t\tAusbildung ab 14\t\t<\/span>\n\t\t\t<\/a>\n\t<\/div>\n<\/div><\/div><\/div><\/div><\/div>\n\n\n<br><iframe loading=\"lazy\" src=\"https:\/\/spengergasse.htl-anmeldung.at\/Sonderform\" style=\"border:none;\" width=\"100%\" height=\"700px\">\n<\/iframe>\n","protected":false},"excerpt":{"rendered":"<p>Sie befinden sich auf der Anmeldeseite f\u00fcr die Ausbildung ab 17, falls Sie sich f\u00fcr die Ausbildung ab 14 anmelden m\u00f6chten, klicken Sie bitte hier:<\/p>\n","protected":false},"author":1,"featured_media":0,"parent":0,"menu_order":0,"comment_status":"closed","ping_status":"closed","template":"","meta":{"footnotes":""},"class_list":["post-6153","page","type-page","status-publish","hentry"],"_links":{"self":[{"href":"https:\/\/www.spengergasse.at\/index.php?rest_route=\/wp\/v2\/pages\/6153","targetHints":{"allow":["GET"]}}],"collection":[{"href":"https:\/\/www.spengergasse.at\/index.php?rest_route=\/wp\/v2\/pages"}],"about":[{"href":"https:\/\/www.spengergasse.at\/index.php?rest_route=\/wp\/v2\/types\/page"}],"author":[{"embeddable":true,"href":"https:\/\/www.spengergasse.at\/index.php?rest_route=\/wp\/v2\/users\/1"}],"replies":[{"embeddable":true,"href":"https:\/\/www.spengergasse.at\/index.php?rest_route=%2Fwp%2Fv2%2Fcomments&post=6153"}],"version-history":[{"count":9,"href":"https:\/\/www.spengergasse.at\/index.php?rest_route=\/wp\/v2\/pages\/6153\/revisions"}],"predecessor-version":[{"id":9585,"href":"https:\/\/www.spengergasse.at\/index.php?rest_route=\/wp\/v2\/pages\/6153\/revisions\/9585"}],"wp:attachment":[{"href":"https:\/\/www.spengergasse.at\/index.php?rest_route=%2Fwp%2Fv2%2Fmedia&parent=6153"}],"curies":[{"name":"wp","href":"https:\/\/api.w.org\/{rel}","templated":true}]}}