{"id":6151,"date":"2022-11-07T13:24:44","date_gmt":"2022-11-07T12:24:44","guid":{"rendered":"https:\/\/www.spengergasse.at\/?page_id=6151"},"modified":"2025-10-23T14:04:37","modified_gmt":"2025-10-23T12:04:37","slug":"anmeldung-2024-2025-ausbildung-ab-14","status":"publish","type":"page","link":"https:\/\/www.spengergasse.at\/?page_id=6151","title":{"rendered":"Anmeldung 2025\/2026 &#8211; Ausbildung ab 14"},"content":{"rendered":"\n<p>Sie befinden sich auf der Anmeldeseite f\u00fcr die <strong>Ausbildung ab 14<\/strong>, falls Sie sich f\u00fcr die Ausbildung ab 17 anmelden m\u00f6chten, klicken Sie bitte hier: <\/p>\n\n\n<div id=\"pl-gb6151-69d1ea222420d\"  class=\"panel-layout wp-block-siteorigin-panels-layout-block\" ><div id=\"pg-gb6151-69d1ea222420d-0\"  class=\"panel-grid panel-no-style\" ><div id=\"pgc-gb6151-69d1ea222420d-0-0\"  class=\"panel-grid-cell panel-grid-cell-empty\" ><\/div><div id=\"pgc-gb6151-69d1ea222420d-0-1\"  class=\"panel-grid-cell\" ><div id=\"panel-gb6151-69d1ea222420d-0-1-0\" class=\"so-panel widget widget_sow-button panel-first-child panel-last-child widgetopts-SO\" data-index=\"0\" ><div\n\t\t\t\n\t\t\tclass=\"so-widget-sow-button so-widget-sow-button-flat-7a4d4247b8df-6151\"\n\t\t\t\n\t\t><div class=\"ow-button-base ow-button-align-center\"\n>\n\t\t\t<a\n\t\t\t\t\thref=\"https:\/\/www.spengergasse.at\/?page_id=6153\"\n\t\t\t\t\tclass=\"sowb-button ow-icon-placement-left\" \t>\n\t\t<span>\n\t\t\t\n\t\t\tAusbildung ab 17\t\t<\/span>\n\t\t\t<\/a>\n\t<\/div>\n<\/div><\/div><\/div><\/div><\/div>\n\n\n<br><iframe loading=\"lazy\" src=\"https:\/\/spengergasse.htl-anmeldung.at\/Standardform\" style=\"border:none;\" width=\"100%\" height=\"700px\">\n<\/iframe>\n","protected":false},"excerpt":{"rendered":"<p>Sie befinden sich auf der Anmeldeseite f\u00fcr die Ausbildung ab 14, falls Sie sich f\u00fcr die Ausbildung ab 17 anmelden m\u00f6chten, klicken Sie bitte hier:<\/p>\n","protected":false},"author":1,"featured_media":0,"parent":0,"menu_order":0,"comment_status":"closed","ping_status":"closed","template":"","meta":{"footnotes":""},"class_list":["post-6151","page","type-page","status-publish","hentry"],"_links":{"self":[{"href":"https:\/\/www.spengergasse.at\/index.php?rest_route=\/wp\/v2\/pages\/6151","targetHints":{"allow":["GET"]}}],"collection":[{"href":"https:\/\/www.spengergasse.at\/index.php?rest_route=\/wp\/v2\/pages"}],"about":[{"href":"https:\/\/www.spengergasse.at\/index.php?rest_route=\/wp\/v2\/types\/page"}],"author":[{"embeddable":true,"href":"https:\/\/www.spengergasse.at\/index.php?rest_route=\/wp\/v2\/users\/1"}],"replies":[{"embeddable":true,"href":"https:\/\/www.spengergasse.at\/index.php?rest_route=%2Fwp%2Fv2%2Fcomments&post=6151"}],"version-history":[{"count":7,"href":"https:\/\/www.spengergasse.at\/index.php?rest_route=\/wp\/v2\/pages\/6151\/revisions"}],"predecessor-version":[{"id":9583,"href":"https:\/\/www.spengergasse.at\/index.php?rest_route=\/wp\/v2\/pages\/6151\/revisions\/9583"}],"wp:attachment":[{"href":"https:\/\/www.spengergasse.at\/index.php?rest_route=%2Fwp%2Fv2%2Fmedia&parent=6151"}],"curies":[{"name":"wp","href":"https:\/\/api.w.org\/{rel}","templated":true}]}}