{"id":6136,"date":"2022-11-07T12:37:55","date_gmt":"2022-11-07T11:37:55","guid":{"rendered":"https:\/\/www.spengergasse.at\/?page_id=6136"},"modified":"2025-10-23T14:05:10","modified_gmt":"2025-10-23T12:05:10","slug":"anmeldungen-2024-2025","status":"publish","type":"page","link":"https:\/\/www.spengergasse.at\/?page_id=6136","title":{"rendered":"Anmeldungen 2025\/2026"},"content":{"rendered":"\n<p>Bitte w\u00e4hlen Sie hier aus f\u00fcr welche Ausbildung Sie sich bei uns anmelden m\u00f6chten:<\/p>\n\n\n<div id=\"pl-gb6136-69d393d726663\"  class=\"panel-layout wp-block-siteorigin-panels-layout-block\" ><div id=\"pg-gb6136-69d393d726663-0\"  class=\"panel-grid panel-no-style\" ><div id=\"pgc-gb6136-69d393d726663-0-0\"  class=\"panel-grid-cell\" ><div id=\"panel-gb6136-69d393d726663-0-0-0\" class=\"so-panel widget widget_sow-button panel-first-child panel-last-child widgetopts-SO\" data-index=\"0\" ><div\n\t\t\t\n\t\t\tclass=\"so-widget-sow-button so-widget-sow-button-flat-7a4d4247b8df-6136\"\n\t\t\t\n\t\t><div class=\"ow-button-base ow-button-align-center\"\n>\n\t\t\t<a\n\t\t\t\t\thref=\"https:\/\/www.spengergasse.at\/?page_id=6151\"\n\t\t\t\t\tclass=\"sowb-button ow-icon-placement-left\" \t>\n\t\t<span>\n\t\t\t\n\t\t\tAusbildung ab 14\t\t<\/span>\n\t\t\t<\/a>\n\t<\/div>\n<\/div><\/div><\/div><div id=\"pgc-gb6136-69d393d726663-0-1\"  class=\"panel-grid-cell\" ><div id=\"panel-gb6136-69d393d726663-0-1-0\" class=\"so-panel widget widget_sow-button panel-first-child panel-last-child widgetopts-SO\" data-index=\"1\" ><div\n\t\t\t\n\t\t\tclass=\"so-widget-sow-button so-widget-sow-button-flat-7a4d4247b8df-6136\"\n\t\t\t\n\t\t><div class=\"ow-button-base ow-button-align-center\"\n>\n\t\t\t<a\n\t\t\t\t\thref=\"https:\/\/www.spengergasse.at\/?page_id=6153\"\n\t\t\t\t\tclass=\"sowb-button ow-icon-placement-left\" \t>\n\t\t<span>\n\t\t\t\n\t\t\tAusbildung ab 17\t\t<\/span>\n\t\t\t<\/a>\n\t<\/div>\n<\/div><\/div><\/div><\/div><\/div>\n\n\n<br><br><br><br><br><br><br><br><br><br><br><br><br><br><br><br><br><br><br><br><br><br><br><br><br><br><br><br><br>\n","protected":false},"excerpt":{"rendered":"<p>Bitte w\u00e4hlen Sie hier aus f\u00fcr welche Ausbildung Sie sich bei uns anmelden m\u00f6chten:<\/p>\n","protected":false},"author":1,"featured_media":0,"parent":0,"menu_order":0,"comment_status":"closed","ping_status":"closed","template":"","meta":{"footnotes":""},"class_list":["post-6136","page","type-page","status-publish","hentry"],"_links":{"self":[{"href":"https:\/\/www.spengergasse.at\/index.php?rest_route=\/wp\/v2\/pages\/6136","targetHints":{"allow":["GET"]}}],"collection":[{"href":"https:\/\/www.spengergasse.at\/index.php?rest_route=\/wp\/v2\/pages"}],"about":[{"href":"https:\/\/www.spengergasse.at\/index.php?rest_route=\/wp\/v2\/types\/page"}],"author":[{"embeddable":true,"href":"https:\/\/www.spengergasse.at\/index.php?rest_route=\/wp\/v2\/users\/1"}],"replies":[{"embeddable":true,"href":"https:\/\/www.spengergasse.at\/index.php?rest_route=%2Fwp%2Fv2%2Fcomments&post=6136"}],"version-history":[{"count":17,"href":"https:\/\/www.spengergasse.at\/index.php?rest_route=\/wp\/v2\/pages\/6136\/revisions"}],"predecessor-version":[{"id":9584,"href":"https:\/\/www.spengergasse.at\/index.php?rest_route=\/wp\/v2\/pages\/6136\/revisions\/9584"}],"wp:attachment":[{"href":"https:\/\/www.spengergasse.at\/index.php?rest_route=%2Fwp%2Fv2%2Fmedia&parent=6136"}],"curies":[{"name":"wp","href":"https:\/\/api.w.org\/{rel}","templated":true}]}}