{"id":5727,"date":"2022-04-27T12:15:47","date_gmt":"2022-04-27T10:15:47","guid":{"rendered":"https:\/\/www.spengergasse.at\/?page_id=5727"},"modified":"2023-01-08T12:33:49","modified_gmt":"2023-01-08T11:33:49","slug":"schulsanitaetsdienst","status":"publish","type":"page","link":"https:\/\/www.spengergasse.at\/?page_id=5727","title":{"rendered":"Schulsanit\u00e4tsdienst"},"content":{"rendered":"<p><strong>Im Notfall: Schulsanit\u00e4tsdienst (SSD) rufen! <\/strong><\/p>\n<p><strong>Jugendliche, die nicht wegschauen<\/strong>, wenn etwas passiert, sondern rasch und richtig helfen wollen. Das sind die Sch\u00fclerInnen und Studierende des Schulsanit\u00e4tsdienstes (SSD). Sie beweisen nicht nur ihr K\u00f6nnen in Erster Hilfe, sondern zeigen vor allem soziale Kompetenz und Verantwortung. Seit M\u00e4rz 2017 gibt es unseren SSD des Samariterbundes an der HTL Spengergasse. An jedem Unterrichtstag haben\u00a0<strong>zwei SSD-Teams<\/strong>\u00a0im Rahmen ihrer Unterrichtszeit\u00a0<strong>Bereitschaftsdienst<\/strong>, um Sch\u00fclerInnen und Studierenden im medizinischen Notfall qualifiziert helfen zu k\u00f6nnen. Damit werden unsere Schul\u00e4rztinnen entlastet und unterst\u00fctzt. Derzeit arbeiten <strong>mehr als zehn Schulsanit\u00e4terInnen im Team<\/strong>, das schulintern organisatorisch von\u00a0Prof. Seitz Daniela und Prof. M\u00fcllerbrunn Eva\u00a0unterst\u00fctzt wird.<\/p>\n<p>Notfallhandy 1 +43 681 107 73 646<\/p>\n<p>Notfallhandy 2 +43 681 107 67 292<\/p>\n","protected":false},"excerpt":{"rendered":"<p>Im Notfall: Schulsanit\u00e4tsdienst (SSD) rufen! Jugendliche, die nicht wegschauen, wenn etwas passiert, sondern rasch und richtig helfen wollen. Das sind die Sch\u00fclerInnen und Studierende des Schulsanit\u00e4tsdienstes (SSD). Sie beweisen nicht nur ihr K\u00f6nnen in Erster Hilfe, sondern zeigen vor allem soziale Kompetenz&#8230;<\/p>\n","protected":false},"author":2,"featured_media":0,"parent":2218,"menu_order":0,"comment_status":"closed","ping_status":"closed","template":"","meta":{"footnotes":""},"class_list":["post-5727","page","type-page","status-publish","hentry"],"_links":{"self":[{"href":"https:\/\/www.spengergasse.at\/index.php?rest_route=\/wp\/v2\/pages\/5727","targetHints":{"allow":["GET"]}}],"collection":[{"href":"https:\/\/www.spengergasse.at\/index.php?rest_route=\/wp\/v2\/pages"}],"about":[{"href":"https:\/\/www.spengergasse.at\/index.php?rest_route=\/wp\/v2\/types\/page"}],"author":[{"embeddable":true,"href":"https:\/\/www.spengergasse.at\/index.php?rest_route=\/wp\/v2\/users\/2"}],"replies":[{"embeddable":true,"href":"https:\/\/www.spengergasse.at\/index.php?rest_route=%2Fwp%2Fv2%2Fcomments&post=5727"}],"version-history":[{"count":2,"href":"https:\/\/www.spengergasse.at\/index.php?rest_route=\/wp\/v2\/pages\/5727\/revisions"}],"predecessor-version":[{"id":5729,"href":"https:\/\/www.spengergasse.at\/index.php?rest_route=\/wp\/v2\/pages\/5727\/revisions\/5729"}],"up":[{"embeddable":true,"href":"https:\/\/www.spengergasse.at\/index.php?rest_route=\/wp\/v2\/pages\/2218"}],"wp:attachment":[{"href":"https:\/\/www.spengergasse.at\/index.php?rest_route=%2Fwp%2Fv2%2Fmedia&parent=5727"}],"curies":[{"name":"wp","href":"https:\/\/api.w.org\/{rel}","templated":true}]}}