{"id":5308,"date":"2021-10-19T09:46:17","date_gmt":"2021-10-19T07:46:17","guid":{"rendered":"https:\/\/www.spengergasse.at\/?page_id=5308"},"modified":"2024-12-13T14:45:18","modified_gmt":"2024-12-13T13:45:18","slug":"erreichbarkeit","status":"publish","type":"page","link":"https:\/\/www.spengergasse.at\/?page_id=5308","title":{"rendered":"Erreichbarkeit"},"content":{"rendered":"<p>Adresse: Spengergasse 20, 1050 Wien<\/p>\n<p>Erreichbarkeit mit \u00f6ffentlichen Verkehrsmitteln:<\/p>\n<ul>\n<li>Verkehrsknotenpunkt Matzleinsdorferplatz (diverse S-Bahnen und Stra\u00dfenbahnen, ab 2025 auch U5)<\/li>\n<li>14A (in Fahrtrichtung Neubaugasse):\u00a0 Station Spengergasse<\/li>\n<li>14A (in Fahrtrichtung Reumannplatz\/von U4 Pilgramgasse): Station Fendigasse<\/li>\n<\/ul>\n<p><a href=\"https:\/\/www.\u00f6pnvkarte.de\/#16.3563;48.1891;15\">https:\/\/www.\u00f6pnvkarte.de\/#16.3563;48.1891;15<\/a><\/p>\n\n\n<iframe loading=\"lazy\" width=\"425\" height=\"350\" src=\"https:\/\/www.openstreetmap.org\/export\/embed.html?bbox=16.35326206684113%2C48.18435820532074%2C16.360031962394718%2C48.18691902304109&amp;layer=cyclemap&amp;marker=48.185638630174225%2C16.35664701461792\" style=\"border: 1px solid black\"><\/iframe><br\/><small><a href=\"https:\/\/www.openstreetmap.org\/?mlat=48.185639&amp;mlon=16.356647#map=18\/48.185639\/16.356647&amp;layers=C\">Gr\u00f6\u00dfere Karte anzeigen<\/a><\/small>\n\n\n\n<p><\/p>\n\n\n\n<iframe loading=\"lazy\" width=\"425\" height=\"350\" src=\"https:\/\/www.openstreetmap.org\/export\/embed.html?bbox=16.354372501373295%2C48.18424732903811%2C16.35926485061646%2C48.186779540454445&amp;layer=transportmap&amp;marker=48.18551345038417%2C16.356818675994873\" style=\"border: 1px solid black\"><\/iframe><br\/><small><a href=\"https:\/\/www.openstreetmap.org\/?mlat=48.185513&amp;mlon=16.356819#map=18\/48.185513\/16.356819&amp;layers=T\">Gr\u00f6\u00dfere Karte anzeigen<\/a><\/small>\n\n\n\n<p><\/p>\n\n\n\n<p><\/p>\n","protected":false},"excerpt":{"rendered":"<p>Adresse: Spengergasse 20, 1050 Wien Erreichbarkeit mit \u00f6ffentlichen Verkehrsmitteln: Verkehrsknotenpunkt Matzleinsdorferplatz (diverse S-Bahnen und Stra\u00dfenbahnen, ab 2025 auch U5) 14A (in Fahrtrichtung Neubaugasse):\u00a0 Station Spengergasse 14A (in Fahrtrichtung Reumannplatz\/von U4 Pilgramgasse): Station Fendigasse https:\/\/www.\u00f6pnvkarte.de\/#16.3563;48.1891;15 Gr\u00f6\u00dfere Karte anzeigen Gr\u00f6\u00dfere Karte anzeigen<\/p>\n","protected":false},"author":2,"featured_media":0,"parent":2219,"menu_order":0,"comment_status":"closed","ping_status":"closed","template":"","meta":{"footnotes":""},"class_list":["post-5308","page","type-page","status-publish","hentry"],"_links":{"self":[{"href":"https:\/\/www.spengergasse.at\/index.php?rest_route=\/wp\/v2\/pages\/5308","targetHints":{"allow":["GET"]}}],"collection":[{"href":"https:\/\/www.spengergasse.at\/index.php?rest_route=\/wp\/v2\/pages"}],"about":[{"href":"https:\/\/www.spengergasse.at\/index.php?rest_route=\/wp\/v2\/types\/page"}],"author":[{"embeddable":true,"href":"https:\/\/www.spengergasse.at\/index.php?rest_route=\/wp\/v2\/users\/2"}],"replies":[{"embeddable":true,"href":"https:\/\/www.spengergasse.at\/index.php?rest_route=%2Fwp%2Fv2%2Fcomments&post=5308"}],"version-history":[{"count":8,"href":"https:\/\/www.spengergasse.at\/index.php?rest_route=\/wp\/v2\/pages\/5308\/revisions"}],"predecessor-version":[{"id":8433,"href":"https:\/\/www.spengergasse.at\/index.php?rest_route=\/wp\/v2\/pages\/5308\/revisions\/8433"}],"up":[{"embeddable":true,"href":"https:\/\/www.spengergasse.at\/index.php?rest_route=\/wp\/v2\/pages\/2219"}],"wp:attachment":[{"href":"https:\/\/www.spengergasse.at\/index.php?rest_route=%2Fwp%2Fv2%2Fmedia&parent=5308"}],"curies":[{"name":"wp","href":"https:\/\/api.w.org\/{rel}","templated":true}]}}