{"id":4974,"date":"2021-04-16T16:10:19","date_gmt":"2021-04-16T14:10:19","guid":{"rendered":"https:\/\/www.spengergasse.at\/?page_id=4974"},"modified":"2021-04-16T16:10:32","modified_gmt":"2021-04-16T14:10:32","slug":"fachbereich-informatik-industrie-4-0-iot","status":"publish","type":"page","link":"https:\/\/www.spengergasse.at\/?page_id=4974","title":{"rendered":"Fachbereich Informatik &#8211; Industrie 4.0\/ IoT"},"content":{"rendered":"\n<p>Industrie 4.0 bezeichnet die Digitalisierung von industriellen Produktionsprozessen mit dem Ziel, die Prozesse effizienter zu gestalten. Im Kern soll dies durch die Vernetzung aller im Prozess beteiligter Systeme erfolgen, sprich jeder Sensor in einer Betriebsanlage ist miteinander vernetzt und wiederum alle Betriebsanlagen sind \u00fcber digitale Systeme verbunden. Industrie 4.0 wird auch als vierte industrielle Revolution bezeichnet, deren Ziel es ist, die Produktivit\u00e4t in der gesamten Fertigungsindustrie zu verbessern.<br>Das Ziel des Internet of Things (IoT) ist es, physische und virtuelle Gegenst\u00e4nde miteinander zu vernetzen. Das IoT ist auf die Interaktion zwischen Menschen und Maschinen bzw. Ger\u00e4ten ausgelegt und zielt dabei prim\u00e4r auf den Konsumentenbereich ab.<\/p>\n\n\n\n<p>Unsere Angebote:<\/p>\n\n\n\n<figure class=\"wp-block-table is-style-stripes\"><table><tbody><tr><td>Seitenkanal-Attacken-Schutz-Analyse<\/td><\/tr><tr><td>Mobile Power Distribution-Analyse, -Planung &amp; -Realisationsbegleitung<\/td><\/tr><tr><td>Steuerungs-Entwurf , -Analyse &amp; -Verifikation<\/td><\/tr><tr><td>Robotikeinsatz-Analyse, -Planung &amp; -Realisationsbegleitung<\/td><\/tr><\/tbody><\/table><\/figure>\n\n\n\n<div class=\"wp-block-group is-layout-flow wp-block-group-is-layout-flow\">\n<p>Haben Sie Interesse an unseren Angeboten oder Fragen dazu? Kontaktieren Sie einfach unsere Ansprechpartner:<\/p>\n\n\n\n<figure class=\"wp-block-table\"><table><tbody><tr><td>\u00d6ffnungszeiten<\/td><td>Montag \u2013 Freitag 8:00 bis 15:00 Uhr<br>weitere Termine nach Vereinbarung<\/td><\/tr><tr><td>Telefon:<\/td><td>+43 1 54615 130<br>+43 680 1155090<\/td><\/tr><tr><td>Mail:<\/td><td><a href=\"javascript:;\">versuchsanstalt@spengergasse.at<\/a><\/td><\/tr><\/tbody><\/table><\/figure>\n<\/div>\n","protected":false},"excerpt":{"rendered":"<p>Industrie 4.0 bezeichnet die Digitalisierung von industriellen Produktionsprozessen mit dem Ziel, die Prozesse effizienter zu gestalten. Im Kern soll dies durch die Vernetzung aller im Prozess beteiligter Systeme erfolgen, sprich jeder Sensor in einer Betriebsanlage ist miteinander vernetzt und wiederum alle Betriebsanlagen&#8230;<\/p>\n","protected":false},"author":1,"featured_media":0,"parent":3105,"menu_order":0,"comment_status":"closed","ping_status":"closed","template":"","meta":{"footnotes":""},"class_list":["post-4974","page","type-page","status-publish","hentry"],"_links":{"self":[{"href":"https:\/\/www.spengergasse.at\/index.php?rest_route=\/wp\/v2\/pages\/4974","targetHints":{"allow":["GET"]}}],"collection":[{"href":"https:\/\/www.spengergasse.at\/index.php?rest_route=\/wp\/v2\/pages"}],"about":[{"href":"https:\/\/www.spengergasse.at\/index.php?rest_route=\/wp\/v2\/types\/page"}],"author":[{"embeddable":true,"href":"https:\/\/www.spengergasse.at\/index.php?rest_route=\/wp\/v2\/users\/1"}],"replies":[{"embeddable":true,"href":"https:\/\/www.spengergasse.at\/index.php?rest_route=%2Fwp%2Fv2%2Fcomments&post=4974"}],"version-history":[{"count":1,"href":"https:\/\/www.spengergasse.at\/index.php?rest_route=\/wp\/v2\/pages\/4974\/revisions"}],"predecessor-version":[{"id":4975,"href":"https:\/\/www.spengergasse.at\/index.php?rest_route=\/wp\/v2\/pages\/4974\/revisions\/4975"}],"up":[{"embeddable":true,"href":"https:\/\/www.spengergasse.at\/index.php?rest_route=\/wp\/v2\/pages\/3105"}],"wp:attachment":[{"href":"https:\/\/www.spengergasse.at\/index.php?rest_route=%2Fwp%2Fv2%2Fmedia&parent=4974"}],"curies":[{"name":"wp","href":"https:\/\/api.w.org\/{rel}","templated":true}]}}