{"id":4970,"date":"2021-04-16T16:07:15","date_gmt":"2021-04-16T14:07:15","guid":{"rendered":"https:\/\/www.spengergasse.at\/?page_id=4970"},"modified":"2021-04-16T16:07:28","modified_gmt":"2021-04-16T14:07:28","slug":"fachbereich-informatik-datenschutz","status":"publish","type":"page","link":"https:\/\/www.spengergasse.at\/?page_id=4970","title":{"rendered":"Fachbereich Informatik &#8211; Datenschutz"},"content":{"rendered":"\n<p>Jede Organisation verarbeiten in irgendeiner Weise personenbezogene Daten, die durch die Datenschutzgrundverordnung der Europ\u00e4ischen Kommission gesch\u00fctzt werden m\u00fcssen. Jede neue Anwendung, in der personenbezogene Daten verarbeitet werden, muss den Vorschriften der Verordnung entsprechen. Ob es sich nur eine Excelliste mit Kund*innen-Daten handelt oder um die Verarbeitung von personenbezogen Daten in einer gro\u00dfen Datenbank handelt, die Datenschutzgrundverordnung muss eingehalten werden.<\/p>\n\n\n\n<p>Unsere Angebote: <\/p>\n\n\n\n<figure class=\"wp-block-table is-style-stripes\"><table><tbody><tr><td>\u00dcberpr\u00fcfung Ihrer Organisation auf Einhaltung der Datenschutzgrundverordnung<\/td><\/tr><tr><td>Beratungen zum Thema Datenschutz und der Datenschutzgrundverordnung<\/td><\/tr><tr><td>Projektbegleitung bei der Umsetzung der Datenschutzgrundverordnung<\/td><\/tr><\/tbody><\/table><\/figure>\n\n\n\n<div class=\"wp-block-group is-layout-flow wp-block-group-is-layout-flow\">\n<p>Haben Sie Interesse an unseren Angeboten oder Fragen dazu? Kontaktieren Sie einfach unsere Ansprechpartner:<\/p>\n\n\n\n<figure class=\"wp-block-table\"><table><tbody><tr><td>\u00d6ffnungszeiten<\/td><td>Montag \u2013 Freitag 8:00 bis 15:00 Uhr<br>weitere Termine nach Vereinbarung<\/td><\/tr><tr><td>Telefon:<\/td><td>+43 1 54615 130<br>+43 680 1155090<\/td><\/tr><tr><td>Mail:<\/td><td><a href=\"javascript:;\">versuchsanstalt@spengergasse.at<\/a><\/td><\/tr><\/tbody><\/table><\/figure>\n<\/div>\n","protected":false},"excerpt":{"rendered":"<p>Jede Organisation verarbeiten in irgendeiner Weise personenbezogene Daten, die durch die Datenschutzgrundverordnung der Europ\u00e4ischen Kommission gesch\u00fctzt werden m\u00fcssen. Jede neue Anwendung, in der personenbezogene Daten verarbeitet werden, muss den Vorschriften der Verordnung entsprechen. Ob es sich nur eine Excelliste mit Kund*innen-Daten handelt&#8230;<\/p>\n","protected":false},"author":1,"featured_media":0,"parent":3105,"menu_order":0,"comment_status":"closed","ping_status":"closed","template":"","meta":{"footnotes":""},"class_list":["post-4970","page","type-page","status-publish","hentry"],"_links":{"self":[{"href":"https:\/\/www.spengergasse.at\/index.php?rest_route=\/wp\/v2\/pages\/4970","targetHints":{"allow":["GET"]}}],"collection":[{"href":"https:\/\/www.spengergasse.at\/index.php?rest_route=\/wp\/v2\/pages"}],"about":[{"href":"https:\/\/www.spengergasse.at\/index.php?rest_route=\/wp\/v2\/types\/page"}],"author":[{"embeddable":true,"href":"https:\/\/www.spengergasse.at\/index.php?rest_route=\/wp\/v2\/users\/1"}],"replies":[{"embeddable":true,"href":"https:\/\/www.spengergasse.at\/index.php?rest_route=%2Fwp%2Fv2%2Fcomments&post=4970"}],"version-history":[{"count":1,"href":"https:\/\/www.spengergasse.at\/index.php?rest_route=\/wp\/v2\/pages\/4970\/revisions"}],"predecessor-version":[{"id":4971,"href":"https:\/\/www.spengergasse.at\/index.php?rest_route=\/wp\/v2\/pages\/4970\/revisions\/4971"}],"up":[{"embeddable":true,"href":"https:\/\/www.spengergasse.at\/index.php?rest_route=\/wp\/v2\/pages\/3105"}],"wp:attachment":[{"href":"https:\/\/www.spengergasse.at\/index.php?rest_route=%2Fwp%2Fv2%2Fmedia&parent=4970"}],"curies":[{"name":"wp","href":"https:\/\/api.w.org\/{rel}","templated":true}]}}