{"id":4966,"date":"2021-04-16T16:04:21","date_gmt":"2021-04-16T14:04:21","guid":{"rendered":"https:\/\/www.spengergasse.at\/?page_id=4966"},"modified":"2021-04-16T16:04:39","modified_gmt":"2021-04-16T14:04:39","slug":"fachbereich-informatik-software-engineering-applikationen","status":"publish","type":"page","link":"https:\/\/www.spengergasse.at\/?page_id=4966","title":{"rendered":"Fachbereich Informatik &#8211; Software-Engineering\/Applikationen"},"content":{"rendered":"\n<p>Einige unserer Mitarbeiter*innen unterrichten an der HTL Spengergasse Software-Engineering und sind in auch weiterhin in der Privatwirtschaft in diesem Bereich erfolgreich t\u00e4tig. Sie programmieren und entwickeln am Stand der Technik und k\u00f6nnen Ihr Softwareprojekt \u00fcberpr\u00fcfen.<\/p>\n\n\n\n<p>Unsere Angebote: <\/p>\n\n\n\n<figure class=\"wp-block-table is-style-stripes\"><table><tbody><tr><td>Software- &amp; Testdokumentation<\/td><\/tr><tr><td>Schnittstellen-Analyse, -Entwurf &amp; -Realisationsbegleitung<\/td><\/tr><\/tbody><\/table><\/figure>\n\n\n\n<div class=\"wp-block-group is-layout-flow wp-block-group-is-layout-flow\">\n<p>Haben Sie Interesse an unseren Angeboten oder Fragen dazu? Kontaktieren Sie einfach unsere Ansprechpartner:<\/p>\n\n\n\n<figure class=\"wp-block-table\"><table><tbody><tr><td>\u00d6ffnungszeiten<\/td><td>Montag \u2013 Freitag 8:00 bis 15:00 Uhr<br>weitere Termine nach Vereinbarung<\/td><\/tr><tr><td>Telefon:<\/td><td>+43 1 54615 130<br>+43 680 1155090<\/td><\/tr><tr><td>Mail:<\/td><td><a href=\"javascript:;\">versuchsanstalt@spengergasse.at<\/a><\/td><\/tr><\/tbody><\/table><\/figure>\n<\/div>\n","protected":false},"excerpt":{"rendered":"<p>Einige unserer Mitarbeiter*innen unterrichten an der HTL Spengergasse Software-Engineering und sind in auch weiterhin in der Privatwirtschaft in diesem Bereich erfolgreich t\u00e4tig. Sie programmieren und entwickeln am Stand der Technik und k\u00f6nnen Ihr Softwareprojekt \u00fcberpr\u00fcfen. Unsere Angebote: Software- &amp; Testdokumentation Schnittstellen-Analyse, -Entwurf&#8230;<\/p>\n","protected":false},"author":1,"featured_media":0,"parent":3105,"menu_order":0,"comment_status":"closed","ping_status":"closed","template":"","meta":{"footnotes":""},"class_list":["post-4966","page","type-page","status-publish","hentry"],"_links":{"self":[{"href":"https:\/\/www.spengergasse.at\/index.php?rest_route=\/wp\/v2\/pages\/4966","targetHints":{"allow":["GET"]}}],"collection":[{"href":"https:\/\/www.spengergasse.at\/index.php?rest_route=\/wp\/v2\/pages"}],"about":[{"href":"https:\/\/www.spengergasse.at\/index.php?rest_route=\/wp\/v2\/types\/page"}],"author":[{"embeddable":true,"href":"https:\/\/www.spengergasse.at\/index.php?rest_route=\/wp\/v2\/users\/1"}],"replies":[{"embeddable":true,"href":"https:\/\/www.spengergasse.at\/index.php?rest_route=%2Fwp%2Fv2%2Fcomments&post=4966"}],"version-history":[{"count":1,"href":"https:\/\/www.spengergasse.at\/index.php?rest_route=\/wp\/v2\/pages\/4966\/revisions"}],"predecessor-version":[{"id":4967,"href":"https:\/\/www.spengergasse.at\/index.php?rest_route=\/wp\/v2\/pages\/4966\/revisions\/4967"}],"up":[{"embeddable":true,"href":"https:\/\/www.spengergasse.at\/index.php?rest_route=\/wp\/v2\/pages\/3105"}],"wp:attachment":[{"href":"https:\/\/www.spengergasse.at\/index.php?rest_route=%2Fwp%2Fv2%2Fmedia&parent=4966"}],"curies":[{"name":"wp","href":"https:\/\/api.w.org\/{rel}","templated":true}]}}