{"id":4964,"date":"2021-04-16T16:02:48","date_gmt":"2021-04-16T14:02:48","guid":{"rendered":"https:\/\/www.spengergasse.at\/?page_id=4964"},"modified":"2021-04-16T16:03:02","modified_gmt":"2021-04-16T14:03:02","slug":"fachbereich-informatik-virtualisierung","status":"publish","type":"page","link":"https:\/\/www.spengergasse.at\/?page_id=4964","title":{"rendered":"Fachbereich Informatik &#8211;  Virtualisierung"},"content":{"rendered":"\n<p>Hardware und Software ver\u00e4ndern sich in der IT fast tagt\u00e4glich, die Anforderungen f\u00fcr IT-Abteilungen werden immer gr\u00f6\u00dfer, die Wartung f\u00fcr die Mitarbeiter*innen der IT-Abteilung immer herausfordernder. Serverr\u00e4ume sind mit unterschiedlichsten Servertechnologien ausgestattet und man verliert schnell die \u00dcbersicht, ob z.B. die Firmware eines RAID-Controllers eines einzigen Servers aktualisiert wurde oder nicht. Hierf\u00fcr gibt es eine L\u00f6sung: Virtualisierung. Nicht mehr unterschiedliche Hard- und Softwarehersteller, sondern alles zusammengefasst in einer Virtualisierungsumgebung, die einfacher administriert und gewartet werden kann.<\/p>\n\n\n\n<p>Unsere Angebote: <\/p>\n\n\n\n<figure class=\"wp-block-table is-style-stripes\"><table><tbody><tr><td>\u00dcberpr\u00fcfung, ob Ihr IT-System virtualisiert werden kann<\/td><\/tr><tr><td>Konzeptionierung einer Virtualisierungsumgebung f\u00fcr Ihre IT-Herausforderungen<\/td><\/tr><tr><td>Projektbegleitung bei der Umsetzung Ihres Virtualisierungsprojekts<\/td><\/tr><\/tbody><\/table><\/figure>\n\n\n\n<div class=\"wp-block-group is-layout-flow wp-block-group-is-layout-flow\">\n<p>Haben Sie Interesse an unseren Angeboten oder Fragen dazu? Kontaktieren Sie einfach unsere Ansprechpartner:<\/p>\n\n\n\n<figure class=\"wp-block-table\"><table><tbody><tr><td>\u00d6ffnungszeiten<\/td><td>Montag \u2013 Freitag 8:00 bis 15:00 Uhr<br>weitere Termine nach Vereinbarung<\/td><\/tr><tr><td>Telefon:<\/td><td>+43 1 54615 130<br>+43 680 1155090<\/td><\/tr><tr><td>Mail:<\/td><td><a href=\"javascript:;\">versuchsanstalt@spengergasse.at<\/a><\/td><\/tr><\/tbody><\/table><\/figure>\n<\/div>\n","protected":false},"excerpt":{"rendered":"<p>Hardware und Software ver\u00e4ndern sich in der IT fast tagt\u00e4glich, die Anforderungen f\u00fcr IT-Abteilungen werden immer gr\u00f6\u00dfer, die Wartung f\u00fcr die Mitarbeiter*innen der IT-Abteilung immer herausfordernder. Serverr\u00e4ume sind mit unterschiedlichsten Servertechnologien ausgestattet und man verliert schnell die \u00dcbersicht, ob z.B. die Firmware&#8230;<\/p>\n","protected":false},"author":1,"featured_media":0,"parent":3105,"menu_order":0,"comment_status":"closed","ping_status":"closed","template":"","meta":{"footnotes":""},"class_list":["post-4964","page","type-page","status-publish","hentry"],"_links":{"self":[{"href":"https:\/\/www.spengergasse.at\/index.php?rest_route=\/wp\/v2\/pages\/4964","targetHints":{"allow":["GET"]}}],"collection":[{"href":"https:\/\/www.spengergasse.at\/index.php?rest_route=\/wp\/v2\/pages"}],"about":[{"href":"https:\/\/www.spengergasse.at\/index.php?rest_route=\/wp\/v2\/types\/page"}],"author":[{"embeddable":true,"href":"https:\/\/www.spengergasse.at\/index.php?rest_route=\/wp\/v2\/users\/1"}],"replies":[{"embeddable":true,"href":"https:\/\/www.spengergasse.at\/index.php?rest_route=%2Fwp%2Fv2%2Fcomments&post=4964"}],"version-history":[{"count":2,"href":"https:\/\/www.spengergasse.at\/index.php?rest_route=\/wp\/v2\/pages\/4964\/revisions"}],"predecessor-version":[{"id":4976,"href":"https:\/\/www.spengergasse.at\/index.php?rest_route=\/wp\/v2\/pages\/4964\/revisions\/4976"}],"up":[{"embeddable":true,"href":"https:\/\/www.spengergasse.at\/index.php?rest_route=\/wp\/v2\/pages\/3105"}],"wp:attachment":[{"href":"https:\/\/www.spengergasse.at\/index.php?rest_route=%2Fwp%2Fv2%2Fmedia&parent=4964"}],"curies":[{"name":"wp","href":"https:\/\/api.w.org\/{rel}","templated":true}]}}