{"id":4960,"date":"2021-04-16T15:59:55","date_gmt":"2021-04-16T13:59:55","guid":{"rendered":"https:\/\/www.spengergasse.at\/?page_id=4960"},"modified":"2021-04-16T16:00:14","modified_gmt":"2021-04-16T14:00:14","slug":"fachbereich-informatik-it-awareness","status":"publish","type":"page","link":"https:\/\/www.spengergasse.at\/?page_id=4960","title":{"rendered":"Fachbereich Informatik &#8211; IT-Awareness"},"content":{"rendered":"\n<p>Ziel der IT-Awareness ist die Sensibilisierung der Mitarbeiterinnen zum Thema Sicherheit in der IT. Technische und organisatorische Sicherheitsma\u00dfnahmen seitens der IT-Abteilung k\u00f6nnen sehr gut und durchdacht sein, aber wenn z.B. eine Mitarbeiter*in eine schadhafte Software auf dem PC \u00f6ffnet und diese Software Daten verschl\u00fcsselt, ist jede noch so gute technische Ma\u00dfnahme obsolet. Das kann dazu f\u00fchren, dass Organisationen f\u00fcr eine gewisse Zeit handlungsunf\u00e4hig sind und das gilt es zu verhindern.<\/p>\n\n\n\n<p>Unsere Angebote:<\/p>\n\n\n\n<figure class=\"wp-block-table is-style-stripes\"><table><tbody><tr><td>Awareness-Analyse Ihrer Organisation<\/td><\/tr><tr><td>Durchf\u00fchrung von Awareness-Tests<\/td><\/tr><tr><td>Erstellung von Awareness-Leitfaden f\u00fcr Ihre Organisation<\/td><\/tr><\/tbody><\/table><\/figure>\n\n\n\n<div class=\"wp-block-group is-layout-flow wp-block-group-is-layout-flow\">\n<p>Haben Sie Interesse an unseren Angeboten oder Fragen dazu? Kontaktieren Sie einfach unsere Ansprechpartner:<\/p>\n\n\n\n<figure class=\"wp-block-table\"><table><tbody><tr><td>\u00d6ffnungszeiten<\/td><td>Montag \u2013 Freitag 8:00 bis 15:00 Uhr<br>weitere Termine nach Vereinbarung<\/td><\/tr><tr><td>Telefon:<\/td><td>+43 1 54615 130<br>+43 680 1155090<\/td><\/tr><tr><td>Mail:<\/td><td><a href=\"javascript:;\">versuchsanstalt@spengergasse.at<\/a><\/td><\/tr><\/tbody><\/table><\/figure>\n<\/div>\n","protected":false},"excerpt":{"rendered":"<p>Ziel der IT-Awareness ist die Sensibilisierung der Mitarbeiterinnen zum Thema Sicherheit in der IT. Technische und organisatorische Sicherheitsma\u00dfnahmen seitens der IT-Abteilung k\u00f6nnen sehr gut und durchdacht sein, aber wenn z.B. eine Mitarbeiter*in eine schadhafte Software auf dem PC \u00f6ffnet und diese Software&#8230;<\/p>\n","protected":false},"author":1,"featured_media":0,"parent":3105,"menu_order":0,"comment_status":"closed","ping_status":"closed","template":"","meta":{"footnotes":""},"class_list":["post-4960","page","type-page","status-publish","hentry"],"_links":{"self":[{"href":"https:\/\/www.spengergasse.at\/index.php?rest_route=\/wp\/v2\/pages\/4960","targetHints":{"allow":["GET"]}}],"collection":[{"href":"https:\/\/www.spengergasse.at\/index.php?rest_route=\/wp\/v2\/pages"}],"about":[{"href":"https:\/\/www.spengergasse.at\/index.php?rest_route=\/wp\/v2\/types\/page"}],"author":[{"embeddable":true,"href":"https:\/\/www.spengergasse.at\/index.php?rest_route=\/wp\/v2\/users\/1"}],"replies":[{"embeddable":true,"href":"https:\/\/www.spengergasse.at\/index.php?rest_route=%2Fwp%2Fv2%2Fcomments&post=4960"}],"version-history":[{"count":1,"href":"https:\/\/www.spengergasse.at\/index.php?rest_route=\/wp\/v2\/pages\/4960\/revisions"}],"predecessor-version":[{"id":4961,"href":"https:\/\/www.spengergasse.at\/index.php?rest_route=\/wp\/v2\/pages\/4960\/revisions\/4961"}],"up":[{"embeddable":true,"href":"https:\/\/www.spengergasse.at\/index.php?rest_route=\/wp\/v2\/pages\/3105"}],"wp:attachment":[{"href":"https:\/\/www.spengergasse.at\/index.php?rest_route=%2Fwp%2Fv2%2Fmedia&parent=4960"}],"curies":[{"name":"wp","href":"https:\/\/api.w.org\/{rel}","templated":true}]}}