{"id":4958,"date":"2021-04-16T15:58:14","date_gmt":"2021-04-16T13:58:14","guid":{"rendered":"https:\/\/www.spengergasse.at\/?page_id=4958"},"modified":"2021-04-16T15:58:27","modified_gmt":"2021-04-16T13:58:27","slug":"fachbereich-informatik-it-qualitaetssicherung","status":"publish","type":"page","link":"https:\/\/www.spengergasse.at\/?page_id=4958","title":{"rendered":"Fachbereich Informatik &#8211; IT-Qualit\u00e4tssicherung"},"content":{"rendered":"\n<p>Die Qualit\u00e4tssicherung umfasst als Bestandteil des Qualit\u00e4tsmanagements alle organisatorischen und technischen Ma\u00dfnahmen, die vorbereitend, begleitend und pr\u00fcfend der Schaffung und Erhaltung einer definierten Qualit\u00e4t eines Produkts oder einer Dienstleistung dienen. Da die IT in den meisten Organisationen den Gro\u00dfteil der organisatorischen und technischen Ma\u00dfnahmen begleiten, ist die Einbindung der IT in das Qualit\u00e4tsmanagement einer Organisation sehr wichtig.<\/p>\n\n\n\n<p>Unsere Angebote: <\/p>\n\n\n\n<figure class=\"wp-block-table is-style-stripes\"><table><tbody><tr><td>IT-Gesch\u00e4ftsprozessintegration<\/td><\/tr><tr><td>KPI- &amp; BSC-Design, -Visualisierung &amp; -Realisierung<\/td><\/tr><tr><td>Automationsgest\u00fctzte Datenakquisition &amp; Statistische Methodenentwicklung<\/td><\/tr><\/tbody><\/table><\/figure>\n\n\n\n<div class=\"wp-block-group is-layout-flow wp-block-group-is-layout-flow\">\n<p>Haben Sie Interesse an unseren Angeboten oder Fragen dazu? Kontaktieren Sie einfach unsere Ansprechpartner:<\/p>\n\n\n\n<figure class=\"wp-block-table\"><table><tbody><tr><td>\u00d6ffnungszeiten<\/td><td>Montag \u2013 Freitag 8:00 bis 15:00 Uhr<br>weitere Termine nach Vereinbarung<\/td><\/tr><tr><td>Telefon:<\/td><td>+43 1 54615 130<br>+43 680 1155090<\/td><\/tr><tr><td>Mail:<\/td><td><a href=\"javascript:;\">versuchsanstalt@spengergasse.at<\/a><\/td><\/tr><\/tbody><\/table><\/figure>\n<\/div>\n","protected":false},"excerpt":{"rendered":"<p>Die Qualit\u00e4tssicherung umfasst als Bestandteil des Qualit\u00e4tsmanagements alle organisatorischen und technischen Ma\u00dfnahmen, die vorbereitend, begleitend und pr\u00fcfend der Schaffung und Erhaltung einer definierten Qualit\u00e4t eines Produkts oder einer Dienstleistung dienen. Da die IT in den meisten Organisationen den Gro\u00dfteil der organisatorischen und&#8230;<\/p>\n","protected":false},"author":1,"featured_media":0,"parent":3105,"menu_order":0,"comment_status":"closed","ping_status":"closed","template":"","meta":{"footnotes":""},"class_list":["post-4958","page","type-page","status-publish","hentry"],"_links":{"self":[{"href":"https:\/\/www.spengergasse.at\/index.php?rest_route=\/wp\/v2\/pages\/4958","targetHints":{"allow":["GET"]}}],"collection":[{"href":"https:\/\/www.spengergasse.at\/index.php?rest_route=\/wp\/v2\/pages"}],"about":[{"href":"https:\/\/www.spengergasse.at\/index.php?rest_route=\/wp\/v2\/types\/page"}],"author":[{"embeddable":true,"href":"https:\/\/www.spengergasse.at\/index.php?rest_route=\/wp\/v2\/users\/1"}],"replies":[{"embeddable":true,"href":"https:\/\/www.spengergasse.at\/index.php?rest_route=%2Fwp%2Fv2%2Fcomments&post=4958"}],"version-history":[{"count":1,"href":"https:\/\/www.spengergasse.at\/index.php?rest_route=\/wp\/v2\/pages\/4958\/revisions"}],"predecessor-version":[{"id":4959,"href":"https:\/\/www.spengergasse.at\/index.php?rest_route=\/wp\/v2\/pages\/4958\/revisions\/4959"}],"up":[{"embeddable":true,"href":"https:\/\/www.spengergasse.at\/index.php?rest_route=\/wp\/v2\/pages\/3105"}],"wp:attachment":[{"href":"https:\/\/www.spengergasse.at\/index.php?rest_route=%2Fwp%2Fv2%2Fmedia&parent=4958"}],"curies":[{"name":"wp","href":"https:\/\/api.w.org\/{rel}","templated":true}]}}