{"id":4951,"date":"2021-04-16T15:53:06","date_gmt":"2021-04-16T13:53:06","guid":{"rendered":"https:\/\/www.spengergasse.at\/?page_id=4951"},"modified":"2021-04-16T16:27:31","modified_gmt":"2021-04-16T14:27:31","slug":"fachbereich-informatik-it-guetesiegel","status":"publish","type":"page","link":"https:\/\/www.spengergasse.at\/?page_id=4951","title":{"rendered":"Fachbereich Informatik &#8211; IT-G\u00fctesiegel"},"content":{"rendered":"\n<p>Der Fachbereich Informatik bereitet derzeit die Ausarbeitung eines IT-G\u00fctesiegels mit der Quality Austria vor, das von der Versuchsanstalt f\u00fcr Textil und Informatik federf\u00fchrend Kriterien entwickelt, die f\u00fcr den Betrieb einer sicheren IT-Infrastruktur notwendig sind.<\/p>\n\n\n\n<p><br>Unsere Angebote:<\/p>\n\n\n\n<figure class=\"wp-block-table is-style-stripes\"><table><tbody><tr><td>In Zusammenarbeit mit der Quality Austria wird nach speziellen IT-Kriterien Ihre Organisation von uns \u00fcberpr\u00fcft.<\/td><\/tr><tr><td>Nach der Durchf\u00fchrung des Audits erh\u00e4lt Ihre Organisation ein Pr\u00fcfgutachten inkl. detaillierter Testprotolle und Verbesserungsvorschl\u00e4ge<\/td><\/tr><tr><td>Nach erfolgreicher Pr\u00fcfung Ausstellung eines national und international anerkannten G\u00fctesiegel der Quality Austria<\/td><\/tr><\/tbody><\/table><\/figure>\n\n\n\n<div class=\"wp-block-group is-layout-flow wp-block-group-is-layout-flow\">\n<p>Haben Sie Interesse an unseren Angeboten oder Fragen dazu? Kontaktieren Sie einfach unsere Ansprechpartner:<\/p>\n\n\n\n<figure class=\"wp-block-table\"><table><tbody><tr><td>\u00d6ffnungszeiten<\/td><td>Montag \u2013 Freitag 8:00 bis 15:00 Uhr<br>weitere Termine nach Vereinbarung<\/td><\/tr><tr><td>Telefon:<\/td><td>+43 1 54615 130<br>+43 680 1155090<\/td><\/tr><tr><td>Mail:<\/td><td><a href=\"javascript:;\">versuchsanstalt@spengergasse.at<\/a><\/td><\/tr><\/tbody><\/table><\/figure>\n<\/div>\n","protected":false},"excerpt":{"rendered":"<p>Der Fachbereich Informatik bereitet derzeit die Ausarbeitung eines IT-G\u00fctesiegels mit der Quality Austria vor, das von der Versuchsanstalt f\u00fcr Textil und Informatik federf\u00fchrend Kriterien entwickelt, die f\u00fcr den Betrieb einer sicheren IT-Infrastruktur notwendig sind. Unsere Angebote: In Zusammenarbeit mit der Quality Austria&#8230;<\/p>\n","protected":false},"author":1,"featured_media":0,"parent":3105,"menu_order":0,"comment_status":"closed","ping_status":"closed","template":"","meta":{"footnotes":""},"class_list":["post-4951","page","type-page","status-publish","hentry"],"_links":{"self":[{"href":"https:\/\/www.spengergasse.at\/index.php?rest_route=\/wp\/v2\/pages\/4951","targetHints":{"allow":["GET"]}}],"collection":[{"href":"https:\/\/www.spengergasse.at\/index.php?rest_route=\/wp\/v2\/pages"}],"about":[{"href":"https:\/\/www.spengergasse.at\/index.php?rest_route=\/wp\/v2\/types\/page"}],"author":[{"embeddable":true,"href":"https:\/\/www.spengergasse.at\/index.php?rest_route=\/wp\/v2\/users\/1"}],"replies":[{"embeddable":true,"href":"https:\/\/www.spengergasse.at\/index.php?rest_route=%2Fwp%2Fv2%2Fcomments&post=4951"}],"version-history":[{"count":2,"href":"https:\/\/www.spengergasse.at\/index.php?rest_route=\/wp\/v2\/pages\/4951\/revisions"}],"predecessor-version":[{"id":4981,"href":"https:\/\/www.spengergasse.at\/index.php?rest_route=\/wp\/v2\/pages\/4951\/revisions\/4981"}],"up":[{"embeddable":true,"href":"https:\/\/www.spengergasse.at\/index.php?rest_route=\/wp\/v2\/pages\/3105"}],"wp:attachment":[{"href":"https:\/\/www.spengergasse.at\/index.php?rest_route=%2Fwp%2Fv2%2Fmedia&parent=4951"}],"curies":[{"name":"wp","href":"https:\/\/api.w.org\/{rel}","templated":true}]}}