{"id":4938,"date":"2021-04-16T15:45:40","date_gmt":"2021-04-16T13:45:40","guid":{"rendered":"https:\/\/www.spengergasse.at\/?page_id=4938"},"modified":"2025-09-16T13:15:18","modified_gmt":"2025-09-16T11:15:18","slug":"fachbereich-informatik-it-sicherheit","status":"publish","type":"page","link":"https:\/\/www.spengergasse.at\/?page_id=4938","title":{"rendered":"Fachbereich Informatik &#8211; IT-Sicherheit"},"content":{"rendered":"\n<p>IT-Sicherheit ist ein allumfassender Begriff f\u00fcr alle technischen und organisatorischen Ma\u00dfnahmen, die notwendig sind Ihre IT-Infrastruktur vor Angriffen und anderen Bedrohungen zu sch\u00fctzen. Der reine operative Betrieb einer IT-Infrastruktur verlangt hohe IT-sicherheitstechnische Ma\u00dfnahmen, die nicht nur technischer Natur sind. Je gr\u00f6\u00dfer die Organisation ist, desto gr\u00f6\u00dfer sind auch die organisatorischen Ma\u00dfnahmen. Sind Ihre Mitarbeiter*innen f\u00fcr IT-Sicherheit sensibilisiert und k\u00f6nnen z.B. Phishing-Mails erkennen? Welche Prozesse werden schlagend, wenn Ihre Organisation angegriffen wird?<\/p>\n\n\n\n<p>Unsere Angebote:<\/p>\n\n\n\n<figure class=\"wp-block-table is-style-stripes\"><table><tbody><tr><td>Analyse und \u00dcberpr\u00fcfung Ihres Sicherheitsmanagementsystems<\/td><\/tr><tr><td>Entwurf- und Realisationsbegleitung der IT-Infrastruktur<\/td><\/tr><tr><td>Penetration Testing<\/td><\/tr><tr><td>Remote und lokale Risikoanalyse<\/td><\/tr><tr><td>Risikomitigation<\/td><\/tr><tr><td>Risikobudgetierung<\/td><\/tr><\/tbody><\/table><\/figure>\n\n\n\n<div class=\"wp-block-group is-layout-flow wp-block-group-is-layout-flow\">\n<p>Haben Sie Interesse an unseren Angeboten oder Fragen dazu? Kontaktieren Sie einfach unsere Ansprechpartner:<\/p>\n\n\n\n<figure class=\"wp-block-table\"><table><tbody><tr><td>\u00d6ffnungszeiten<\/td><td>Montag \u2013 Freitag 8:00 bis 15:00 Uhr<br>weitere Termine nach Vereinbarung<\/td><\/tr><tr><td>Telefon:<\/td><td>+43 1 54615 130<br>+43 680 1155090<\/td><\/tr><tr><td>Mail:<\/td><td><a href=\"javascript:;\">versuchsanstalt@spengergasse.at<\/a><\/td><\/tr><\/tbody><\/table><\/figure>\n<\/div>\n","protected":false},"excerpt":{"rendered":"<p>IT-Sicherheit ist ein allumfassender Begriff f\u00fcr alle technischen und organisatorischen Ma\u00dfnahmen, die notwendig sind Ihre IT-Infrastruktur vor Angriffen und anderen Bedrohungen zu sch\u00fctzen. Der reine operative Betrieb einer IT-Infrastruktur verlangt hohe IT-sicherheitstechnische Ma\u00dfnahmen, die nicht nur technischer Natur sind. Je gr\u00f6\u00dfer die&#8230;<\/p>\n","protected":false},"author":1,"featured_media":0,"parent":3105,"menu_order":0,"comment_status":"closed","ping_status":"closed","template":"","meta":{"footnotes":""},"class_list":["post-4938","page","type-page","status-publish","hentry"],"_links":{"self":[{"href":"https:\/\/www.spengergasse.at\/index.php?rest_route=\/wp\/v2\/pages\/4938","targetHints":{"allow":["GET"]}}],"collection":[{"href":"https:\/\/www.spengergasse.at\/index.php?rest_route=\/wp\/v2\/pages"}],"about":[{"href":"https:\/\/www.spengergasse.at\/index.php?rest_route=\/wp\/v2\/types\/page"}],"author":[{"embeddable":true,"href":"https:\/\/www.spengergasse.at\/index.php?rest_route=\/wp\/v2\/users\/1"}],"replies":[{"embeddable":true,"href":"https:\/\/www.spengergasse.at\/index.php?rest_route=%2Fwp%2Fv2%2Fcomments&post=4938"}],"version-history":[{"count":4,"href":"https:\/\/www.spengergasse.at\/index.php?rest_route=\/wp\/v2\/pages\/4938\/revisions"}],"predecessor-version":[{"id":9399,"href":"https:\/\/www.spengergasse.at\/index.php?rest_route=\/wp\/v2\/pages\/4938\/revisions\/9399"}],"up":[{"embeddable":true,"href":"https:\/\/www.spengergasse.at\/index.php?rest_route=\/wp\/v2\/pages\/3105"}],"wp:attachment":[{"href":"https:\/\/www.spengergasse.at\/index.php?rest_route=%2Fwp%2Fv2%2Fmedia&parent=4938"}],"curies":[{"name":"wp","href":"https:\/\/api.w.org\/{rel}","templated":true}]}}