{"id":4921,"date":"2021-04-16T15:28:34","date_gmt":"2021-04-16T13:28:34","guid":{"rendered":"https:\/\/www.spengergasse.at\/?page_id=4921"},"modified":"2025-09-16T13:15:58","modified_gmt":"2025-09-16T11:15:58","slug":"fachbereich-informatik-it-strategie","status":"publish","type":"page","link":"https:\/\/www.spengergasse.at\/?page_id=4921","title":{"rendered":"Fachbereich Informatik &#8211; IT-Strategie"},"content":{"rendered":"\n<p>In jeder Organisation ist die IT heutzutage pr\u00e4sent: Entweder in gr\u00f6\u00dferen Organisationen als Stabsstelle in einer eigenen Abteilung oder in kleinen Organisationen als erweitertes Aufgabenspektrum eines Mitarbeiters bzw. einer Mitarbeiterin. Soll die IT-Abteilung wirklich als Stabstelle in Ihrer Organisation eingerichtet sein oder ist diese eigentlich eine reine Dienstleistungsabteilung, die reine Unterst\u00fctzungsprozesse anbietet? Oft sind IT-Abteilungen auch stark in der Organisationsentwicklung eingesetzt, weil im Grunde fast jeder Prozess innerhalb einer Organisation IT-unterst\u00fctzt ist. Ist es gut, dass die IT-Abteilung in diese Organisationsentwicklung so stark involviert ist, obwohl die Expertise der IT-Abteilung in Ihrer Organisation eigentlich eine technische und keine organisatorische ist?<\/p>\n\n\n\n<p>Unsere Angebote:<\/p>\n\n\n\n<figure class=\"wp-block-table is-style-stripes\"><table><tbody><tr><td>Analyse Ihrer IT-Strategie<\/td><\/tr><tr><td>Erstellung bzw. Aktualisierung Ihrer IT-Strategie<\/td><\/tr><tr><td>Begleitung bei der Umsetzung Ihrer IT-Strategie<\/td><\/tr><\/tbody><\/table><\/figure>\n\n\n\n<div class=\"wp-block-group is-layout-flow wp-block-group-is-layout-flow\">\n<p>Haben Sie Interesse an unseren Angeboten oder Fragen dazu? Kontaktieren Sie einfach unsere Ansprechpartner:<\/p>\n\n\n\n<figure class=\"wp-block-table\"><table><tbody><tr><td>\u00d6ffnungszeiten<\/td><td>Montag \u2013 Freitag 8:00 bis 15:00 Uhr<br>weitere Termine nach Vereinbarung<\/td><\/tr><tr><td>Telefon:<\/td><td>+43 1 54615 130<br>+43 680 1155090<\/td><\/tr><tr><td>Mail:<\/td><td><a href=\"javascript:;\">versuchsanstalt@spengergasse.at<\/a><\/td><\/tr><\/tbody><\/table><\/figure>\n<\/div>\n","protected":false},"excerpt":{"rendered":"<p>In jeder Organisation ist die IT heutzutage pr\u00e4sent: Entweder in gr\u00f6\u00dferen Organisationen als Stabsstelle in einer eigenen Abteilung oder in kleinen Organisationen als erweitertes Aufgabenspektrum eines Mitarbeiters bzw. einer Mitarbeiterin. Soll die IT-Abteilung wirklich als Stabstelle in Ihrer Organisation eingerichtet sein oder&#8230;<\/p>\n","protected":false},"author":1,"featured_media":0,"parent":3105,"menu_order":0,"comment_status":"closed","ping_status":"closed","template":"","meta":{"footnotes":""},"class_list":["post-4921","page","type-page","status-publish","hentry"],"_links":{"self":[{"href":"https:\/\/www.spengergasse.at\/index.php?rest_route=\/wp\/v2\/pages\/4921","targetHints":{"allow":["GET"]}}],"collection":[{"href":"https:\/\/www.spengergasse.at\/index.php?rest_route=\/wp\/v2\/pages"}],"about":[{"href":"https:\/\/www.spengergasse.at\/index.php?rest_route=\/wp\/v2\/types\/page"}],"author":[{"embeddable":true,"href":"https:\/\/www.spengergasse.at\/index.php?rest_route=\/wp\/v2\/users\/1"}],"replies":[{"embeddable":true,"href":"https:\/\/www.spengergasse.at\/index.php?rest_route=%2Fwp%2Fv2%2Fcomments&post=4921"}],"version-history":[{"count":10,"href":"https:\/\/www.spengergasse.at\/index.php?rest_route=\/wp\/v2\/pages\/4921\/revisions"}],"predecessor-version":[{"id":9400,"href":"https:\/\/www.spengergasse.at\/index.php?rest_route=\/wp\/v2\/pages\/4921\/revisions\/9400"}],"up":[{"embeddable":true,"href":"https:\/\/www.spengergasse.at\/index.php?rest_route=\/wp\/v2\/pages\/3105"}],"wp:attachment":[{"href":"https:\/\/www.spengergasse.at\/index.php?rest_route=%2Fwp%2Fv2%2Fmedia&parent=4921"}],"curies":[{"name":"wp","href":"https:\/\/api.w.org\/{rel}","templated":true}]}}