{"id":3349,"date":"2020-04-04T17:38:42","date_gmt":"2020-04-04T15:38:42","guid":{"rendered":"http:\/\/193.170.108.10\/?page_id=3349"},"modified":"2023-09-18T09:33:37","modified_gmt":"2023-09-18T07:33:37","slug":"schulgemeinschaftsauschuesse","status":"publish","type":"page","link":"https:\/\/www.spengergasse.at\/?page_id=3349","title":{"rendered":"Schulgemeinschaftsausch\u00fcsse"},"content":{"rendered":"\n<p>gem\u00e4\u00df SchUG f\u00fcr das Schuljahr 2023\/2024:<\/p>\n\n\n\n<figure class=\"wp-block-table is-style-stripes\"><table><tbody><tr><td>Fuhrer Elias<\/td><td>Sch\u00fclerInnenvertretung<\/td><\/tr><tr><td>Grytsay Daniel<\/td><td>Sch\u00fclerInnenvertretung<\/td><\/tr><tr><td>Strojnik Elias<\/td><td>Sch\u00fclerInnenvertretung<\/td><\/tr><tr><td>Shira Enea<\/td><td>Sch\u00fclerInnenvertretung<\/td><\/tr><tr><td>Pradl El Mougy Nabil<\/td><td>Sch\u00fclerInnenvertretung<\/td><\/tr><tr><td>Sch\u00f6nbauer Johannes<\/td><td>Elternvertretung<\/td><\/tr><tr><td>Bernkopf Michael<\/td><td>Elternvertretung<\/td><\/tr><tr><td>Friedl Werner<\/td><td>Elternvertretung<\/td><\/tr><tr><td>Griesmayer Andrea<\/td><td>LehrerInnenvertretung<\/td><\/tr><tr><td>Kodydek Christian<\/td><td>LehrerInnenvertretung<\/td><\/tr><tr><td>Schmoll Birgit<\/td><td>LehrerInnenvertretung<\/td><\/tr><tr><td>Puhm Ursula<\/td><td>LehrerInnenvertretung<\/td><\/tr><tr><td>Puchhammer Alexander<\/td><td>LehrerInnenvertretung<\/td><\/tr><tr><td>Trappl Katharina<\/td><td>LehrerInnenvertretung<\/td><\/tr><\/tbody><\/table><\/figure>\n\n\n\n<p>gem\u00e4\u00df SchUG-BKV f\u00fcr das Schuljahr 2019\/2020:<\/p>\n\n\n\n<figure class=\"wp-block-table is-style-stripes\"><table><tbody><tr><td>Pepl Kornelia<\/td><td>Studierendenvertretung<\/td><\/tr><tr><td>Riedler Luna<\/td><td>Studierendenvertretung<\/td><\/tr><tr><td>Geisinger Evelynn<\/td><td>Studierendenvertretung<\/td><\/tr><tr><td>Kantas Daniel<\/td><td>Studierendenvertretung<\/td><\/tr><tr><td>Krebs Benjamin<\/td><td>Studierendenvertretung<\/td><\/tr><tr><td>Hawelka Dorothea<\/td><td>Studierendenvertretung<\/td><\/tr><tr><td>Antonescu Margareth<\/td><td>LehrerInnenvertretung<\/td><\/tr><tr><td>Schletz Michael<\/td><td>LehrerInnenvertretung<\/td><\/tr><tr><td>Schiefer Birgit<\/td><td>LehrerInnenvertretung<\/td><\/tr><tr><td>Engleitner Thomas<\/td><td>LehrerInnenvertretung<\/td><\/tr><tr><td>Ollrom Martin<\/td><td>LehrerInnenvertretung<\/td><\/tr><\/tbody><\/table><\/figure>\n","protected":false},"excerpt":{"rendered":"<p>gem\u00e4\u00df SchUG f\u00fcr das Schuljahr 2023\/2024: Fuhrer Elias Sch\u00fclerInnenvertretung Grytsay Daniel Sch\u00fclerInnenvertretung Strojnik Elias Sch\u00fclerInnenvertretung Shira Enea Sch\u00fclerInnenvertretung Pradl El Mougy Nabil Sch\u00fclerInnenvertretung Sch\u00f6nbauer Johannes Elternvertretung Bernkopf Michael Elternvertretung Friedl Werner Elternvertretung Griesmayer Andrea LehrerInnenvertretung Kodydek Christian LehrerInnenvertretung Schmoll Birgit LehrerInnenvertretung Puhm&#8230;<\/p>\n","protected":false},"author":1,"featured_media":0,"parent":2218,"menu_order":0,"comment_status":"closed","ping_status":"closed","template":"","meta":{"footnotes":""},"class_list":["post-3349","page","type-page","status-publish","hentry"],"_links":{"self":[{"href":"https:\/\/www.spengergasse.at\/index.php?rest_route=\/wp\/v2\/pages\/3349","targetHints":{"allow":["GET"]}}],"collection":[{"href":"https:\/\/www.spengergasse.at\/index.php?rest_route=\/wp\/v2\/pages"}],"about":[{"href":"https:\/\/www.spengergasse.at\/index.php?rest_route=\/wp\/v2\/types\/page"}],"author":[{"embeddable":true,"href":"https:\/\/www.spengergasse.at\/index.php?rest_route=\/wp\/v2\/users\/1"}],"replies":[{"embeddable":true,"href":"https:\/\/www.spengergasse.at\/index.php?rest_route=%2Fwp%2Fv2%2Fcomments&post=3349"}],"version-history":[{"count":6,"href":"https:\/\/www.spengergasse.at\/index.php?rest_route=\/wp\/v2\/pages\/3349\/revisions"}],"predecessor-version":[{"id":6904,"href":"https:\/\/www.spengergasse.at\/index.php?rest_route=\/wp\/v2\/pages\/3349\/revisions\/6904"}],"up":[{"embeddable":true,"href":"https:\/\/www.spengergasse.at\/index.php?rest_route=\/wp\/v2\/pages\/2218"}],"wp:attachment":[{"href":"https:\/\/www.spengergasse.at\/index.php?rest_route=%2Fwp%2Fv2%2Fmedia&parent=3349"}],"curies":[{"name":"wp","href":"https:\/\/api.w.org\/{rel}","templated":true}]}}