{"id":3113,"date":"2020-04-03T13:25:49","date_gmt":"2020-04-03T11:25:49","guid":{"rendered":"http:\/\/193.170.108.10\/?page_id=3113"},"modified":"2020-04-04T18:03:35","modified_gmt":"2020-04-04T16:03:35","slug":"news","status":"publish","type":"page","link":"https:\/\/www.spengergasse.at\/?page_id=3113","title":{"rendered":"News"},"content":{"rendered":"\n<p><strong>Kooperationen:<\/strong><\/p>\n\n\n\n<ul class=\"wp-block-list\"><li>TU Wien \u2013 Nanotechnologie<\/li><li>TGM \u2013 Geotextilpr\u00fcfungen<\/li><li>Textiles Zentrum Haslach \u2013 Prototypenentwicklung<\/li><li>smart\u2013textiles Plattform Austria<\/li><\/ul>\n\n\n\n<p><\/p>\n\n\n\n<p><strong>Pr\u00fcftechnik:<\/strong><\/p>\n\n\n\n<p>St\u00e4ndige Erweiterung von Pr\u00fcfeinrichtungen wie z. B.:<\/p>\n\n\n\n<ul class=\"wp-block-list\"><li>GC, AAS, IR<\/li><li>Xenon-Test<\/li><li>Elektronenmikroskopie<\/li><li>Scheuerpr\u00fcfung<\/li><li>Dickenmessung<\/li><li>usw.<\/li><\/ul>\n\n\n\n<p><\/p>\n\n\n\n<p><strong>Seminare:<\/strong><\/p>\n\n\n\n<p>Neues Seminarprogramm siehe Men\u00fcpunkt <a href=\"\/?page_id=3166\">&#8222;Veranstaltungen&#8220;<\/a>!<\/p>\n\n\n\n<p><strong>Innovationen:<\/strong><\/p>\n\n\n\n<ul class=\"wp-block-list\"><li>Entwicklung einer neuen Gewebestruktur mit Kurt Hofstetter (FFG\u2013Forschungsprojekt)&nbsp;&nbsp;<a href=\"\/?attachment_id=3346\" target=\"_blank\" rel=\"noreferrer noopener\">Details &gt;&gt;<\/a><\/li><li>Sparkling\u2013Science\u2013Projekt mit der TU Wien (Verschwei\u00dfen von Textilien mit Lasertechnologien)&nbsp;&nbsp;<a href=\"\/?attachment_id=3345\" target=\"_blank\" rel=\"noreferrer noopener\">Details &gt;&gt;<\/a><\/li><li>Sch\u00fclerprojekte in Zusammenarbeit mit der Versuchsanstalt mit den Industriebetrieben ab September 2016<\/li><\/ul>\n","protected":false},"excerpt":{"rendered":"<p>Kooperationen: TU Wien \u2013 Nanotechnologie TGM \u2013 Geotextilpr\u00fcfungen Textiles Zentrum Haslach \u2013 Prototypenentwicklung smart\u2013textiles Plattform Austria Pr\u00fcftechnik: St\u00e4ndige Erweiterung von Pr\u00fcfeinrichtungen wie z. B.: GC, AAS, IR Xenon-Test Elektronenmikroskopie Scheuerpr\u00fcfung Dickenmessung usw. Seminare: Neues Seminarprogramm siehe Men\u00fcpunkt &#8222;Veranstaltungen&#8220;! Innovationen: Entwicklung einer neuen&#8230;<\/p>\n","protected":false},"author":1,"featured_media":0,"parent":2216,"menu_order":0,"comment_status":"closed","ping_status":"closed","template":"","meta":{"footnotes":""},"class_list":["post-3113","page","type-page","status-publish","hentry"],"_links":{"self":[{"href":"https:\/\/www.spengergasse.at\/index.php?rest_route=\/wp\/v2\/pages\/3113","targetHints":{"allow":["GET"]}}],"collection":[{"href":"https:\/\/www.spengergasse.at\/index.php?rest_route=\/wp\/v2\/pages"}],"about":[{"href":"https:\/\/www.spengergasse.at\/index.php?rest_route=\/wp\/v2\/types\/page"}],"author":[{"embeddable":true,"href":"https:\/\/www.spengergasse.at\/index.php?rest_route=\/wp\/v2\/users\/1"}],"replies":[{"embeddable":true,"href":"https:\/\/www.spengergasse.at\/index.php?rest_route=%2Fwp%2Fv2%2Fcomments&post=3113"}],"version-history":[{"count":4,"href":"https:\/\/www.spengergasse.at\/index.php?rest_route=\/wp\/v2\/pages\/3113\/revisions"}],"predecessor-version":[{"id":3360,"href":"https:\/\/www.spengergasse.at\/index.php?rest_route=\/wp\/v2\/pages\/3113\/revisions\/3360"}],"up":[{"embeddable":true,"href":"https:\/\/www.spengergasse.at\/index.php?rest_route=\/wp\/v2\/pages\/2216"}],"wp:attachment":[{"href":"https:\/\/www.spengergasse.at\/index.php?rest_route=%2Fwp%2Fv2%2Fmedia&parent=3113"}],"curies":[{"name":"wp","href":"https:\/\/api.w.org\/{rel}","templated":true}]}}