{"id":3105,"date":"2020-04-03T13:23:31","date_gmt":"2020-04-03T11:23:31","guid":{"rendered":"http:\/\/193.170.108.10\/?page_id=3105"},"modified":"2025-09-16T13:11:16","modified_gmt":"2025-09-16T11:11:16","slug":"leistung","status":"publish","type":"page","link":"https:\/\/www.spengergasse.at\/?page_id=3105","title":{"rendered":"Fachbereich Informatik"},"content":{"rendered":"\n<p>Der Fachbereich Informatik der Staatlichen Versuchsanstalt f\u00fcr Textil und Informatik bietet Ihnen f\u00fcr Ihre Organisation Beratungen und Unterst\u00fctzungen bei der Neueinf\u00fchrung und Weiterentwicklung im Bereich der Informatik an. Hochqualifizierte Mitarbeiterinnen und Mitarbeiter unterst\u00fctzen Sie mit ihrer Expertise und begleiten Sie bei Ihrem IT-Projekt.<\/p>\n\n\n\n<p>In folgenden Teilbereichen k\u00f6nnen wir Sie beraten und unterst\u00fctzen: <\/p>\n\n\n\n<figure class=\"wp-block-table is-style-regular\"><table><tbody><tr><td><a href=\"https:\/\/www.spengergasse.at\/?page_id=4921\" data-type=\"page\" data-id=\"4921\">IT-Strategie<\/a><\/td><td><a href=\"https:\/\/www.spengergasse.at\/?page_id=4938\" data-type=\"page\" data-id=\"4938\">IT-Sicherheit<\/a><\/td><td><a href=\"https:\/\/www.spengergasse.at\/?page_id=4951\" data-type=\"page\" data-id=\"4951\">IT-G\u00fctesiegel<\/a><\/td><\/tr><tr><td><a href=\"https:\/\/www.spengergasse.at\/?page_id=4955\" data-type=\"page\" data-id=\"4955\">IT-Infrastruktur<\/a><\/td><td><a href=\"https:\/\/www.spengergasse.at\/?page_id=4958\" data-type=\"page\" data-id=\"4958\">IT-Qualit\u00e4tssicherung<\/a><\/td><td><a href=\"https:\/\/www.spengergasse.at\/?page_id=4972\">Datenbankssysteme<\/a><\/td><\/tr><tr><td><a href=\"https:\/\/www.spengergasse.at\/?page_id=4960\" data-type=\"page\" data-id=\"4960\">IT-Awareness<\/a><\/td><td><a href=\"https:\/\/www.spengergasse.at\/?page_id=4962\" data-type=\"page\" data-id=\"4962\">IT-Beratung exklusiv f\u00fcr Schulen<\/a><\/td><td><a href=\"https:\/\/www.spengergasse.at\/?page_id=4964\" data-type=\"page\" data-id=\"4964\">Virtualisierung<\/a><\/td><\/tr><tr><td><a href=\"https:\/\/www.spengergasse.at\/?page_id=4968\" data-type=\"page\" data-id=\"4968\">Datenrettung und -l\u00f6schung<\/a><\/td><td><a href=\"https:\/\/www.spengergasse.at\/?page_id=4974\" data-type=\"page\" data-id=\"4974\">Industrie 4.0\/IoT<\/a><\/td><td><a href=\"https:\/\/www.spengergasse.at\/?page_id=4970\" data-type=\"page\" data-id=\"4970\">Datenschutz<\/a><\/td><\/tr><tr><td><a href=\"https:\/\/www.spengergasse.at\/?page_id=4953\">IT-Management<\/a><\/td><td><a href=\"https:\/\/www.spengergasse.at\/?page_id=4966\">Software-Engineering<\/a><\/td><td><\/td><\/tr><\/tbody><\/table><\/figure>\n\n\n\n<p>K\u00f6nnen wir Sie bei Ihrem IT-Projekt unterst\u00fctzen oder haben Sie Fragen zu den Teilbereichen? Kontaktieren Sie bitte einfach unsere Ansprechpartner:<\/p>\n\n\n\n<figure class=\"wp-block-table\"><table><tbody><tr><td>\u00d6ffnungszeiten<\/td><td>Montag \u2013 Freitag 8:00 bis 15:00 Uhr<br>weitere Termine nach Vereinbarung<\/td><\/tr><tr><td>Telefon:<\/td><td>+43 1 54615 130<br>+43 680 1155090<\/td><\/tr><tr><td>Mail:<\/td><td><a href=\"javascript:;\">versuchsanstalt@spengergasse.at<\/a><\/td><\/tr><\/tbody><\/table><\/figure>\n\n\n\n<p><\/p>\n","protected":false},"excerpt":{"rendered":"<p>Der Fachbereich Informatik der Staatlichen Versuchsanstalt f\u00fcr Textil und Informatik bietet Ihnen f\u00fcr Ihre Organisation Beratungen und Unterst\u00fctzungen bei der Neueinf\u00fchrung und Weiterentwicklung im Bereich der Informatik an. Hochqualifizierte Mitarbeiterinnen und Mitarbeiter unterst\u00fctzen Sie mit ihrer Expertise und begleiten Sie bei Ihrem&#8230;<\/p>\n","protected":false},"author":1,"featured_media":0,"parent":2216,"menu_order":0,"comment_status":"closed","ping_status":"closed","template":"","meta":{"footnotes":""},"class_list":["post-3105","page","type-page","status-publish","hentry"],"_links":{"self":[{"href":"https:\/\/www.spengergasse.at\/index.php?rest_route=\/wp\/v2\/pages\/3105","targetHints":{"allow":["GET"]}}],"collection":[{"href":"https:\/\/www.spengergasse.at\/index.php?rest_route=\/wp\/v2\/pages"}],"about":[{"href":"https:\/\/www.spengergasse.at\/index.php?rest_route=\/wp\/v2\/types\/page"}],"author":[{"embeddable":true,"href":"https:\/\/www.spengergasse.at\/index.php?rest_route=\/wp\/v2\/users\/1"}],"replies":[{"embeddable":true,"href":"https:\/\/www.spengergasse.at\/index.php?rest_route=%2Fwp%2Fv2%2Fcomments&post=3105"}],"version-history":[{"count":11,"href":"https:\/\/www.spengergasse.at\/index.php?rest_route=\/wp\/v2\/pages\/3105\/revisions"}],"predecessor-version":[{"id":9397,"href":"https:\/\/www.spengergasse.at\/index.php?rest_route=\/wp\/v2\/pages\/3105\/revisions\/9397"}],"up":[{"embeddable":true,"href":"https:\/\/www.spengergasse.at\/index.php?rest_route=\/wp\/v2\/pages\/2216"}],"wp:attachment":[{"href":"https:\/\/www.spengergasse.at\/index.php?rest_route=%2Fwp%2Fv2%2Fmedia&parent=3105"}],"curies":[{"name":"wp","href":"https:\/\/api.w.org\/{rel}","templated":true}]}}