{"id":3104,"date":"2020-04-03T13:23:31","date_gmt":"2020-04-03T11:23:31","guid":{"rendered":"http:\/\/193.170.108.10\/?page_id=3104"},"modified":"2024-02-16T13:14:38","modified_gmt":"2024-02-16T12:14:38","slug":"fachbereiche","status":"publish","type":"page","link":"https:\/\/www.spengergasse.at\/?page_id=3104","title":{"rendered":"Fachbereich Pr\u00fcftechnik"},"content":{"rendered":"\n<p>Hier finden Sie eine \u00dcbersicht \u00fcber die einzelnen Fachgebiete im Fachbereich Pr\u00fcftechnik:<\/p>\n\n\n\n<figure class=\"wp-block-table is-style-stripes\"><table><tbody><tr><td><strong>Textitechnik<\/strong><\/td><td>Textil- und Analytik<\/td><\/tr><tr><td><strong>Umweltanalytik<\/strong><\/td><td>Mikroplastik<\/td><\/tr><tr><td><strong>Mikroskopie<\/strong><\/td><td>Optische Mikroskopie<br>Elektronenmikroskopie<\/td><\/tr><tr><td><strong>Werkstoffpr\u00fcfung<\/strong><\/td><td>Materialanalyse<\/td><\/tr><tr><td><strong>Forschung und Entwicklung<\/strong><\/td><td>Forschungsprogramme<\/td><\/tr><tr><td><strong>Erwachsenenbildung<\/strong><\/td><td>Grundlagenseminare Textiltechnik<\/td><\/tr><\/tbody><\/table><\/figure>\n\n\n\n<p>Hierf\u00fcr bieten wir f\u00fcr Sie folgende Leistungen an:<\/p>\n\n\n\n<figure class=\"wp-block-table is-style-stripes\"><table><tbody><tr><td>Werkstoffpr\u00fcfungen (Textilien, Metalle, Kunststoffe)<\/td><\/tr><tr><td>Geotextilpr\u00fcfung<\/td><\/tr><tr><td>Schadensbegutachtungen<\/td><\/tr><tr><td>Unterst\u00fctzung bei Ausschreibungen und Abnahmetests<\/td><\/tr><tr><td>Projektbegleitung<\/td><\/tr><tr><td>Qualit\u00e4tsbeurteilungen (G\u00fctesiegel, Angebotspr\u00fcfung)<\/td><\/tr><tr><td>Beratungen<\/td><\/tr><tr><td>Veranstaltung facheinschl\u00e4giger Seminare<\/td><\/tr><\/tbody><\/table><\/figure>\n\n\n\n<p><\/p>\n\n\n\n<p><\/p>\n","protected":false},"excerpt":{"rendered":"<p>Hier finden Sie eine \u00dcbersicht \u00fcber die einzelnen Fachgebiete im Fachbereich Pr\u00fcftechnik: Textitechnik Textil- und Analytik Umweltanalytik Mikroplastik Mikroskopie Optische MikroskopieElektronenmikroskopie Werkstoffpr\u00fcfung Materialanalyse Forschung und Entwicklung Forschungsprogramme Erwachsenenbildung Grundlagenseminare Textiltechnik Hierf\u00fcr bieten wir f\u00fcr Sie folgende Leistungen an: Werkstoffpr\u00fcfungen (Textilien, Metalle, Kunststoffe)&#8230;<\/p>\n","protected":false},"author":1,"featured_media":0,"parent":2216,"menu_order":0,"comment_status":"closed","ping_status":"closed","template":"","meta":{"footnotes":""},"class_list":["post-3104","page","type-page","status-publish","hentry"],"_links":{"self":[{"href":"https:\/\/www.spengergasse.at\/index.php?rest_route=\/wp\/v2\/pages\/3104","targetHints":{"allow":["GET"]}}],"collection":[{"href":"https:\/\/www.spengergasse.at\/index.php?rest_route=\/wp\/v2\/pages"}],"about":[{"href":"https:\/\/www.spengergasse.at\/index.php?rest_route=\/wp\/v2\/types\/page"}],"author":[{"embeddable":true,"href":"https:\/\/www.spengergasse.at\/index.php?rest_route=\/wp\/v2\/users\/1"}],"replies":[{"embeddable":true,"href":"https:\/\/www.spengergasse.at\/index.php?rest_route=%2Fwp%2Fv2%2Fcomments&post=3104"}],"version-history":[{"count":17,"href":"https:\/\/www.spengergasse.at\/index.php?rest_route=\/wp\/v2\/pages\/3104\/revisions"}],"predecessor-version":[{"id":7339,"href":"https:\/\/www.spengergasse.at\/index.php?rest_route=\/wp\/v2\/pages\/3104\/revisions\/7339"}],"up":[{"embeddable":true,"href":"https:\/\/www.spengergasse.at\/index.php?rest_route=\/wp\/v2\/pages\/2216"}],"wp:attachment":[{"href":"https:\/\/www.spengergasse.at\/index.php?rest_route=%2Fwp%2Fv2%2Fmedia&parent=3104"}],"curies":[{"name":"wp","href":"https:\/\/api.w.org\/{rel}","templated":true}]}}