{"id":3053,"date":"2020-04-01T20:18:51","date_gmt":"2020-04-01T18:18:51","guid":{"rendered":"http:\/\/193.170.108.10\/?page_id=3053"},"modified":"2020-04-01T20:18:52","modified_gmt":"2020-04-01T18:18:52","slug":"studierendenvertretung","status":"publish","type":"page","link":"https:\/\/www.spengergasse.at\/?page_id=3053","title":{"rendered":"Studierendenvertretung"},"content":{"rendered":"<p>Email: schuelervertretung@spengergasse.at<\/p>\n<p>Schulsprecherin: RADMAN Anna<br \/>\nSchulsprecher Stellvertreter: MAYER Kilian<\/p>\n<p>Abteilungssprecher<\/p>\n<ul>\n<li>Abteilungssprecher der H\u00f6heren Lehranstalt f\u00fcr Informatik:<br \/>\nAVSAR Ugur, Stellvertreter BAUER Johannes<\/li>\n<li>Abteilungssprecher der H\u00f6heren Abteilung f\u00fcr Wirtschaftsingenieure\/Technisches Management :<br \/>\nLIST Leon, Stellvertreter BUGA Alexandru<\/li>\n<li>Abteilungssprecher der H\u00f6heren Lehranstalt f\u00fcr Biomedizin und Gesundheitstechnik sowie der Fachschule f\u00fcr Informationstechnik:<br \/>\nFUHRER Elias, Stellvertreter URTZ Paul<\/li>\n<li>Abteilungssprecher der H\u00f6heren Lehranstalt f\u00fcr Kunst und Design:<br \/>\nRADMAN Anna, Stellvertreter MAYER Kilian<\/li>\n<li>Abteilungssprecher Fachschule<br \/>\nG\u00dcRB\u00dcZ Semih, Stellvertreter RADU Pascal<\/li>\n<li>Studierendenvertreter\/innen im SchUG-BKV BereichRIEDLER Luna<br \/>\nDIBL Nikolaus<br \/>\nPEPL Kornelia<br \/>\nBRUNEDER Thomas<br \/>\nHASCHKA Gerhard<\/li>\n<\/ul>\n","protected":false},"excerpt":{"rendered":"<p>Email: schuelervertretung@spengergasse.at Schulsprecherin: RADMAN Anna Schulsprecher Stellvertreter: MAYER Kilian Abteilungssprecher Abteilungssprecher der H\u00f6heren Lehranstalt f\u00fcr Informatik: AVSAR Ugur, Stellvertreter BAUER Johannes Abteilungssprecher der H\u00f6heren Abteilung f\u00fcr Wirtschaftsingenieure\/Technisches Management : LIST Leon, Stellvertreter BUGA Alexandru Abteilungssprecher der H\u00f6heren Lehranstalt f\u00fcr Biomedizin und Gesundheitstechnik&#8230;<\/p>\n","protected":false},"author":2,"featured_media":0,"parent":2218,"menu_order":0,"comment_status":"closed","ping_status":"closed","template":"","meta":{"footnotes":""},"class_list":["post-3053","page","type-page","status-publish","hentry"],"_links":{"self":[{"href":"https:\/\/www.spengergasse.at\/index.php?rest_route=\/wp\/v2\/pages\/3053","targetHints":{"allow":["GET"]}}],"collection":[{"href":"https:\/\/www.spengergasse.at\/index.php?rest_route=\/wp\/v2\/pages"}],"about":[{"href":"https:\/\/www.spengergasse.at\/index.php?rest_route=\/wp\/v2\/types\/page"}],"author":[{"embeddable":true,"href":"https:\/\/www.spengergasse.at\/index.php?rest_route=\/wp\/v2\/users\/2"}],"replies":[{"embeddable":true,"href":"https:\/\/www.spengergasse.at\/index.php?rest_route=%2Fwp%2Fv2%2Fcomments&post=3053"}],"version-history":[{"count":1,"href":"https:\/\/www.spengergasse.at\/index.php?rest_route=\/wp\/v2\/pages\/3053\/revisions"}],"predecessor-version":[{"id":3054,"href":"https:\/\/www.spengergasse.at\/index.php?rest_route=\/wp\/v2\/pages\/3053\/revisions\/3054"}],"up":[{"embeddable":true,"href":"https:\/\/www.spengergasse.at\/index.php?rest_route=\/wp\/v2\/pages\/2218"}],"wp:attachment":[{"href":"https:\/\/www.spengergasse.at\/index.php?rest_route=%2Fwp%2Fv2%2Fmedia&parent=3053"}],"curies":[{"name":"wp","href":"https:\/\/api.w.org\/{rel}","templated":true}]}}