{"id":3005,"date":"2020-03-19T23:22:59","date_gmt":"2020-03-19T22:22:59","guid":{"rendered":"http:\/\/193.170.108.10\/?page_id=3005"},"modified":"2026-03-10T11:44:17","modified_gmt":"2026-03-10T10:44:17","slug":"schulpsychologin","status":"publish","type":"page","link":"https:\/\/www.spengergasse.at\/?page_id=3005","title":{"rendered":"Schulpsychologin"},"content":{"rendered":"\n<figure class=\"wp-block-image size-full\"><img loading=\"lazy\" decoding=\"async\" width=\"210\" height=\"342\" src=\"https:\/\/www.spengergasse.at\/wp-content\/uploads\/2025\/11\/Schulpsychologie.png\" alt=\"\" class=\"wp-image-9626\" srcset=\"https:\/\/www.spengergasse.at\/wp-content\/uploads\/2025\/11\/Schulpsychologie.png 210w, https:\/\/www.spengergasse.at\/wp-content\/uploads\/2025\/11\/Schulpsychologie-184x300.png 184w\" sizes=\"auto, (max-width: 210px) 100vw, 210px\" \/><\/figure>\n\n\n<div class=\"pane-content\">\n<div id=\"node-116\" class=\"node node-page clearfix\">\n<div class=\"content\">\n<div class=\"field field-name-body field-type-text-with-summary field-label-hidden\">\n<div class=\"field-items\">\n<div class=\"field-item even\">\n<p>Mag. Zehra G\u00dcM\u00dcS<\/p>\n<p>Schulpsychologin, Klinische Psychologin &amp; Gesundheitspsychologin<\/p>\n<p>+ 43 677 643 875 14<br \/><a href=\"mailto:zehra.guemues@bmb.gv.at\">zehra.guemues@bmb.gv.at<\/a><\/p>\n<p>Telefonisch erreichbar Mo-Do 09:00-14:30, Fr 09:00 -13:00<\/p>\n<\/div>\n<\/div>\n<\/div>\n<\/div>\n<\/div>\n<\/div>\n\n\n<p>Die Termine erfolgen nach schriftlicher Anfrage (per Mail oder Anmeldelink siehe unten in der Terminliste) in der Schule (Raum A1.04) oder im B\u00fcro (Freyung 1, 1010 Wien).<\/p>\n\n\n\n<p>Die Schulpsychologie steht als psychologische Beratungseinrichtung des Bundesministeriums Sch\u00fclerinnen und Sch\u00fclern, Lehrenden sowie Erziehungsberechtigten und Leitungspersonen zur Verf\u00fcgung.<\/p>\n\n\n\n<p>Die Inanspruchnahme von schulpsychologischen Leistungen ist freiwillig, kostenlos und vertraulich.<\/p>\n\n\n\n<p>Zu folgenden Bereichen k\u00f6nnen Sch\u00fclerinnen\/Sch\u00fcler, Lehrkr\u00e4fte und Erziehungsberechtigte Unterst\u00fctzung bekommen:<\/p>\n\n\n\n<figure class=\"wp-block-table is-style-stripes\"><table><tbody><tr><td>Lern- und Leistungsprobleme<\/td><\/tr><tr><td>pers\u00f6nliche Krisen<\/td><\/tr><tr><td>Konflikte im sozialen Umfeld<\/td><\/tr><tr><td>Bildungsberatung<\/td><\/tr><tr><td>Zutrauen und Bew\u00e4ltigungskompetenzen<\/td><\/tr><tr><td>Mentale Gesundheit<\/td><\/tr><\/tbody><\/table><\/figure>\n\n\n\n<p>Wie sieht die Hilfe aus:<\/p>\n\n\n\n<figure class=\"wp-block-table is-style-stripes\"><table><tbody><tr><td>Erstgespr\u00e4ch und Beratung<\/td><\/tr><tr><td>Psychologische Diagnostik<\/td><\/tr><tr><td>Psychologisch-klinische Intervention<\/td><\/tr><tr><td>Supervision und Coaching<\/td><\/tr><tr><td>Krisenintervention<\/td><\/tr><\/tbody><\/table><\/figure>\n\n\n\n<p>Bitte beachten Sie bei der Kontaktaufnahme per E-Mail folgende Form:<\/p>\n\n\n\n<p class=\"has-small-font-size\">Betreff*<\/p>\n\n\n\n<p class=\"has-small-font-size\">Anrede<\/p>\n\n\n\n<p class=\"has-small-font-size\">Text (Anliegen, Info, Terminanfrage etc.)<\/p>\n\n\n\n<p class=\"has-small-font-size\">Gru\u00dfformel<\/p>\n\n\n\n<p class=\"has-small-font-size\">Vor- &amp; Nachname, Adresse, Telefonnummer, Mailadresse<\/p>\n\n\n\n<p class=\"has-small-font-size\">*Hier bitte zuerst \u201eSpG\u201c (=Spengergasse) f\u00fcr die Schule und die Klasse angeben (dies bitte mit einem \u201e\/\u201c trennen), danach einen Bindestrich und den eigentlichen Betreff)<\/p>\n\n\n\n<p class=\"has-small-font-size\"><em>Beispiel: <\/em>SpG\/3AHIF \u2013 Bitte um Erstgespr\u00e4ch<\/p>\n\n\n\n<p>F\u00fcr die Termine am Standort k\u00f6nnen die Termine online gebucht werden. Bitte QR-Code verwenden.<\/p>\n\n\n\n<figure class=\"wp-block-image size-full\"><a href=\"https:\/\/www.termino.gv.at\/meet\/b\/f6aedc1cf941293229a29ebfbf707ebb-543920\"><img loading=\"lazy\" decoding=\"async\" width=\"239\" height=\"315\" src=\"https:\/\/www.spengergasse.at\/wp-content\/uploads\/2026\/03\/SchulpsychologinSS26.png\" alt=\"\" class=\"wp-image-10166\" srcset=\"https:\/\/www.spengergasse.at\/wp-content\/uploads\/2026\/03\/SchulpsychologinSS26.png 239w, https:\/\/www.spengergasse.at\/wp-content\/uploads\/2026\/03\/SchulpsychologinSS26-228x300.png 228w\" sizes=\"auto, (max-width: 239px) 100vw, 239px\" \/><\/a><\/figure>\n\n\n\n<p>Termine im B\u00fcro (Freyung 1, 1010) sind nur per Mail-Vereinbarung m\u00f6glich.<\/p>\n","protected":false},"excerpt":{"rendered":"<p>Mag. Zehra G\u00dcM\u00dcS Schulpsychologin, Klinische Psychologin &amp; Gesundheitspsychologin + 43 677 643 875 14zehra.guemues@bmb.gv.at Telefonisch erreichbar Mo-Do 09:00-14:30, Fr 09:00 -13:00 Die Termine erfolgen nach schriftlicher Anfrage (per Mail oder Anmeldelink siehe unten in der Terminliste) in der Schule (Raum A1.04) oder&#8230;<\/p>\n","protected":false},"author":2,"featured_media":0,"parent":2218,"menu_order":0,"comment_status":"closed","ping_status":"closed","template":"","meta":{"footnotes":""},"class_list":["post-3005","page","type-page","status-publish","hentry"],"_links":{"self":[{"href":"https:\/\/www.spengergasse.at\/index.php?rest_route=\/wp\/v2\/pages\/3005","targetHints":{"allow":["GET"]}}],"collection":[{"href":"https:\/\/www.spengergasse.at\/index.php?rest_route=\/wp\/v2\/pages"}],"about":[{"href":"https:\/\/www.spengergasse.at\/index.php?rest_route=\/wp\/v2\/types\/page"}],"author":[{"embeddable":true,"href":"https:\/\/www.spengergasse.at\/index.php?rest_route=\/wp\/v2\/users\/2"}],"replies":[{"embeddable":true,"href":"https:\/\/www.spengergasse.at\/index.php?rest_route=%2Fwp%2Fv2%2Fcomments&post=3005"}],"version-history":[{"count":36,"href":"https:\/\/www.spengergasse.at\/index.php?rest_route=\/wp\/v2\/pages\/3005\/revisions"}],"predecessor-version":[{"id":10168,"href":"https:\/\/www.spengergasse.at\/index.php?rest_route=\/wp\/v2\/pages\/3005\/revisions\/10168"}],"up":[{"embeddable":true,"href":"https:\/\/www.spengergasse.at\/index.php?rest_route=\/wp\/v2\/pages\/2218"}],"wp:attachment":[{"href":"https:\/\/www.spengergasse.at\/index.php?rest_route=%2Fwp%2Fv2%2Fmedia&parent=3005"}],"curies":[{"name":"wp","href":"https:\/\/api.w.org\/{rel}","templated":true}]}}