{"id":2996,"date":"2020-03-19T23:10:08","date_gmt":"2020-03-19T22:10:08","guid":{"rendered":"http:\/\/193.170.108.10\/?page_id=2996"},"modified":"2023-01-06T20:06:56","modified_gmt":"2023-01-06T19:06:56","slug":"sprechstunden","status":"publish","type":"page","link":"https:\/\/www.spengergasse.at\/?page_id=2996","title":{"rendered":"Sprechstunden"},"content":{"rendered":"<p>Alle Sprechstunden der Lehrenden finden Sie tagesaktuell in der Untis-Applikation.<\/p>\n<p>Die R\u00e4umlichkeit f\u00fcr die Sprechstunde erfahren Sie bei der Anmeldung beim Portier.<\/p>\n<p>Zus\u00e4tzlich k\u00f6nnen Sie via Formular mit allen Lehrenden individuell Kontakt aufnehmen. <a href=\"https:\/\/www.spengergasse.at\/?page_id=3991\">Kontaktformular<\/a>.<\/p>\n","protected":false},"excerpt":{"rendered":"<p>Alle Sprechstunden der Lehrenden finden Sie tagesaktuell in der Untis-Applikation. Die R\u00e4umlichkeit f\u00fcr die Sprechstunde erfahren Sie bei der Anmeldung beim Portier. Zus\u00e4tzlich k\u00f6nnen Sie via Formular mit allen Lehrenden individuell Kontakt aufnehmen. Kontaktformular.<\/p>\n","protected":false},"author":2,"featured_media":0,"parent":2218,"menu_order":0,"comment_status":"closed","ping_status":"closed","template":"","meta":{"footnotes":""},"class_list":["post-2996","page","type-page","status-publish","hentry"],"_links":{"self":[{"href":"https:\/\/www.spengergasse.at\/index.php?rest_route=\/wp\/v2\/pages\/2996","targetHints":{"allow":["GET"]}}],"collection":[{"href":"https:\/\/www.spengergasse.at\/index.php?rest_route=\/wp\/v2\/pages"}],"about":[{"href":"https:\/\/www.spengergasse.at\/index.php?rest_route=\/wp\/v2\/types\/page"}],"author":[{"embeddable":true,"href":"https:\/\/www.spengergasse.at\/index.php?rest_route=\/wp\/v2\/users\/2"}],"replies":[{"embeddable":true,"href":"https:\/\/www.spengergasse.at\/index.php?rest_route=%2Fwp%2Fv2%2Fcomments&post=2996"}],"version-history":[{"count":3,"href":"https:\/\/www.spengergasse.at\/index.php?rest_route=\/wp\/v2\/pages\/2996\/revisions"}],"predecessor-version":[{"id":6263,"href":"https:\/\/www.spengergasse.at\/index.php?rest_route=\/wp\/v2\/pages\/2996\/revisions\/6263"}],"up":[{"embeddable":true,"href":"https:\/\/www.spengergasse.at\/index.php?rest_route=\/wp\/v2\/pages\/2218"}],"wp:attachment":[{"href":"https:\/\/www.spengergasse.at\/index.php?rest_route=%2Fwp%2Fv2%2Fmedia&parent=2996"}],"curies":[{"name":"wp","href":"https:\/\/api.w.org\/{rel}","templated":true}]}}