{"id":2584,"date":"2020-02-04T13:47:29","date_gmt":"2020-02-04T12:47:29","guid":{"rendered":"http:\/\/193.170.108.10\/?page_id=2584"},"modified":"2025-08-20T13:56:44","modified_gmt":"2025-08-20T11:56:44","slug":"informatik-fuer-berufstaetige","status":"publish","type":"page","link":"https:\/\/www.spengergasse.at\/?page_id=2584","title":{"rendered":"Informatik &#8211; Abendform"},"content":{"rendered":"<p>\n<!--StartFragment--><\/p>\n\n\n<p><strong>Die Ausbildung<\/strong><\/p>\n\n\n\n<p>Wir bieten ein Studium mit Diplompr\u00fcfung mit einer umfassenden \nAusbildung in allen Teilgebieten der Informatik, die Ihnen sp\u00e4ter eine \ngr\u00f6\u00dftm\u00f6gliche Jobsicherheit bietet.<\/p>\n\n\n\n<p>Sie erwerben im Laufe Ihres Studiums Kompetenzen in folgenden Bereichen:<\/p>\n\n\n\n<figure class=\"wp-block-table is-style-stripes\"><table><tbody><tr><td>Software-Engineering <\/td><\/tr><tr><td>Datenbank- und Informationssysteme <\/td><\/tr><tr><td>Technische Informatik und verteilte Systeme <\/td><\/tr><tr><td>Betriebswirtschaft und Management <\/td><\/tr><tr><td>Systemplanung und Projektentwicklung <\/td><\/tr><\/tbody><\/table><\/figure>\n\n\n\n<p><strong>Voraussetzungen<\/strong><\/p>\n\n\n\n<p>Ihr Einstieg in diese Ausbildung ist abh\u00e4ngig von Ihrer abgeschlossenen Schul- bzw. Berufsausbildung:<\/p>\n\n\n\n<figure class=\"wp-block-table\"><table><tbody><tr><td><strong>Ihr letzter Schul- bzw. Berufsabschluss:<\/strong><\/td><td><strong>Einstiegsvariante<\/strong><\/td><\/tr><tr><td>Pflichtschule<\/td><td>Vorbereitungslehrgang <\/td><\/tr><tr><td>Vorbereitungslehrgang oder \u00e4quivalente Ausbildung (z.B. Fachschule,  facheinschl\u00e4giger Lehrabschluss wie IT-, Elektrotechnik- oder Elektronik-Lehre, &#8230;)<\/td><td>Aufbaulehrgang<\/td><\/tr><tr><td>Reifepr\u00fcfung<\/td><td>Kolleg<\/td><\/tr><tr><td>Berufsreifepr\u00fcfung<\/td><td>Kolleg<\/td><\/tr><tr><td>Studienberechtigungspr\u00fcfung in Informatik<\/td><td>Kolleg<\/td><\/tr><\/tbody><\/table><\/figure>\n\n\n\n<p>Der Unterricht findet in folgenden Rahmenzeiten statt:<\/p>\n\n\n\n<figure class=\"wp-block-table is-style-stripes\"><table><tbody><tr><td>Abendstudium<\/td><\/tr><tr><td>Montag bis Donnerstag<br>17:10 Uhr &#8211; 22:00 Uhr<br><\/td><\/tr><\/tbody><\/table><\/figure>\n\n\n\n<p><strong>Unterrichtsgestaltung im<\/strong> &#8230;<\/p>\n\n\n\n<p><strong>Vorbereitungslehrgang<\/strong><br>Der    Schwerpunkt   liegt   auf   den   F\u00e4chern   Deutsch,   Englisch   und    Mathematik.   Mit   Grundlagen   der   Informatik   und   einem    Computerpraktikum erfolgt auch der technische   Einstieg   in   die    Informatik   Ausbildung.  <strong> <\/strong><\/p>\n\n\n\n<p><strong><span class=\"collapseomatic \" id=\"id69de2e7e1e58d\"  tabindex=\"0\" title=\"Stundentafel\"    >Stundentafel<\/span><div id=\"target-id69de2e7e1e58d\" class=\"collapseomatic_content \"><\/strong>  <\/p>\n\n\n\n<figure class=\"wp-block-table is-style-stripes\"><table><tbody><tr><td><\/td><td class=\"has-text-align-center\" data-align=\"center\">I<\/td><\/tr><tr><td>Religion&nbsp;| Ethik<\/td><td class=\"has-text-align-center\" data-align=\"center\">1<\/td><\/tr><tr><td>Deutsch<\/td><td class=\"has-text-align-center\" data-align=\"center\">4<\/td><\/tr><tr><td>Englisch<\/td><td class=\"has-text-align-center\" data-align=\"center\">4<\/td><\/tr><tr><td>Angewandte Mathematik<\/td><td class=\"has-text-align-center\" data-align=\"center\">4<\/td><\/tr><tr><td>Grundlagen der Informatik<\/td><td class=\"has-text-align-center\" data-align=\"center\">6<\/td><\/tr><tr><td>Computerpraktikum<\/td><td class=\"has-text-align-center\" data-align=\"center\">6<\/td><\/tr><\/tbody><\/table><\/figure>\n\n\n\n<\/div> <\/p>\n\n\n\n<hr class=\"wp-block-separator has-css-opacity\"\/>\n\n\n\n<p><strong>Aufbaulehrgang<\/strong><br>Neben   Deutsch,  Englisch  und  Mathematik  erfolgt   die   gesamte   Palette    der   technischen  Ausbildung.  In  den  letzten  beiden  Semestern   muss  eine  Diplomarbeit im Team verfasst werden.  <\/p>\n\n\n\n<p><strong> <span class=\"collapseomatic \" id=\"id69de2e7e1e609\"  tabindex=\"0\" title=\"Stundentafel\"    >Stundentafel<\/span><div id=\"target-id69de2e7e1e609\" class=\"collapseomatic_content \"><\/strong><\/p>\n\n\n\n<figure class=\"wp-block-table is-style-stripes\"><table><tbody><tr><td><\/td><td class=\"has-text-align-center\" data-align=\"center\">I<\/td><td class=\"has-text-align-center\" data-align=\"center\">II<\/td><td class=\"has-text-align-center\" data-align=\"center\">III<\/td><td class=\"has-text-align-center\" data-align=\"center\">IV<\/td><td class=\"has-text-align-center\" data-align=\"center\">V<\/td><td>VI<\/td><td>VII<\/td><\/tr><tr><td> Religion&nbsp;| Ethik <\/td><td class=\"has-text-align-center\" data-align=\"center\">1<\/td><td class=\"has-text-align-center\" data-align=\"center\">1<\/td><td class=\"has-text-align-center\" data-align=\"center\">1<\/td><td class=\"has-text-align-center\" data-align=\"center\">1<\/td><td class=\"has-text-align-center\" data-align=\"center\">1<\/td><td>&#8211;<\/td><td>&#8211;<\/td><\/tr><tr><td>Deutsch<\/td><td class=\"has-text-align-center\" data-align=\"center\">6<\/td><td class=\"has-text-align-center\" data-align=\"center\">2<\/td><td class=\"has-text-align-center\" data-align=\"center\">2<\/td><td class=\"has-text-align-center\" data-align=\"center\">2<\/td><td class=\"has-text-align-center\" data-align=\"center\">2<\/td><td>&#8211;<\/td><td>&#8211;<\/td><\/tr><tr><td>Englisch<\/td><td class=\"has-text-align-center\" data-align=\"center\">6<\/td><td class=\"has-text-align-center\" data-align=\"center\">2<\/td><td class=\"has-text-align-center\" data-align=\"center\">2<\/td><td class=\"has-text-align-center\" data-align=\"center\">2<\/td><td class=\"has-text-align-center\" data-align=\"center\">2<\/td><td>&#8211;<\/td><td>&#8211;<\/td><\/tr><tr><td>Angewandte Mathematik<\/td><td class=\"has-text-align-center\" data-align=\"center\">4<\/td><td class=\"has-text-align-center\" data-align=\"center\">4<\/td><td class=\"has-text-align-center\" data-align=\"center\">4<\/td><td class=\"has-text-align-center\" data-align=\"center\">4<\/td><td class=\"has-text-align-center\" data-align=\"center\">4<\/td><td>&#8211;<\/td><td>&#8211;<\/td><\/tr><tr><td>Wirtschaft und Recht<\/td><td class=\"has-text-align-center\" data-align=\"center\">&#8211;<\/td><td class=\"has-text-align-center\" data-align=\"center\">&#8211;<\/td><td class=\"has-text-align-center\" data-align=\"center\">&#8211;<\/td><td class=\"has-text-align-center\" data-align=\"center\">2<\/td><td class=\"has-text-align-center\" data-align=\"center\">2<\/td><td>2<\/td><td>2<\/td><\/tr><tr><td>Netzwerke und verteilte Systeme<\/td><td class=\"has-text-align-center\" data-align=\"center\">2<\/td><td class=\"has-text-align-center\" data-align=\"center\"><\/td><td class=\"has-text-align-center\" data-align=\"center\"><\/td><td class=\"has-text-align-center\" data-align=\"center\"><\/td><td class=\"has-text-align-center\" data-align=\"center\"><\/td><td><\/td><td><\/td><\/tr><tr><td>Naturwissenschaftliche und technische Grundlagen<\/td><td class=\"has-text-align-center\" data-align=\"center\">4<\/td><td class=\"has-text-align-center\" data-align=\"center\">&#8211;<\/td><td class=\"has-text-align-center\" data-align=\"center\">&#8211;<\/td><td class=\"has-text-align-center\" data-align=\"center\">&#8211;<\/td><td class=\"has-text-align-center\" data-align=\"center\">&#8211;<\/td><td>&#8211;<\/td><td>&#8211;<\/td><\/tr><tr><td>Computerarchitektur und Betriebssysteme<\/td><td class=\"has-text-align-center\" data-align=\"center\">&#8211;<\/td><td class=\"has-text-align-center\" data-align=\"center\">3<\/td><td class=\"has-text-align-center\" data-align=\"center\">3<\/td><td class=\"has-text-align-center\" data-align=\"center\">&#8211;<\/td><td class=\"has-text-align-center\" data-align=\"center\">&#8211;<\/td><td>&#8211;<\/td><td>&#8211;<\/td><\/tr><tr><td>Programmieren und Software Engineering <\/td><td class=\"has-text-align-center\" data-align=\"center\">&#8211;<\/td><td class=\"has-text-align-center\" data-align=\"center\">4<\/td><td class=\"has-text-align-center\" data-align=\"center\">4<\/td><td class=\"has-text-align-center\" data-align=\"center\">4<\/td><td class=\"has-text-align-center\" data-align=\"center\">4<\/td><td>4<\/td><td>4<\/td><\/tr><tr><td>Datenbanken und Informationssysteme  <\/td><td class=\"has-text-align-center\" data-align=\"center\">&#8211;<\/td><td class=\"has-text-align-center\" data-align=\"center\">3<\/td><td class=\"has-text-align-center\" data-align=\"center\">3<\/td><td class=\"has-text-align-center\" data-align=\"center\">2<\/td><td class=\"has-text-align-center\" data-align=\"center\">2<\/td><td>2<\/td><td>2<\/td><\/tr><tr><td>Webprogrammierung und Mobile Computing<\/td><td class=\"has-text-align-center\" data-align=\"center\">&#8211;<\/td><td class=\"has-text-align-center\" data-align=\"center\">1<\/td><td class=\"has-text-align-center\" data-align=\"center\">1<\/td><td class=\"has-text-align-center\" data-align=\"center\">1<\/td><td class=\"has-text-align-center\" data-align=\"center\">1<\/td><td>3<\/td><td>3<\/td><\/tr><tr><td>Netzwerksysteme und Cyber Security<\/td><td class=\"has-text-align-center\" data-align=\"center\">&#8211;<\/td><td class=\"has-text-align-center\" data-align=\"center\">&#8211;<\/td><td class=\"has-text-align-center\" data-align=\"center\">&#8211;<\/td><td class=\"has-text-align-center\" data-align=\"center\">2<\/td><td class=\"has-text-align-center\" data-align=\"center\">2<\/td><td>4<\/td><td>4<\/td><\/tr><tr><td>Data Science und Artificial Intelligence<\/td><td class=\"has-text-align-center\" data-align=\"center\">&#8211;<\/td><td class=\"has-text-align-center\" data-align=\"center\">&#8211;<\/td><td class=\"has-text-align-center\" data-align=\"center\">&#8211;<\/td><td class=\"has-text-align-center\" data-align=\"center\">1<\/td><td class=\"has-text-align-center\" data-align=\"center\">1<\/td><td>3<\/td><td>3<\/td><\/tr><tr><td>Betriebswirtschaft und Management  <\/td><td class=\"has-text-align-center\" data-align=\"center\">&#8211;<\/td><td class=\"has-text-align-center\" data-align=\"center\">2<\/td><td class=\"has-text-align-center\" data-align=\"center\">2<\/td><td class=\"has-text-align-center\" data-align=\"center\">1<\/td><td class=\"has-text-align-center\" data-align=\"center\">1<\/td><td>2<\/td><td>2<\/td><\/tr><tr><td>Systemplanung und Projektentwicklung  <\/td><td class=\"has-text-align-center\" data-align=\"center\">&#8211;<\/td><td class=\"has-text-align-center\" data-align=\"center\">2<\/td><td class=\"has-text-align-center\" data-align=\"center\">2<\/td><td class=\"has-text-align-center\" data-align=\"center\">2<\/td><td class=\"has-text-align-center\" data-align=\"center\">2<\/td><td>3<\/td><td>3<\/td><\/tr><\/tbody><\/table><\/figure>\n\n\n\n<\/div> <\/p>\n\n\n\n<hr class=\"wp-block-separator has-css-opacity\"\/>\n\n\n\n<p><strong>Kolleg<\/strong><br>Der   Fokus  liegt  auf  der  technischen  Ausbildung.  In  den  letzten   beiden  Semestern  muss  eine  Diplomarbeit im Team verfasst werden.  <\/p>\n\n\n\n<p><strong> <span class=\"collapseomatic \" id=\"id69de2e7e1e637\"  tabindex=\"0\" title=\"Stundentafel\"    >Stundentafel<\/span><div id=\"target-id69de2e7e1e637\" class=\"collapseomatic_content \"><\/strong><\/p>\n\n\n\n<figure class=\"wp-block-table is-style-stripes\"><table><tbody><tr><td><\/td><td class=\"has-text-align-center\" data-align=\"center\">I<\/td><td class=\"has-text-align-center\" data-align=\"center\">II<\/td><td class=\"has-text-align-center\" data-align=\"center\">III<\/td><td class=\"has-text-align-center\" data-align=\"center\">IV<\/td><td>V<\/td><td>VI<\/td><\/tr><tr><td> Religion&nbsp;| Ethik <\/td><td class=\"has-text-align-center\" data-align=\"center\">1<\/td><td class=\"has-text-align-center\" data-align=\"center\">1<\/td><td class=\"has-text-align-center\" data-align=\"center\">1<\/td><td class=\"has-text-align-center\" data-align=\"center\">1<\/td><td>&#8211;<\/td><td>&#8211;<\/td><\/tr><tr><td>Deutsch<\/td><td class=\"has-text-align-center\" data-align=\"center\">&#8211;<\/td><td class=\"has-text-align-center\" data-align=\"center\">&#8211;<\/td><td class=\"has-text-align-center\" data-align=\"center\">2<\/td><td class=\"has-text-align-center\" data-align=\"center\">&#8211;<\/td><td>&#8211;<\/td><td>&#8211;<\/td><\/tr><tr><td>Englisch<\/td><td class=\"has-text-align-center\" data-align=\"center\">&#8211;<\/td><td class=\"has-text-align-center\" data-align=\"center\">&#8211;<\/td><td class=\"has-text-align-center\" data-align=\"center\">&#8211;<\/td><td class=\"has-text-align-center\" data-align=\"center\">2<\/td><td>&#8211;<\/td><td>&#8211;<\/td><\/tr><tr><td>Angewandte Mathematik<\/td><td class=\"has-text-align-center\" data-align=\"center\">&#8211;<\/td><td class=\"has-text-align-center\" data-align=\"center\">&#8211;<\/td><td class=\"has-text-align-center\" data-align=\"center\">2<\/td><td class=\"has-text-align-center\" data-align=\"center\">2<\/td><td>&#8211;<\/td><td>&#8211;<\/td><\/tr><tr><td>Wirtschaft und Recht<\/td><td class=\"has-text-align-center\" data-align=\"center\">&#8211;<\/td><td class=\"has-text-align-center\" data-align=\"center\">&#8211;<\/td><td class=\"has-text-align-center\" data-align=\"center\">2<\/td><td class=\"has-text-align-center\" data-align=\"center\">2<\/td><td>2<\/td><td>2<\/td><\/tr><tr><td>Computerarchitektur und Betriebssysteme<\/td><td class=\"has-text-align-center\" data-align=\"center\">9<\/td><td class=\"has-text-align-center\" data-align=\"center\">9<\/td><td class=\"has-text-align-center\" data-align=\"center\">&#8211;<\/td><td class=\"has-text-align-center\" data-align=\"center\">&#8211;<\/td><td>&#8211;<\/td><td>&#8211;<\/td><\/tr><tr><td>Programmieren und Software Engineering <\/td><td class=\"has-text-align-center\" data-align=\"center\">4<\/td><td class=\"has-text-align-center\" data-align=\"center\">4<\/td><td class=\"has-text-align-center\" data-align=\"center\">4<\/td><td class=\"has-text-align-center\" data-align=\"center\">4<\/td><td>5<\/td><td>5<\/td><\/tr><tr><td>Datenbanken und Informationssysteme  <\/td><td class=\"has-text-align-center\" data-align=\"center\">3<\/td><td class=\"has-text-align-center\" data-align=\"center\">3<\/td><td class=\"has-text-align-center\" data-align=\"center\">2<\/td><td class=\"has-text-align-center\" data-align=\"center\">2<\/td><td>2<\/td><td>2<\/td><\/tr><tr><td>Webprogramming und Mobile Computing<\/td><td class=\"has-text-align-center\" data-align=\"center\">1<\/td><td class=\"has-text-align-center\" data-align=\"center\">1<\/td><td class=\"has-text-align-center\" data-align=\"center\">1<\/td><td class=\"has-text-align-center\" data-align=\"center\">1<\/td><td>3<\/td><td>3<\/td><\/tr><tr><td>Netzwerksysteme und Cyber Security<\/td><td class=\"has-text-align-center\" data-align=\"center\">2<\/td><td class=\"has-text-align-center\" data-align=\"center\">2<\/td><td class=\"has-text-align-center\" data-align=\"center\">2<\/td><td class=\"has-text-align-center\" data-align=\"center\">2<\/td><td>5<\/td><td>5<\/td><\/tr><tr><td>Data Science und Artificial Intelligence<\/td><td class=\"has-text-align-center\" data-align=\"center\">&#8211;<\/td><td class=\"has-text-align-center\" data-align=\"center\">&#8211;<\/td><td class=\"has-text-align-center\" data-align=\"center\">1<\/td><td class=\"has-text-align-center\" data-align=\"center\">1<\/td><td>3<\/td><td>3<\/td><\/tr><tr><td>Betriebswirtschaft und Management  <\/td><td class=\"has-text-align-center\" data-align=\"center\">2<\/td><td class=\"has-text-align-center\" data-align=\"center\">2<\/td><td class=\"has-text-align-center\" data-align=\"center\">1<\/td><td class=\"has-text-align-center\" data-align=\"center\">1<\/td><td>2<\/td><td>2<\/td><\/tr><tr><td>Systemplanung und Projektentwicklung  <\/td><td class=\"has-text-align-center\" data-align=\"center\">2<\/td><td class=\"has-text-align-center\" data-align=\"center\">2<\/td><td class=\"has-text-align-center\" data-align=\"center\">2<\/td><td class=\"has-text-align-center\" data-align=\"center\">2<\/td><td>3<\/td><td>3<\/td><\/tr><\/tbody><\/table><\/figure>\n\n\n\n<\/div> <\/p>\n\n\n\n<hr class=\"wp-block-separator has-css-opacity\"\/>\n\n\n\n<p><strong> Berufsfelder<\/strong><\/p>\n\n\n\n<figure class=\"wp-block-table is-style-stripes\"><table><tbody><tr><td>Softwareentwickler\/in <\/td><\/tr><tr><td>Netzwerkadministrator\/in   <\/td><\/tr><tr><td>Datenbankspezialist\/in<\/td><\/tr><tr><td>Projektmanager\/in <\/td><\/tr><tr><td>Spezialist\/in im Bereich Testsysteme <\/td><\/tr><\/tbody><\/table><\/figure>\n\n\n\n<p><strong>Informationen zur Ausbildung<\/strong><\/p>\n\n\n\n<figure class=\"wp-block-table is-style-stripes\"><table><tbody><tr><td class=\"has-text-align-left\" data-align=\"left\">Abteilung<\/td><td>Informatik<\/td><\/tr><tr><td class=\"has-text-align-left\" data-align=\"left\">Stunden pro Woche<\/td><td>siehe Stundentafeln<\/td><\/tr><tr><td class=\"has-text-align-left\" data-align=\"left\">Ausbildungsdauer<\/td><td>Vorbereitungslehrgang: 1 Semester<br>Aufbaulehrgang: 7 Semester<br>Kolleg: 6 Semester<\/td><\/tr><tr><td class=\"has-text-align-left\" data-align=\"left\">Abschluss<\/td><td>Diplompr\u00fcfung<\/td><\/tr><tr><td class=\"has-text-align-left\" data-align=\"left\">Abteilungsvorstand<\/td><td>Mag. Heidi Marie Steinwender<\/td><\/tr><tr><td class=\"has-text-align-left\" data-align=\"left\">Kontakt<\/td><td>+43 1 54615 113<br><a href=\"mailto:direktion@spengergasse.at\">direktion@spengergasse.at<\/a><\/td><\/tr><\/tbody><\/table><\/figure>\n\n\n\n<div class=\"wp-block-file alignright\"><a id=\"wp-block-file--media-d36c2968-72ff-446c-8442-4a608e68eccb\" href=\"https:\/\/www.spengergasse.at\/wp-content\/uploads\/2020\/04\/LP_ab17_Informatik.pdf\">Download Lehrplan<\/a><\/div>\n\n\n\n<p><\/p>\n\n\n\n<div class=\"wp-block-buttons is-layout-flex wp-block-buttons-is-layout-flex\">\n<div class=\"wp-block-button\"><a class=\"wp-block-button__link has-white-color has-text-color has-background wp-element-button\" href=\".\/?tag=Erwachsenenbildung\" style=\"border-radius:0px;background-color:#ed1944\"><strong>Aktuelles aus der Abteilung<\/strong><\/a><\/div>\n<\/div>\n","protected":false},"excerpt":{"rendered":"<p>Die Ausbildung Wir bieten ein Studium mit Diplompr\u00fcfung mit einer umfassenden Ausbildung in allen Teilgebieten der Informatik, die Ihnen sp\u00e4ter eine gr\u00f6\u00dftm\u00f6gliche Jobsicherheit bietet. Sie erwerben im Laufe Ihres Studiums Kompetenzen in folgenden Bereichen: Software-Engineering Datenbank- und Informationssysteme Technische Informatik und verteilte&#8230;<\/p>\n","protected":false},"author":1,"featured_media":2591,"parent":2067,"menu_order":0,"comment_status":"closed","ping_status":"closed","template":"","meta":{"footnotes":""},"class_list":["post-2584","page","type-page","status-publish","has-post-thumbnail","hentry"],"_links":{"self":[{"href":"https:\/\/www.spengergasse.at\/index.php?rest_route=\/wp\/v2\/pages\/2584","targetHints":{"allow":["GET"]}}],"collection":[{"href":"https:\/\/www.spengergasse.at\/index.php?rest_route=\/wp\/v2\/pages"}],"about":[{"href":"https:\/\/www.spengergasse.at\/index.php?rest_route=\/wp\/v2\/types\/page"}],"author":[{"embeddable":true,"href":"https:\/\/www.spengergasse.at\/index.php?rest_route=\/wp\/v2\/users\/1"}],"replies":[{"embeddable":true,"href":"https:\/\/www.spengergasse.at\/index.php?rest_route=%2Fwp%2Fv2%2Fcomments&post=2584"}],"version-history":[{"count":23,"href":"https:\/\/www.spengergasse.at\/index.php?rest_route=\/wp\/v2\/pages\/2584\/revisions"}],"predecessor-version":[{"id":9261,"href":"https:\/\/www.spengergasse.at\/index.php?rest_route=\/wp\/v2\/pages\/2584\/revisions\/9261"}],"up":[{"embeddable":true,"href":"https:\/\/www.spengergasse.at\/index.php?rest_route=\/wp\/v2\/pages\/2067"}],"wp:featuredmedia":[{"embeddable":true,"href":"https:\/\/www.spengergasse.at\/index.php?rest_route=\/wp\/v2\/media\/2591"}],"wp:attachment":[{"href":"https:\/\/www.spengergasse.at\/index.php?rest_route=%2Fwp%2Fv2%2Fmedia&parent=2584"}],"curies":[{"name":"wp","href":"https:\/\/api.w.org\/{rel}","templated":true}]}}