{"id":2248,"date":"2019-12-04T13:11:06","date_gmt":"2019-12-04T12:11:06","guid":{"rendered":"http:\/\/localhost\/homepageneu\/?page_id=2248"},"modified":"2025-08-20T13:42:56","modified_gmt":"2025-08-20T11:42:56","slug":"kontakt","status":"publish","type":"page","link":"https:\/\/www.spengergasse.at\/?page_id=2248","title":{"rendered":"Kontakte"},"content":{"rendered":"\n<h2 class=\"wp-block-heading\">Allgemeine Kontaktdaten<\/h2>\n\n\n\n<p>H\u00f6here Technische Bundeslehr- und Versuchsanstalt f\u00fcr Textilindustrie und Informatik (kurz: HTL Spengergasse)<br>Spengergasse 20<br>1050 Wien &#8211; \u00d6sterreich<br>Tel: +43 1 54615 0<br>Fax: +43 1 54615 139<br>E-Mail: <a href=\"mailto:direktion@spengergasse.at\">direktion@spengergasse.at<\/a><br>UID: ATU37866706<br>IBAN: AT70 0100 0000 0503 0886 <\/p>\n\n\n\n<h2 class=\"wp-block-heading\">Kontakt zu den Lehrenden<\/h2>\n\n\n\n<p>Bitte verwenden Sie unsere Online-Kontaktm\u00f6glichkeiten mit unseren Lehrenden <a href=\"https:\/\/www.spengergasse.at\/?page_id=3991\">hier<\/a>.<\/p>\n\n\n\n<h2 class=\"wp-block-heading\">Direktionskanzlei<\/h2>\n\n\n\n<p>\u00d6ffnungszeiten:<\/p>\n\n\n\n<figure class=\"wp-block-table\"><table><tbody><tr><td>Montag<\/td><td>7:30 bis 17:30 Uhr<\/td><\/tr><tr><td>Dienstag<\/td><td>7:30 bis 17:30 Uhr<\/td><\/tr><tr><td>Mittwoch<\/td><td>7:30 bis 17:30  Uhr<\/td><\/tr><tr><td>Donnerstag<\/td><td>7:30 bis 17:30 Uhr<\/td><\/tr><tr><td>Freitag<\/td><td>7:30 bis 15:00 Uhr<\/td><\/tr><\/tbody><\/table><\/figure>\n\n\n\n<p>Ferien\u00f6ffnungszeiten: t\u00e4glich 8:00 bis 12:00 Uhr<\/p>\n\n\n\n<p>Weitere Termine im <a href=\"https:\/\/www.spengergasse.at\/?page_id=2096\">Kalender<\/a>.<\/p>\n\n\n\n<p><strong>Fragen zu den Ausbildungsformen:<\/strong><\/p>\n\n\n\n<figure class=\"wp-block-table\"><table><tbody><tr><td><strong>Medizininformatik<\/strong><br>Frau Grath<br>+ 43 1 54615 116<br><a href=\"mailto:direktion@spengergasse.at\">direktion@spengergasse.at  <\/a><\/td><td><strong>Informatik &#8211; ab 17<\/strong><br>Frau Lehner<br>+ 43 1 54615 109<br><a href=\"mailto:direktion@spengergasse.at\">direktion@spengergasse.at<\/a><\/td><\/tr><tr><td><strong>Informatik &#8211; ab 14 <\/strong><br>Frau Zeiler<br>+ 43 1 54615 211<br><a href=\"mailto:direktion@spengergasse.at\">direktion@spengergasse.at<\/a><\/td><td><strong>Animation, Gamedesign, <\/strong><br><strong>Interior- und Surfacedesign <\/strong><br><strong>ab 14  <\/strong><br>Frau Grujicic<br>+ 43 1 54615 114<br><a href=\"mailto:direktion@spengergasse.at\">direktion@spengergasse.at<\/a><\/td><\/tr><tr><td><strong>Betriebsinformatik <\/strong><br><strong>Technisches Management<\/strong><br>Frau Zeiler<br>+ 43 1 54615 211<br><a href=\"mailto:direktion@spengergasse.at\">direktion@spengergasse.at<\/a><\/td><td><strong>Animation, Gamedesign, <\/strong><br><strong>Interior- und Surfacedesign <\/strong><br><strong>ab 17<\/strong><br>Frau Lehner<br>+ 43 1 54615 109<br><a href=\"mailto:direktion@spengergasse.at\">direktion@spengergasse.at<\/a><\/td><\/tr><tr><td><strong>Berufsreifepr\u00fcfung<\/strong><br>Frau Wande<br> + 43 1 54615 162<br>Frau Mahmoud<br> + 43 1 54615 162<br><a href=\"mailto:brp@spengergasse.at\">brp@spengergasse.at<\/a><\/td><td><strong>Informationstechnik &#8211; Fachschule<\/strong><br>Frau Grath<br>+ 43 1 54615 116<br><a href=\"mailto:direktion@spengergasse.at\">direktion@spengergasse.at<\/a><\/td><\/tr><\/tbody><\/table><\/figure>\n\n\n\n<h2 class=\"wp-block-heading\">Verwaltung<\/h2>\n\n\n\n<figure class=\"wp-block-table\"><table><tbody><tr><td class=\"has-text-align-center\" data-align=\"center\"><strong>Verwaltungsleitung<\/strong><br>Frau Vasic<br>+43 1 54615 115<br><a href=\"mailto:personal@spengergasse.at\">personal@spengergasse.at<\/a><\/td><\/tr><\/tbody><\/table><\/figure>\n\n\n\n<figure class=\"wp-block-table\"><table><tbody><tr><td><strong>Hausverwaltung<\/strong><br>Herr Zimmermann<br>+43 664 2076801<br><a href=\"mailto:hausverwaltung@spengergasse.at\">hausverwaltung@spengergasse.at<\/a><\/td><td><strong>Haustechnik<\/strong><br>Herr Reinberger<br>+43  664 88606582 <br><a href=\"mailto:haustechnik@spengergasse.at\">haustechnik@spengergasse.at<\/a><\/td><\/tr><\/tbody><\/table><\/figure>\n\n\n\n<h2 class=\"wp-block-heading\">Buchhaltung<\/h2>\n\n\n\n<figure class=\"wp-block-table\"><table><tbody><tr><td class=\"has-text-align-center\" data-align=\"center\"><strong>Rechnungsf\u00fchrerin<\/strong><br>Frau Morawec<br>+43 1 54615 118<br><a href=\"mailto:buchhaltung@spengergasse.at\">buchhaltung@spengergasse.at<\/a><\/td><\/tr><\/tbody><\/table><\/figure>\n\n\n\n<h2 class=\"wp-block-heading\">Zentraler Informatik Dienst<\/h2>\n\n\n\n<figure class=\"wp-block-table\"><table><tbody><tr><td class=\"has-text-align-center\" data-align=\"center\"><strong>Leitung<\/strong><br>Herr Kloiber<br>+43 1 54615 222<br><a href=\"mailto:zid@spengergasse.at\">zid@spengergasse.at<\/a><\/td><\/tr><\/tbody><\/table><\/figure>\n\n\n\n<p><\/p>\n","protected":false},"excerpt":{"rendered":"<p>Allgemeine Kontaktdaten H\u00f6here Technische Bundeslehr- und Versuchsanstalt f\u00fcr Textilindustrie und Informatik (kurz: HTL Spengergasse)Spengergasse 201050 Wien &#8211; \u00d6sterreichTel: +43 1 54615 0Fax: +43 1 54615 139E-Mail: direktion@spengergasse.atUID: ATU37866706IBAN: AT70 0100 0000 0503 0886 Kontakt zu den Lehrenden Bitte verwenden Sie unsere Online-Kontaktm\u00f6glichkeiten&#8230;<\/p>\n","protected":false},"author":1,"featured_media":0,"parent":2068,"menu_order":0,"comment_status":"closed","ping_status":"closed","template":"","meta":{"footnotes":""},"class_list":["post-2248","page","type-page","status-publish","hentry"],"_links":{"self":[{"href":"https:\/\/www.spengergasse.at\/index.php?rest_route=\/wp\/v2\/pages\/2248","targetHints":{"allow":["GET"]}}],"collection":[{"href":"https:\/\/www.spengergasse.at\/index.php?rest_route=\/wp\/v2\/pages"}],"about":[{"href":"https:\/\/www.spengergasse.at\/index.php?rest_route=\/wp\/v2\/types\/page"}],"author":[{"embeddable":true,"href":"https:\/\/www.spengergasse.at\/index.php?rest_route=\/wp\/v2\/users\/1"}],"replies":[{"embeddable":true,"href":"https:\/\/www.spengergasse.at\/index.php?rest_route=%2Fwp%2Fv2%2Fcomments&post=2248"}],"version-history":[{"count":70,"href":"https:\/\/www.spengergasse.at\/index.php?rest_route=\/wp\/v2\/pages\/2248\/revisions"}],"predecessor-version":[{"id":9259,"href":"https:\/\/www.spengergasse.at\/index.php?rest_route=\/wp\/v2\/pages\/2248\/revisions\/9259"}],"up":[{"embeddable":true,"href":"https:\/\/www.spengergasse.at\/index.php?rest_route=\/wp\/v2\/pages\/2068"}],"wp:attachment":[{"href":"https:\/\/www.spengergasse.at\/index.php?rest_route=%2Fwp%2Fv2%2Fmedia&parent=2248"}],"curies":[{"name":"wp","href":"https:\/\/api.w.org\/{rel}","templated":true}]}}