{"id":2218,"date":"2019-12-04T11:59:03","date_gmt":"2019-12-04T10:59:03","guid":{"rendered":"http:\/\/localhost\/homepageneu\/?page_id=2218"},"modified":"2025-06-25T08:59:03","modified_gmt":"2025-06-25T06:59:03","slug":"services","status":"publish","type":"page","link":"https:\/\/www.spengergasse.at\/?page_id=2218","title":{"rendered":"Services"},"content":{"rendered":"\n<figure class=\"wp-block-table is-style-stripes\"><table><tbody><tr><td><a href=\"\/?page_id=2348\">Alumni<\/a><\/td><\/tr><tr><td><a href=\"https:\/\/www.spengergasse.at\/?page_id=8706\">Bachelor KI Management<\/a><\/td><\/tr><tr><td><a href=\"http:\/\/193.170.108.10\/?p=2982\">Begabtenf\u00f6rderung<\/a><\/td><\/tr><tr><td><a href=\"https:\/\/www.spengergasse.at\/?page_id=5936\">Bibliothek<\/a><\/td><\/tr><tr><td><a href=\"https:\/\/bildungsberatung.spengergasse.at\/\">Bildungsberatung<\/a><\/td><\/tr><tr><td><a href=\"https:\/\/www.spengergasse.at\/wp-content\/uploads\/2023\/05\/BlackoutKonzeptHTLSpengergasse052023.pdf\">Blackout-Konzept<\/a><\/td><\/tr><tr><td><a href=\"https:\/\/www.spengergasse.at\/?page_id=7724\">Bundesheerkooperation\/Cybergrundwehrdienst<\/a><\/td><\/tr><tr><td><a href=\"https:\/\/www.elternverein-spengergasse.at\/\">Elternverein<\/a><\/td><\/tr><tr><td><a href=\"https:\/\/www.spengergasse.at\/?page_id=7691\">Erasmus+<\/a><\/td><\/tr><tr><td><a href=\"https:\/\/www.spengergasse.at\/?page_id=9131\">Firmeninformationstag<\/a><\/td><\/tr><tr><td><a href=\"\/?page_id=2357\">Gender &amp; Diversity<\/a><\/td><\/tr><tr><td><a href=\"\/?page_id=2359\">Individuelle Lernbegleitung<\/a><\/td><\/tr><tr><td><a href=\"https:\/\/www.spengergasse.at\/?page_id=3012\">Jugendcoaching<\/a><\/td><\/tr><tr><td><a href=\"https:\/\/www.spengergasse.at\/?page_id=4852\">Kuratorium<\/a><\/td><\/tr><tr><td><a href=\"https:\/\/neosport.at\/spengergasse\/\">Merchandise der Schule<\/a><\/td><\/tr><tr><td><a href=\"https:\/\/www.spengergasse.at\/?page_id=3000\">Schul\u00e4rztinnen<\/a><\/td><\/tr><tr><td><a href=\"https:\/\/www.easymensa.at\/\">Schulbuffet<\/a><\/td><\/tr><tr><td><a href=\"https:\/\/www.spengergasse.at\/?page_id=3349\">Schulgemeinschaftsausch\u00fcsse<\/a><\/td><\/tr><tr><td><a href=\"https:\/\/www.spengergasse.at\/?page_id=3057\">Sch\u00fcler- und Studierendenvertretung<\/a><\/td><\/tr><tr><td><a href=\"https:\/\/www.spengergasse.at\/?page_id=3005\">Schulpsychologie<\/a><\/td><\/tr><tr><td><a href=\"https:\/\/www.spengergasse.at\/?page_id=5727\">Schulsanit\u00e4tsdienst<\/a> (SSD)<\/td><\/tr><tr><td><a href=\"\/?page_id=2996\">Sprechstunden <\/a><\/td><\/tr><tr><td><a href=\"\/?page_id=3010\">team4you<\/a><\/td><\/tr><tr><td><a href=\"https:\/\/www.spengergasse.at\/?page_id=6277\">Umwelt<\/a><\/td><\/tr><tr><td><a href=\"https:\/\/www.spengergasse.at\/?page_id=7193\">Unterst\u00fctzende Partner<\/a><\/td><\/tr><tr><td><a href=\"https:\/\/www.spengergasse.at\/?page_id=6808\">Verg\u00fcnstigte Hardware<\/a> f\u00fcr Sch\u00fclerinnen\/Sch\u00fcler<\/td><\/tr><\/tbody><\/table><\/figure>\n\n\n\n<p><\/p>\n","protected":false},"excerpt":{"rendered":"<p>Alumni Bachelor KI Management Begabtenf\u00f6rderung Bibliothek Bildungsberatung Blackout-Konzept Bundesheerkooperation\/Cybergrundwehrdienst Elternverein Erasmus+ Firmeninformationstag Gender &amp; Diversity Individuelle Lernbegleitung Jugendcoaching Kuratorium Merchandise der Schule Schul\u00e4rztinnen Schulbuffet Schulgemeinschaftsausch\u00fcsse Sch\u00fcler- und Studierendenvertretung Schulpsychologie Schulsanit\u00e4tsdienst (SSD) Sprechstunden team4you Umwelt Unterst\u00fctzende Partner Verg\u00fcnstigte Hardware f\u00fcr Sch\u00fclerinnen\/Sch\u00fcler<\/p>\n","protected":false},"author":1,"featured_media":0,"parent":2068,"menu_order":0,"comment_status":"closed","ping_status":"closed","template":"","meta":{"footnotes":""},"class_list":["post-2218","page","type-page","status-publish","hentry"],"_links":{"self":[{"href":"https:\/\/www.spengergasse.at\/index.php?rest_route=\/wp\/v2\/pages\/2218","targetHints":{"allow":["GET"]}}],"collection":[{"href":"https:\/\/www.spengergasse.at\/index.php?rest_route=\/wp\/v2\/pages"}],"about":[{"href":"https:\/\/www.spengergasse.at\/index.php?rest_route=\/wp\/v2\/types\/page"}],"author":[{"embeddable":true,"href":"https:\/\/www.spengergasse.at\/index.php?rest_route=\/wp\/v2\/users\/1"}],"replies":[{"embeddable":true,"href":"https:\/\/www.spengergasse.at\/index.php?rest_route=%2Fwp%2Fv2%2Fcomments&post=2218"}],"version-history":[{"count":52,"href":"https:\/\/www.spengergasse.at\/index.php?rest_route=\/wp\/v2\/pages\/2218\/revisions"}],"predecessor-version":[{"id":9134,"href":"https:\/\/www.spengergasse.at\/index.php?rest_route=\/wp\/v2\/pages\/2218\/revisions\/9134"}],"up":[{"embeddable":true,"href":"https:\/\/www.spengergasse.at\/index.php?rest_route=\/wp\/v2\/pages\/2068"}],"wp:attachment":[{"href":"https:\/\/www.spengergasse.at\/index.php?rest_route=%2Fwp%2Fv2%2Fmedia&parent=2218"}],"curies":[{"name":"wp","href":"https:\/\/api.w.org\/{rel}","templated":true}]}}