{"id":2216,"date":"2019-12-04T11:59:03","date_gmt":"2019-12-04T10:59:03","guid":{"rendered":"http:\/\/localhost\/homepageneu\/?page_id=2216"},"modified":"2025-09-16T16:12:31","modified_gmt":"2025-09-16T14:12:31","slug":"versuchsanstalt","status":"publish","type":"page","link":"https:\/\/www.spengergasse.at\/?page_id=2216","title":{"rendered":"Versuchsanstalt"},"content":{"rendered":"\n<figure class=\"wp-block-image size-large\"><img loading=\"lazy\" decoding=\"async\" width=\"777\" height=\"230\" src=\"http:\/\/193.170.108.10\/wp-content\/uploads\/2020\/04\/sliderbild1.jpg\" alt=\"\" class=\"wp-image-3129\" srcset=\"https:\/\/www.spengergasse.at\/wp-content\/uploads\/2020\/04\/sliderbild1.jpg 777w, https:\/\/www.spengergasse.at\/wp-content\/uploads\/2020\/04\/sliderbild1-300x89.jpg 300w, https:\/\/www.spengergasse.at\/wp-content\/uploads\/2020\/04\/sliderbild1-768x227.jpg 768w\" sizes=\"auto, (max-width: 777px) 100vw, 777px\" \/><\/figure>\n\n\n\n<p>Herzlich Willkommen auf der Hompage der staatlichen Versuchsanstalt f\u00fcr Pr\u00fcftechnik und Informatik. <\/p>\n\n\n\n<p>Die staatliche Versuchsanstalt ist eine unabh\u00e4ngige Pr\u00fcf-, Begutachtungs- und Fortbildungsanstalt, die an die HTBLVA Spengergasse angeschlossen ist.<\/p>\n\n\n\n<p>Die T\u00e4tigkeit erstreckt sich \u00fcber das gesamte Gebiet der Pr\u00fcftechnik und Informatik und wird in ihrer Vielseitigkeit wesentlich dadurch bestimmt, dass die verantwortlichen Mitarbeiter und Mitarbeiterinnen der Versuchsanstalt auch als Lehrer und Lehrerinnen an der Schule arbeiten, beziehungsweise sich die Versuchsanstalt auf das aktuelle Wissen und die reiche Erfahrung von Fachleuten aus allen Gebieten der Werkstoffpr\u00fcftechnik, Textiltechnik, Umweltanalytik und Informatik st\u00fctzen kann.<\/p>\n\n\n\n<p>Kontaktm\u00f6glichkeiten<\/p>\n\n\n\n<figure class=\"wp-block-table is-style-stripes\"><table><tbody><tr><td>\u00d6ffnungszeiten<\/td><td>Montag &#8211; Freitag 8:00 bis 15:00 Uhr<br>weitere Termine nach Vereinbarung<\/td><\/tr><tr><td>Telefon:<\/td><td>+43 1 54615 130<br>+43 680 1155090<\/td><\/tr><tr><td>Mail:<\/td><td><a href=\"mailto:versuchsanstalt@spengergasse.at\">versuchsanstalt@spengergasse.at<\/a><\/td><\/tr><\/tbody><\/table><\/figure>\n","protected":false},"excerpt":{"rendered":"<p>Herzlich Willkommen auf der Hompage der staatlichen Versuchsanstalt f\u00fcr Pr\u00fcftechnik und Informatik. Die staatliche Versuchsanstalt ist eine unabh\u00e4ngige Pr\u00fcf-, Begutachtungs- und Fortbildungsanstalt, die an die HTBLVA Spengergasse angeschlossen ist. Die T\u00e4tigkeit erstreckt sich \u00fcber das gesamte Gebiet der Pr\u00fcftechnik und Informatik und&#8230;<\/p>\n","protected":false},"author":1,"featured_media":0,"parent":0,"menu_order":0,"comment_status":"closed","ping_status":"closed","template":"","meta":{"footnotes":""},"class_list":["post-2216","page","type-page","status-publish","hentry"],"_links":{"self":[{"href":"https:\/\/www.spengergasse.at\/index.php?rest_route=\/wp\/v2\/pages\/2216","targetHints":{"allow":["GET"]}}],"collection":[{"href":"https:\/\/www.spengergasse.at\/index.php?rest_route=\/wp\/v2\/pages"}],"about":[{"href":"https:\/\/www.spengergasse.at\/index.php?rest_route=\/wp\/v2\/types\/page"}],"author":[{"embeddable":true,"href":"https:\/\/www.spengergasse.at\/index.php?rest_route=\/wp\/v2\/users\/1"}],"replies":[{"embeddable":true,"href":"https:\/\/www.spengergasse.at\/index.php?rest_route=%2Fwp%2Fv2%2Fcomments&post=2216"}],"version-history":[{"count":20,"href":"https:\/\/www.spengergasse.at\/index.php?rest_route=\/wp\/v2\/pages\/2216\/revisions"}],"predecessor-version":[{"id":9417,"href":"https:\/\/www.spengergasse.at\/index.php?rest_route=\/wp\/v2\/pages\/2216\/revisions\/9417"}],"wp:attachment":[{"href":"https:\/\/www.spengergasse.at\/index.php?rest_route=%2Fwp%2Fv2%2Fmedia&parent=2216"}],"curies":[{"name":"wp","href":"https:\/\/api.w.org\/{rel}","templated":true}]}}