{"id":2163,"date":"2019-11-26T16:24:48","date_gmt":"2019-11-26T15:24:48","guid":{"rendered":"http:\/\/localhost\/homepageneu\/?page_id=2163"},"modified":"2025-09-02T11:37:11","modified_gmt":"2025-09-02T09:37:11","slug":"kolleg-fuer-medien-animation","status":"publish","type":"page","link":"https:\/\/www.spengergasse.at\/?page_id=2163","title":{"rendered":"Animation"},"content":{"rendered":"\n<p><\/p>\n\n\n\n<p><strong>Die Ausbildung<\/strong><\/p>\n\n\n\n<p>Mit den Schwerpunkten 2D- und 3D Animation widmet sich die Ausbildung der Gestaltung einer erz\u00e4hlenden Bildfolge. Handlungen durch Bewegung zu visualisieren, bildet den Kern der Ausbildung. Neben grundlegenden Kompetenzen im Bereich der audiovisuellen Mediengestaltung umfasst das Studienangebot ma\u00dfgebliche F\u00e4higkeiten in den Bereichen Illustration, 2D- und 3D Animation, Video und Visual Effects, Sound Design und Dramaturgie f\u00fcr zahlreiche Anwendungsgebiete im Bereich Film, Fernsehen und Neue Medien.<\/p>\n\n\n\n<p>\u00dcberblick \u00fcber die Lehrinhalte:<\/p>\n\n\n\n<figure class=\"wp-block-table is-style-stripes\"><table><tbody><tr><td><strong>Gestaltung: <\/strong>Prinzipien  der  Animation,    Audiovisuelle    Mediengestaltung, Dramaturgie und Storytelling, Medienanalyse, Konzeption <\/td><\/tr><tr><td><strong>Technologie: <\/strong>2D- und 3D-Animation, Grundlagen  der  Medientechnik,  Kamera, Licht, Studiotechnik, VFX <\/td><\/tr><tr><td><strong>Produktion:<\/strong> Planung,   Umsetzung   und   Pr\u00e4sentation   eigener   Animationsprojekte,        Auftragsarbeiten,        Workflows diverser Produktionen <\/td><\/tr><tr><td><strong>Projekte<\/strong>: Vertiefende  Projekte  im  5.  und  6.  Semester,  Spezialisierung  2D\/3D,   Projektspezifische   Workflows und Techniken <\/td><\/tr><tr><td><strong>Medienwirtschaft:<\/strong> Rechtliche  und  wirtschaftliche Grundlagen der Kreativwirtschaft <\/td><\/tr><tr><td><strong>Theorie und Kunstgeschichte:<\/strong> Film-,    Kunst-    und    Animationsgeschichte, Medientheorie, Analyse <\/td><\/tr><tr><td><strong> Kommunikation:<\/strong> Rhetorik,  Pr\u00e4sentationstechniken, Pitching <\/td><\/tr><\/tbody><\/table><\/figure>\n\n\n\n<figure class=\"wp-block-embed is-type-video is-provider-vimeo wp-block-embed-vimeo wp-embed-aspect-16-9 wp-has-aspect-ratio\"><div class=\"wp-block-embed__wrapper\">\n<iframe loading=\"lazy\" title=\"Showreel Kolleg f\u00fcr Animation\" src=\"https:\/\/player.vimeo.com\/video\/908810294?dnt=1&amp;app_id=122963\" width=\"640\" height=\"360\" frameborder=\"0\" allow=\"autoplay; fullscreen; picture-in-picture; clipboard-write; encrypted-media; web-share\" referrerpolicy=\"strict-origin-when-cross-origin\"><\/iframe>\n<\/div><\/figure>\n\n\n\n<p><strong>Voraussetzungen<\/strong><\/p>\n\n\n\n<p>Mindestalter 18 Jahre. Im Zuge des Aufnahmeverfahrens muss die k\u00fcnstlerische Eignung f\u00fcr das Studium festgestellt werden. Aus diesem Grund reichen Sie ein digitales Portfolio ein, welches Sie nach erfolgter <a href=\"https:\/\/spengergasse.htl-anmeldung.at\/Sonderform\">Anmeldung<\/a> per pdf oder Link zu einer Online-Plattform per mail an den zust\u00e4ndigen Studienkoordinator schicken: animation@spengergasse.at<\/p>\n\n\n\n<p>Ein Portfolio besteht aus 10 bis 15 Arbeiten aus dem Umfeld des Fachgebiets inklusive eines kurzen Motivationsschreibens. Folgende Arbeiten k\u00f6nnen Teil des Portfolios sein: Skizzen und Entw\u00fcrfe, Ausz\u00fcge aus Sketchbooks, Character- und Set-Designs, grafische Arbeiten und Illustrationen, div. Renderings , Ideen f\u00fcr Stories inklusive Beat- und Storyboards, 2D- und 3D-Animationen, Kurzfilme und Videos. <\/p>\n\n\n\n<p>Deadline f\u00fcr die Einreichung des Portfolios ist Freitag, 12. Juni 2026<br><\/p>\n\n\n\n<p>F\u00fcr weitere Informationen findet am 17. M\u00e4rz 2026 (18 Uhr) ein Infoabend im Veranstaltungssaal (VAS) der Spengergasse statt.<br>Bei Fragen wenden Sie sich an <a href=\"mailto:animation@spengergasse.at\">animation@spengergasse.at<\/a><\/p>\n\n\n\n<p><\/p>\n\n\n\n<p>Download <a href=\"https:\/\/www.spengergasse.at\/wp-content\/uploads\/2025\/09\/Kolleg_Animation_Infoblatt_2026.pdf\">Infoblatt<\/a>.<\/p>\n\n\n\n<p><\/p>\n\n\n<div id=\"pl-gb2163-69e9e8c3d0192\"  class=\"panel-layout wp-block-siteorigin-panels-layout-block\" ><div id=\"pg-gb2163-69e9e8c3d0192-0\"  class=\"panel-grid panel-no-style\" ><div id=\"pgc-gb2163-69e9e8c3d0192-0-0\"  class=\"panel-grid-cell\" ><div id=\"panel-gb2163-69e9e8c3d0192-0-0-0\" class=\"so-panel widget widget_sow-image panel-first-child panel-last-child widgetopts-SO\" data-index=\"0\" ><div\n\t\t\t\n\t\t\tclass=\"so-widget-sow-image so-widget-sow-image-default-8b5b6f678277-2163\"\n\t\t\t\n\t\t>\n<div class=\"sow-image-container\">\n\t\t\t<a href=\"https:\/\/www.artstation.com\/user-2765824\/profile\"\n\t\t\t\t\t>\n\t\t\t<img \n\tsrc=\"https:\/\/www.spengergasse.at\/wp-content\/uploads\/2021\/02\/designlogo.png\" width=\"280\" height=\"75\" sizes=\"(max-width: 280px) 100vw, 280px\" alt=\"\" \t\tclass=\"so-widget-image\"\/>\n\t\t\t<\/a><\/div>\n\n<\/div><\/div><\/div><div id=\"pgc-gb2163-69e9e8c3d0192-0-1\"  class=\"panel-grid-cell panel-grid-cell-empty\" ><\/div><div id=\"pgc-gb2163-69e9e8c3d0192-0-2\"  class=\"panel-grid-cell\" ><div id=\"panel-gb2163-69e9e8c3d0192-0-2-0\" class=\"so-panel widget widget_sow-button panel-first-child panel-last-child widgetopts-SO\" data-index=\"1\" ><div class=\"panel-widget-style panel-widget-style-for-gb2163-69e9e8c3d0192-0-2-0\" ><div\n\t\t\t\n\t\t\tclass=\"so-widget-sow-button so-widget-sow-button-atom-dd2911ab469a-2163\"\n\t\t\t\n\t\t><div class=\"ow-button-base ow-button-align-center\"\n>\n\t\t\t<a\n\t\t\t\t\thref=\"https:\/\/www.spengergasse.at\/wp-content\/uploads\/2024\/09\/Kolleg_Animation_Infoblatt_2025.pdf\"\n\t\t\t\t\tclass=\"sowb-button ow-icon-placement-left ow-button-hover\" target=\"_blank\" rel=\"noopener noreferrer\" \t>\n\t\t<span>\n\t\t\t\n\t\t\tZum Infoblatt\t\t<\/span>\n\t\t\t<\/a>\n\t<\/div>\n<\/div><\/div><\/div><\/div><\/div><\/div>\n\n\n<p><strong>Zur <a href=\"https:\/\/spengergasse.htl-anmeldung.at\">Online-Anmeldung<\/a><\/strong> (Ab Mitte Nov. 2025)<\/p>\n\n\n\n<p><\/p>\n\n\n\n<p><strong>Berufsfelder<\/strong><\/p>\n\n\n\n<figure class=\"wp-block-table is-style-stripes\"><table><tbody><tr><td>2D\/3D Animator\/in <\/td><\/tr><tr><td>Trickfilm- und 3D-Artist <\/td><\/tr><tr><td>Motion Designer\/in <\/td><\/tr><tr><td>Illustrator\/in <\/td><\/tr><tr><td>Storyboarder\/in <\/td><\/tr><tr><td>Concept Artist\/in <\/td><\/tr><tr><td>Compositing und VFX Artist\/in <\/td><\/tr><tr><td><\/td><\/tr><\/tbody><\/table><\/figure>\n\n\n\n<p>Der Unterricht findet in folgenden Rahmenzeiten statt:<\/p>\n\n\n\n<figure class=\"wp-block-table is-style-stripes\"><table><tbody><tr><td>Abendstudium<\/td><\/tr><tr><td>Montag bis Donnerstag<br>17:10 Uhr \u2013 22:00 Uhr<\/td><\/tr><\/tbody><\/table><\/figure>\n\n\n\n<p><strong>Informationen zur Ausbildung<\/strong><\/p>\n\n\n\n<figure class=\"wp-block-table is-style-stripes\"><table><tbody><tr><td class=\"has-text-align-left\" data-align=\"left\">Abteilung<\/td><td>Design<\/td><\/tr><tr><td class=\"has-text-align-left\" data-align=\"left\">Ausbildungsschwerpunkt<\/td><td>Animation<\/td><\/tr><tr><td class=\"has-text-align-left\" data-align=\"left\">Stunden pro Woche<\/td><td>20 Stunden <\/td><\/tr><tr><td class=\"has-text-align-left\" data-align=\"left\">Ausbildungsdauer<\/td><td>6 Semester<\/td><\/tr><tr><td class=\"has-text-align-left\" data-align=\"left\">Abschluss<\/td><td>Diplompr\u00fcfung<\/td><\/tr><tr><td class=\"has-text-align-left\" data-align=\"left\">Abteilungsvorstand<\/td><td>Werner Regen, MA<\/td><\/tr><tr><td class=\"has-text-align-left\" data-align=\"left\">Kontakt<\/td><td>DI (FH) Florian Binder-M\u00fcller<br><a href=\"mailto:animationf@spengergasse.at\">animation@spengergasse.at <\/a><\/td><\/tr><\/tbody><\/table><\/figure>\n\n\n\n<div class=\"wp-block-group is-layout-flow wp-block-group-is-layout-flow\">\n<p><strong> <span class=\"collapseomatic \" id=\"id69e9e8c3d5355\"  tabindex=\"0\" title=\"Stundentafel\"    >Stundentafel<\/span><div id=\"target-id69e9e8c3d5355\" class=\"collapseomatic_content \"><\/strong><\/p>\n\n\n\n<figure class=\"wp-block-table is-style-stripes\"><table><tbody><tr><td><\/td><td class=\"has-text-align-center\" data-align=\"center\">I<\/td><td class=\"has-text-align-center\" data-align=\"center\">II<\/td><td class=\"has-text-align-center\" data-align=\"center\">III<\/td><td class=\"has-text-align-center\" data-align=\"center\">IV<\/td><td class=\"has-text-align-center\" data-align=\"center\">V<\/td><td class=\"has-text-align-center\" data-align=\"center\">VI<\/td><\/tr><tr><td>Medientechnologie<\/td><td class=\"has-text-align-center\" data-align=\"center\">6<\/td><td class=\"has-text-align-center\" data-align=\"center\">6<\/td><td class=\"has-text-align-center\" data-align=\"center\">4<\/td><td class=\"has-text-align-center\" data-align=\"center\">4<\/td><td class=\"has-text-align-center\" data-align=\"center\">3<\/td><td class=\"has-text-align-center\" data-align=\"center\">3<\/td><\/tr><tr><td>Medientheorie<\/td><td class=\"has-text-align-center\" data-align=\"center\">&#8211;<\/td><td class=\"has-text-align-center\" data-align=\"center\">&#8211;<\/td><td class=\"has-text-align-center\" data-align=\"center\">2<\/td><td class=\"has-text-align-center\" data-align=\"center\">2<\/td><td class=\"has-text-align-center\" data-align=\"center\">2<\/td><td class=\"has-text-align-center\" data-align=\"center\">2<\/td><\/tr><tr><td>Mediengestaltung<\/td><td class=\"has-text-align-center\" data-align=\"center\">7<\/td><td class=\"has-text-align-center\" data-align=\"center\">7<\/td><td class=\"has-text-align-center\" data-align=\"center\">5<\/td><td class=\"has-text-align-center\" data-align=\"center\">5<\/td><td class=\"has-text-align-center\" data-align=\"center\">4<\/td><td class=\"has-text-align-center\" data-align=\"center\">4<\/td><\/tr><tr><td>Medienproduktion<\/td><td class=\"has-text-align-center\" data-align=\"center\">4<\/td><td class=\"has-text-align-center\" data-align=\"center\">4<\/td><td class=\"has-text-align-center\" data-align=\"center\">4<\/td><td class=\"has-text-align-center\" data-align=\"center\">4<\/td><td class=\"has-text-align-center\" data-align=\"center\">5<\/td><td class=\"has-text-align-center\" data-align=\"center\">5<\/td><\/tr><tr><td>Medienprojekte<\/td><td class=\"has-text-align-center\" data-align=\"center\">&#8211;<\/td><td class=\"has-text-align-center\" data-align=\"center\">&#8211;<\/td><td class=\"has-text-align-center\" data-align=\"center\">&#8211;<\/td><td class=\"has-text-align-center\" data-align=\"center\">&#8211;<\/td><td class=\"has-text-align-center\" data-align=\"center\">4<\/td><td class=\"has-text-align-center\" data-align=\"center\">4<\/td><\/tr><tr><td>Medienwirtschaft<\/td><td class=\"has-text-align-center\" data-align=\"center\">&#8211;<\/td><td class=\"has-text-align-center\" data-align=\"center\">&#8211;<\/td><td class=\"has-text-align-center\" data-align=\"center\">2<\/td><td class=\"has-text-align-center\" data-align=\"center\">2<\/td><td class=\"has-text-align-center\" data-align=\"center\">&#8211;<\/td><td class=\"has-text-align-center\" data-align=\"center\">&#8211;<\/td><\/tr><tr><td>Kommunikation<\/td><td class=\"has-text-align-center\" data-align=\"center\">&#8211;<\/td><td class=\"has-text-align-center\" data-align=\"center\">&#8211;<\/td><td class=\"has-text-align-center\" data-align=\"center\">&#8211;<\/td><td class=\"has-text-align-center\" data-align=\"center\">&#8211;<\/td><td class=\"has-text-align-center\" data-align=\"center\">2<\/td><td class=\"has-text-align-center\" data-align=\"center\">2<\/td><\/tr><tr><td>Wirtschaft und Recht<\/td><td class=\"has-text-align-center\" data-align=\"center\">&#8211;<\/td><td class=\"has-text-align-center\" data-align=\"center\">&#8211;<\/td><td class=\"has-text-align-center\" data-align=\"center\">2<\/td><td class=\"has-text-align-center\" data-align=\"center\">2<\/td><td class=\"has-text-align-center\" data-align=\"center\">2<\/td><td class=\"has-text-align-center\" data-align=\"center\">2<\/td><\/tr><tr><td>Religion&nbsp;| Ethik<\/td><td class=\"has-text-align-center\" data-align=\"center\">1<\/td><td class=\"has-text-align-center\" data-align=\"center\">1<\/td><td class=\"has-text-align-center\" data-align=\"center\">1<\/td><td class=\"has-text-align-center\" data-align=\"center\">1<\/td><td class=\"has-text-align-center\" data-align=\"center\">&#8211;<\/td><td class=\"has-text-align-center\" data-align=\"center\">&#8211;<\/td><\/tr><\/tbody><\/table><\/figure>\n\n\n\n<\/div> <\/p>\n<\/div>\n\n\n\n<div class=\"wp-block-file alignright\"><a id=\"wp-block-file--media-09726adb-f601-4e62-bb72-cdb40a7ebfef\" href=\"https:\/\/www.spengergasse.at\/wp-content\/uploads\/2020\/04\/LP_ab17_Animation.pdf\">Download Lehrplan<\/a><\/div>\n\n\n<p><!--EndFragment--><\/p>\n\n\n<div class=\"wp-block-buttons is-horizontal is-content-justification-center is-layout-flex wp-container-core-buttons-is-layout-03627597 wp-block-buttons-is-layout-flex\">\n<div class=\"wp-block-button is-style-fill\"><a class=\"wp-block-button__link has-text-color has-background no-border-radius wp-element-button\" href=\".\/?tag=Designkolleg\" style=\"color:#ed1944;background-color:#ed1944\"><mark style=\"background-color:rgba(0, 0, 0, 0)\" class=\"has-inline-color has-white-color\">Aktuelles aus der Abteilung<\/mark><\/a><\/div>\n\n\n\n<div class=\"wp-block-button is-style-fill\"><a class=\"wp-block-button__link has-white-color has-text-color has-background wp-element-button\" href=\"https:\/\/vimeo.com\/designspengergasse\" style=\"border-radius:0px;background-color:#ed1944\">Projekte von Sch\u00fcler*innen<\/a><\/div>\n<\/div>\n\n\n\n<h3 class=\"wp-block-heading\">Besuchen Sie uns auch hier: <\/h3>\n\n\n\n<a href=\"https:\/\/vimeo.com\/designspengergasse\"><i class=\"fa fa-vimeo\" style=\"Font-size: 50px; color:#ed1944;\"><\/i><\/a>&nbsp; &nbsp; &nbsp;<a href=\"https:\/\/www.instagram.com\/design_spengergasse\"><i class=\"fa fa-instagram\" style=\"Font-size: 50px; color:#ed1944 ;\"><\/i><\/a>\n","protected":false},"excerpt":{"rendered":"<p>Die Ausbildung Mit den Schwerpunkten 2D- und 3D Animation widmet sich die Ausbildung der Gestaltung einer erz\u00e4hlenden Bildfolge. Handlungen durch Bewegung zu visualisieren, bildet den Kern der Ausbildung. Neben grundlegenden Kompetenzen im Bereich der audiovisuellen Mediengestaltung umfasst das Studienangebot ma\u00dfgebliche F\u00e4higkeiten in&#8230;<\/p>\n","protected":false},"author":2,"featured_media":6094,"parent":2067,"menu_order":0,"comment_status":"closed","ping_status":"closed","template":"","meta":{"footnotes":""},"class_list":["post-2163","page","type-page","status-publish","has-post-thumbnail","hentry"],"_links":{"self":[{"href":"https:\/\/www.spengergasse.at\/index.php?rest_route=\/wp\/v2\/pages\/2163","targetHints":{"allow":["GET"]}}],"collection":[{"href":"https:\/\/www.spengergasse.at\/index.php?rest_route=\/wp\/v2\/pages"}],"about":[{"href":"https:\/\/www.spengergasse.at\/index.php?rest_route=\/wp\/v2\/types\/page"}],"author":[{"embeddable":true,"href":"https:\/\/www.spengergasse.at\/index.php?rest_route=\/wp\/v2\/users\/2"}],"replies":[{"embeddable":true,"href":"https:\/\/www.spengergasse.at\/index.php?rest_route=%2Fwp%2Fv2%2Fcomments&post=2163"}],"version-history":[{"count":55,"href":"https:\/\/www.spengergasse.at\/index.php?rest_route=\/wp\/v2\/pages\/2163\/revisions"}],"predecessor-version":[{"id":9311,"href":"https:\/\/www.spengergasse.at\/index.php?rest_route=\/wp\/v2\/pages\/2163\/revisions\/9311"}],"up":[{"embeddable":true,"href":"https:\/\/www.spengergasse.at\/index.php?rest_route=\/wp\/v2\/pages\/2067"}],"wp:featuredmedia":[{"embeddable":true,"href":"https:\/\/www.spengergasse.at\/index.php?rest_route=\/wp\/v2\/media\/6094"}],"wp:attachment":[{"href":"https:\/\/www.spengergasse.at\/index.php?rest_route=%2Fwp%2Fv2%2Fmedia&parent=2163"}],"curies":[{"name":"wp","href":"https:\/\/api.w.org\/{rel}","templated":true}]}}