{"id":2156,"date":"2019-11-26T16:19:59","date_gmt":"2019-11-26T15:19:59","guid":{"rendered":"http:\/\/localhost\/homepageneu\/?page_id=2156"},"modified":"2025-11-06T15:31:02","modified_gmt":"2025-11-06T14:31:02","slug":"kolleg-fuer-interior-und-surface-design","status":"publish","type":"page","link":"https:\/\/www.spengergasse.at\/?page_id=2156","title":{"rendered":"Interior- und Surfacedesign"},"content":{"rendered":"\n<p><strong>Die Ausbildung<\/strong><\/p>\n\n\n\n<p>Im Tageskolleg Interior- und Surface-design sind die Gestaltung textiler und anderer Oberfl\u00e4chen (Surfacedesign) und die Entwicklung und Visualisierung von Raumkonzepten (Interior Design), aufbauend auf die langj\u00e4hrige Tradition im Textildesign, die Ausbildungsschwerpunkte. Das Lehrangebot erstreckt sich vom freien k\u00fcnstlerischen Gestalten \u00fcber computerunterst\u00fctzte Raumkonzeption bis zur Umsetzung in zahlreichen Anwendungsgebieten f\u00fcr Raum und Musterung.<\/p>\n\n\n\n<p>Das   Ziel   der   Ausbildung   sind   Studierende   mit   folgenden   F\u00e4higkeiten   und   Fertigkeiten: <\/p>\n\n\n\n<figure class=\"wp-block-table is-style-stripes\"><table><tbody><tr><td>Musterung und Gestaltung textiler und anderer Oberfl\u00e4chen (Surfacedesign) <\/td><\/tr><tr><td>Innenarchitektur, Raumgestaltung<\/td><\/tr><tr><td>Erstellen von Kollektionen <\/td><\/tr><tr><td>Konzepte, Pl\u00e4ne, Entw\u00fcrfe<\/td><\/tr><tr><td>Darstellung von R\u00e4umen, Raumproportionen, Lichtquellen <\/td><\/tr><tr><td>K\u00fcnstlerische manuelle Darstellungs- und Gestaltungstechniken <\/td><\/tr><tr><td>Digitale Gestaltungstechniken im k\u00fcnstlerischen Bereich <\/td><\/tr><tr><td>Entwicklung von Raumkonzepten f\u00fcr unterschiedlichste Anwendungen&nbsp; <\/td><\/tr><\/tbody><\/table><\/figure>\n\n\n\n<p><strong>Voraussetzungen<\/strong><\/p>\n\n\n\n<p>Die   allgemeine   Hochschulberechtigung   (Matura)  ist  Voraussetzung  zum  Zugang  zum Kolleg. Da es sich um eine k\u00fcnstlerische  Ausbildung  handelt,  ist  vor  der  Aufnahme ein Aufnahmeverfahren abzulegen. <\/p>\n\n\n\n<p><a href=\"https:\/\/www.spengergasse.at\/wp-content\/uploads\/2025\/11\/Kolleg_ISD_Infoblatt_2025_11_05.pdf\">Download Info-File<\/a><\/p>\n\n\n\n<p><strong><a href=\"https:\/\/spengergasse.htl-anmeldung.at\/Sonderform\">Zur Online-Anmeldung<\/a><\/strong><\/p>\n\n\n\n<p>F\u00fcr weitere Informationen findet am 17.3.2026 (18 Uhr) ein Infoabend im Veranstaltungssaal (VAS) der Spengergasse statt.<\/p>\n\n\n\n<p><strong> Berufsfelder<\/strong><\/p>\n\n\n\n<figure class=\"wp-block-table is-style-stripes\"><table><tbody><tr><td>Interior Designer\/in <\/td><\/tr><tr><td>Textil Designer\/in<\/td><\/tr><tr><td>Innenraumgestalter\/in<\/td><\/tr><tr><td>3D-Visualisierer\/in<\/td><\/tr><tr><td>Modellbauer\/in<\/td><\/tr><tr><td>Spezialist\/inn im Bereich der Visualisierung und Illustration <\/td><\/tr><\/tbody><\/table><\/figure>\n\n\n\n<p><strong>Informationen zur Ausbildung<\/strong><\/p>\n\n\n\n<figure class=\"wp-block-table is-style-stripes\"><table><tbody><tr><td class=\"has-text-align-left\" data-align=\"left\">Abteilung<\/td><td>Design<\/td><\/tr><tr><td class=\"has-text-align-left\" data-align=\"left\">Ausbildungsschwerpunkt<\/td><td>Interior- und Surfacedesign <\/td><\/tr><tr><td class=\"has-text-align-left\" data-align=\"left\">Stunden pro Woche<\/td><td>35<\/td><\/tr><tr><td class=\"has-text-align-left\" data-align=\"left\">Ausbildungsdauer:<\/td><td>4 Semester<\/td><\/tr><tr><td class=\"has-text-align-left\" data-align=\"left\">Abschluss:<\/td><td>Diplompr\u00fcfung<\/td><\/tr><tr><td class=\"has-text-align-left\" data-align=\"left\">Abteilungsvorstand:<\/td><td>Werner Regen, MA<\/td><\/tr><tr><td class=\"has-text-align-left\" data-align=\"left\">Kontakt:<\/td><td>Bernhard Strake<br><a href=\"mailto:strake@spengergasse.at\">strake@spengergasse.at<\/a><\/td><\/tr><\/tbody><\/table><\/figure>\n\n\n\n<p><strong> <span class=\"collapseomatic \" id=\"id69f617f87f161\"  tabindex=\"0\" title=\"Stundentafel\"    >Stundentafel<\/span><div id=\"target-id69f617f87f161\" class=\"collapseomatic_content \"><\/strong><\/p>\n\n\n\n<figure class=\"wp-block-table is-style-stripes\"><table><tbody><tr><td><\/td><td class=\"has-text-align-center\" data-align=\"center\">I<\/td><td class=\"has-text-align-center\" data-align=\"center\">II<\/td><td class=\"has-text-align-center\" data-align=\"center\">III<\/td><td class=\"has-text-align-center\" data-align=\"center\">IV<\/td><\/tr><tr><td>Entwurf und Design<\/td><td class=\"has-text-align-center\" data-align=\"center\">8<\/td><td class=\"has-text-align-center\" data-align=\"center\">8<\/td><td class=\"has-text-align-center\" data-align=\"center\">8<\/td><td class=\"has-text-align-center\" data-align=\"center\">8<\/td><\/tr><tr><td>Digitale Werkzeuge<\/td><td class=\"has-text-align-center\" data-align=\"center\">8<\/td><td class=\"has-text-align-center\" data-align=\"center\">8<\/td><td class=\"has-text-align-center\" data-align=\"center\">6<\/td><td class=\"has-text-align-center\" data-align=\"center\">6<\/td><\/tr><tr><td>Technologien<\/td><td class=\"has-text-align-center\" data-align=\"center\">2<\/td><td class=\"has-text-align-center\" data-align=\"center\">2<\/td><td class=\"has-text-align-center\" data-align=\"center\">2<\/td><td class=\"has-text-align-center\" data-align=\"center\">2<\/td><\/tr><tr><td>Darstellungstechniken<\/td><td class=\"has-text-align-center\" data-align=\"center\">6<\/td><td class=\"has-text-align-center\" data-align=\"center\">6<\/td><td class=\"has-text-align-center\" data-align=\"center\">4<\/td><td class=\"has-text-align-center\" data-align=\"center\">4<\/td><\/tr><tr><td>Artelier und Produktion <\/td><td class=\"has-text-align-center\" data-align=\"center\">4<\/td><td class=\"has-text-align-center\" data-align=\"center\">4<\/td><td class=\"has-text-align-center\" data-align=\"center\">4<\/td><td class=\"has-text-align-center\" data-align=\"center\">4<\/td><\/tr><tr><td>Designtheorie<\/td><td class=\"has-text-align-center\" data-align=\"center\">2<\/td><td class=\"has-text-align-center\" data-align=\"center\">2<\/td><td class=\"has-text-align-center\" data-align=\"center\">2<\/td><td class=\"has-text-align-center\" data-align=\"center\">2<\/td><\/tr><tr><td>Kunstgeschichte und Kulturphilosophie<\/td><td class=\"has-text-align-center\" data-align=\"center\">2<\/td><td class=\"has-text-align-center\" data-align=\"center\">2<\/td><td class=\"has-text-align-center\" data-align=\"center\">2<\/td><td class=\"has-text-align-center\" data-align=\"center\">2<\/td><\/tr><tr><td>Kreativwirtschaft<\/td><td class=\"has-text-align-center\" data-align=\"center\">&#8211;<\/td><td class=\"has-text-align-center\" data-align=\"center\">&#8211;<\/td><td class=\"has-text-align-center\" data-align=\"center\">2<\/td><td class=\"has-text-align-center\" data-align=\"center\">2<\/td><\/tr><tr><td>Kommunikation<\/td><td class=\"has-text-align-center\" data-align=\"center\">&#8211;<\/td><td class=\"has-text-align-center\" data-align=\"center\">&#8211;<\/td><td class=\"has-text-align-center\" data-align=\"center\">2<\/td><td class=\"has-text-align-center\" data-align=\"center\">2<\/td><\/tr><tr><td>Wirtschaft und Recht<\/td><td class=\"has-text-align-center\" data-align=\"center\">2<\/td><td class=\"has-text-align-center\" data-align=\"center\">2<\/td><td class=\"has-text-align-center\" data-align=\"center\">2<\/td><td class=\"has-text-align-center\" data-align=\"center\">2<\/td><\/tr><tr><td>Religion&nbsp;| Ethik<\/td><td class=\"has-text-align-center\" data-align=\"center\">1<\/td><td class=\"has-text-align-center\" data-align=\"center\">1<\/td><td class=\"has-text-align-center\" data-align=\"center\">1<\/td><td class=\"has-text-align-center\" data-align=\"center\">1<\/td><\/tr><\/tbody><\/table><\/figure>\n\n\n\n<\/div> <\/p>\n\n\n\n<div class=\"wp-block-file alignright\"><a id=\"wp-block-file--media-fb76b738-a6e4-48ca-a492-e9bf72e01a77\" href=\"https:\/\/www.spengergasse.at\/wp-content\/uploads\/2020\/04\/LP_ab17_Interior.pdf\">Download Lehrplan<\/a><\/div>\n","protected":false},"excerpt":{"rendered":"<p>Die Ausbildung Im Tageskolleg Interior- und Surface-design sind die Gestaltung textiler und anderer Oberfl\u00e4chen (Surfacedesign) und die Entwicklung und Visualisierung von Raumkonzepten (Interior Design), aufbauend auf die langj\u00e4hrige Tradition im Textildesign, die Ausbildungsschwerpunkte. Das Lehrangebot erstreckt sich vom freien k\u00fcnstlerischen Gestalten \u00fcber&#8230;<\/p>\n","protected":false},"author":1,"featured_media":2496,"parent":2067,"menu_order":0,"comment_status":"closed","ping_status":"closed","template":"","meta":{"footnotes":""},"class_list":["post-2156","page","type-page","status-publish","has-post-thumbnail","hentry"],"_links":{"self":[{"href":"https:\/\/www.spengergasse.at\/index.php?rest_route=\/wp\/v2\/pages\/2156","targetHints":{"allow":["GET"]}}],"collection":[{"href":"https:\/\/www.spengergasse.at\/index.php?rest_route=\/wp\/v2\/pages"}],"about":[{"href":"https:\/\/www.spengergasse.at\/index.php?rest_route=\/wp\/v2\/types\/page"}],"author":[{"embeddable":true,"href":"https:\/\/www.spengergasse.at\/index.php?rest_route=\/wp\/v2\/users\/1"}],"replies":[{"embeddable":true,"href":"https:\/\/www.spengergasse.at\/index.php?rest_route=%2Fwp%2Fv2%2Fcomments&post=2156"}],"version-history":[{"count":16,"href":"https:\/\/www.spengergasse.at\/index.php?rest_route=\/wp\/v2\/pages\/2156\/revisions"}],"predecessor-version":[{"id":9664,"href":"https:\/\/www.spengergasse.at\/index.php?rest_route=\/wp\/v2\/pages\/2156\/revisions\/9664"}],"up":[{"embeddable":true,"href":"https:\/\/www.spengergasse.at\/index.php?rest_route=\/wp\/v2\/pages\/2067"}],"wp:featuredmedia":[{"embeddable":true,"href":"https:\/\/www.spengergasse.at\/index.php?rest_route=\/wp\/v2\/media\/2496"}],"wp:attachment":[{"href":"https:\/\/www.spengergasse.at\/index.php?rest_route=%2Fwp%2Fv2%2Fmedia&parent=2156"}],"curies":[{"name":"wp","href":"https:\/\/api.w.org\/{rel}","templated":true}]}}