{"id":2117,"date":"2019-11-26T14:03:52","date_gmt":"2019-11-26T13:03:52","guid":{"rendered":"http:\/\/localhost\/homepageneu\/?page_id=2117"},"modified":"2026-04-10T18:48:37","modified_gmt":"2026-04-10T16:48:37","slug":"mediendesign-animation","status":"publish","type":"page","link":"https:\/\/www.spengergasse.at\/?page_id=2117","title":{"rendered":"Animation"},"content":{"rendered":"\n<p><\/p>\n\n\n\n<p><strong>Die Ausbildung<\/strong><\/p>\n\n\n\n<p>Animation als erz\u00e4hlende Bildfolge und die vielf\u00e4ltigen Aspekte der Inszenierung stehen im Mittelpunkt dieser Ausbildung. Hier gilt es \u00c4sthetik und kommerzielle Gestaltung, Kreativit\u00e4t und Wirtschaftlichkeit in Einklang zu bringen. Das Lehrangebot umfasst ma\u00dfgebliche F\u00e4higkeiten in den Bereichen 2D- und 3D-Animation, Motion Design, Video, Visual Effects, Concept Art, Sound Design und Dramaturgie. Um gr\u00f6\u00dftm\u00f6gliche Praxisn\u00e4he zu erreichen, werden branchen\u00fcbliche Software-Pakete wie Adobe Creative Suite und Autodesk Maya unterrichtet.<\/p>\n\n\n\n<p>Unsere Ausbildung hat das Ziel, Sch\u00fclerinnen und Sch\u00fcler mit folgenden F\u00e4higkeiten und Fertigkeiten auf das Berufsleben  vorzubereiten:<\/p>\n\n\n\n<figure class=\"wp-block-table is-style-stripes\"><table><tbody><tr><td>Spezifische Ausbildung im Bereich Illustration, Visualisierung, Modellierung, Dramaturgie und Storytelling<\/td><\/tr><tr><td>Analytisch reflektives Wissen in den Bereichen Medientheorie, Film-, Kunst- und Animationsgeschichte<\/td><\/tr><tr><td>Medientechnische Umsetzung in professionellen Animations- bzw. Filmprogrammen, Kameratechnik, Licht- und Studiotechnik, VFX und Sound Design <\/td><\/tr><tr><td>Projektbezogene Anwendung in den Bereichen 2D\/3D-Animation und Motion Design<\/td><\/tr><tr><td>Medienrechtliches und medienwirtschaftliches Wissen<\/td><\/tr><\/tbody><\/table><\/figure>\n\n\n\n<p><strong>Voraussetzungen<\/strong><\/p>\n\n\n\n<p>Da es sich um eine k\u00fcnstlerische Ausbildung handelt, ist vor der Aufnahme ein Eignungstest abzulegen. N\u00e4here Infos entnehmen Sie bitte folgendem <a href=\"https:\/\/www.spengergasse.at\/wp-content\/uploads\/2025\/11\/Info-Kuenstlerischer-Eignungstest-SJ-26_27.pdf\">Infoblatt<\/a>.<\/p>\n\n\n\n<p><strong>Berufsfelder<\/strong><\/p>\n\n\n\n<figure class=\"wp-block-table is-style-stripes\"><table><tbody><tr><td>2D\/3D-Artist<\/td><\/tr><tr><td>Storyboarder<\/td><\/tr><tr><td>2D\/3D-Animator<\/td><\/tr><tr><td>Concept Artist<\/td><\/tr><tr><td>Motion Designer\/in<\/td><\/tr><tr><td>Compositing Artist<\/td><\/tr><tr><td>Postproduction Artist<\/td><\/tr><tr><td>Sound Designer\/in<\/td><\/tr><tr><td>Illustrator\/in<\/td><\/tr><\/tbody><\/table><\/figure>\n\n\n\n<figure class=\"wp-block-embed is-type-video is-provider-vimeo wp-block-embed-vimeo wp-embed-aspect-16-9 wp-has-aspect-ratio\"><div class=\"wp-block-embed__wrapper\">\n<iframe loading=\"lazy\" title=\"Animation Showreel 2025\" src=\"https:\/\/player.vimeo.com\/video\/1166462232?dnt=1&amp;app_id=122963\" width=\"640\" height=\"360\" frameborder=\"0\" allow=\"autoplay; fullscreen; picture-in-picture; clipboard-write; encrypted-media; web-share\" referrerpolicy=\"strict-origin-when-cross-origin\"><\/iframe>\n<\/div><\/figure>\n\n\n\n<p><strong>Informationen zur Ausbildung<\/strong><\/p>\n\n\n\n<figure class=\"wp-block-table is-style-stripes\"><table><tbody><tr><td class=\"has-text-align-left\" data-align=\"left\">Abteilung<\/td><td>Design<\/td><\/tr><tr><td class=\"has-text-align-left\" data-align=\"left\">Ausbildungsschwerpunkt<\/td><td>Animation<\/td><\/tr><tr><td class=\"has-text-align-left\" data-align=\"left\">Stunden pro Woche<\/td><td>37<\/td><\/tr><tr><td class=\"has-text-align-left\" data-align=\"left\">Ausbildungsdauer<\/td><td>5 Jahre (10 Semester)<\/td><\/tr><tr><td class=\"has-text-align-left\" data-align=\"left\">Abschluss<\/td><td>Reife- und Diplompr\u00fcfung<\/td><\/tr><tr><td class=\"has-text-align-left\" data-align=\"left\">Abteilungsvorstand<\/td><td>Werner Regen, MA<\/td><\/tr><tr><td class=\"has-text-align-left\" data-align=\"left\">Kontakt<\/td><td>+43 1 54615 114<br><a href=\"mailto:direktion@spengergasse.at\">direktion@spengergasse.at<\/a><\/td><\/tr><\/tbody><\/table><\/figure>\n\n\n\n<div class=\"wp-block-group is-layout-flow wp-block-group-is-layout-flow\">\n<p><strong> <span class=\"collapseomatic \" id=\"id6a05e72ead1b8\"  tabindex=\"0\" title=\"Stundentafel\"    >Stundentafel<\/span><div id=\"target-id6a05e72ead1b8\" class=\"collapseomatic_content \"><\/strong><\/p>\n\n\n\n<figure class=\"wp-block-table is-style-stripes\"><table><tbody><tr><td><\/td><td class=\"has-text-align-center\" data-align=\"center\">I<\/td><td class=\"has-text-align-center\" data-align=\"center\">II<\/td><td class=\"has-text-align-center\" data-align=\"center\">III<\/td><td class=\"has-text-align-center\" data-align=\"center\">IV<\/td><td class=\"has-text-align-center\" data-align=\"center\">V<\/td><\/tr><tr><td>Religion | Ethik<\/td><td class=\"has-text-align-center\" data-align=\"center\">2<\/td><td class=\"has-text-align-center\" data-align=\"center\">2<\/td><td class=\"has-text-align-center\" data-align=\"center\">2<\/td><td class=\"has-text-align-center\" data-align=\"center\">2<\/td><td class=\"has-text-align-center\" data-align=\"center\">2<\/td><\/tr><tr><td>Deutsch<\/td><td class=\"has-text-align-center\" data-align=\"center\">3<\/td><td class=\"has-text-align-center\" data-align=\"center\">2<\/td><td class=\"has-text-align-center\" data-align=\"center\">2<\/td><td class=\"has-text-align-center\" data-align=\"center\">2<\/td><td class=\"has-text-align-center\" data-align=\"center\">2<\/td><\/tr><tr><td>Englisch<\/td><td class=\"has-text-align-center\" data-align=\"center\">2<\/td><td class=\"has-text-align-center\" data-align=\"center\">2<\/td><td class=\"has-text-align-center\" data-align=\"center\">2<\/td><td class=\"has-text-align-center\" data-align=\"center\">2<\/td><td class=\"has-text-align-center\" data-align=\"center\">2<\/td><\/tr><tr><td>Geografie, Geschichte und Politische Bildung<\/td><td class=\"has-text-align-center\" data-align=\"center\">2<\/td><td class=\"has-text-align-center\" data-align=\"center\">2<\/td><td class=\"has-text-align-center\" data-align=\"center\">2<\/td><td class=\"has-text-align-center\" data-align=\"center\">2<\/td><td class=\"has-text-align-center\" data-align=\"center\">&#8211;<\/td><\/tr><tr><td>Wirtschaft und Recht<\/td><td class=\"has-text-align-center\" data-align=\"center\">&#8211;<\/td><td class=\"has-text-align-center\" data-align=\"center\">&#8211;<\/td><td class=\"has-text-align-center\" data-align=\"center\">&#8211;<\/td><td class=\"has-text-align-center\" data-align=\"center\">3<\/td><td class=\"has-text-align-center\" data-align=\"center\">2<\/td><\/tr><tr><td>Bewegung und Sport<\/td><td class=\"has-text-align-center\" data-align=\"center\">2<\/td><td class=\"has-text-align-center\" data-align=\"center\">2<\/td><td class=\"has-text-align-center\" data-align=\"center\">2<\/td><td class=\"has-text-align-center\" data-align=\"center\">1<\/td><td class=\"has-text-align-center\" data-align=\"center\">1<\/td><\/tr><tr><td>Angewandte Mathematik<\/td><td class=\"has-text-align-center\" data-align=\"center\">3<\/td><td class=\"has-text-align-center\" data-align=\"center\">2<\/td><td class=\"has-text-align-center\" data-align=\"center\">2<\/td><td class=\"has-text-align-center\" data-align=\"center\">2<\/td><td class=\"has-text-align-center\" data-align=\"center\">2<\/td><\/tr><tr><td>Naturwissenschaften<\/td><td class=\"has-text-align-center\" data-align=\"center\">3<\/td><td class=\"has-text-align-center\" data-align=\"center\">3<\/td><td class=\"has-text-align-center\" data-align=\"center\">2<\/td><td class=\"has-text-align-center\" data-align=\"center\">2<\/td><td class=\"has-text-align-center\" data-align=\"center\">&#8211;<\/td><\/tr><tr><td>Soziale Kompetenz und personale Kompetenz<\/td><td class=\"has-text-align-center\" data-align=\"center\">1<\/td><td class=\"has-text-align-center\" data-align=\"center\">1<\/td><td class=\"has-text-align-center\" data-align=\"center\">&#8211;<\/td><td class=\"has-text-align-center\" data-align=\"center\">&#8211;<\/td><td class=\"has-text-align-center\" data-align=\"center\">&#8211;<\/td><\/tr><tr><td>Medienwirtschaft<\/td><td class=\"has-text-align-center\" data-align=\"center\">&#8211;<\/td><td class=\"has-text-align-center\" data-align=\"center\">&#8211;<\/td><td class=\"has-text-align-center\" data-align=\"center\">&#8211;<\/td><td class=\"has-text-align-center\" data-align=\"center\">2<\/td><td class=\"has-text-align-center\" data-align=\"center\">2<\/td><\/tr><tr><td>Medienprojekte<\/td><td class=\"has-text-align-center\" data-align=\"center\">&#8211;<\/td><td class=\"has-text-align-center\" data-align=\"center\">&#8211;<\/td><td class=\"has-text-align-center\" data-align=\"center\">3<\/td><td class=\"has-text-align-center\" data-align=\"center\">3<\/td><td class=\"has-text-align-center\" data-align=\"center\">3<\/td><\/tr><tr><td>Medienproduktion<\/td><td class=\"has-text-align-center\" data-align=\"center\">7<\/td><td class=\"has-text-align-center\" data-align=\"center\">8<\/td><td class=\"has-text-align-center\" data-align=\"center\">8<\/td><td class=\"has-text-align-center\" data-align=\"center\">8<\/td><td class=\"has-text-align-center\" data-align=\"center\">9<\/td><\/tr><tr><td>Medientheorie und Kunstgeschichte <\/td><td class=\"has-text-align-center\" data-align=\"center\">&#8211;<\/td><td class=\"has-text-align-center\" data-align=\"center\">2<\/td><td class=\"has-text-align-center\" data-align=\"center\">2<\/td><td class=\"has-text-align-center\" data-align=\"center\">2<\/td><td class=\"has-text-align-center\" data-align=\"center\">2<\/td><\/tr><tr><td>Mediengestaltung<\/td><td class=\"has-text-align-center\" data-align=\"center\">5<\/td><td class=\"has-text-align-center\" data-align=\"center\">5<\/td><td class=\"has-text-align-center\" data-align=\"center\">5<\/td><td class=\"has-text-align-center\" data-align=\"center\">4<\/td><td class=\"has-text-align-center\" data-align=\"center\">4<\/td><\/tr><tr><td>Medientechnologie und Angewandte      Informatik   <\/td><td class=\"has-text-align-center\" data-align=\"center\">6<\/td><td class=\"has-text-align-center\" data-align=\"center\">6<\/td><td class=\"has-text-align-center\" data-align=\"center\">6<\/td><td class=\"has-text-align-center\" data-align=\"center\">4<\/td><td class=\"has-text-align-center\" data-align=\"center\">4<\/td><\/tr><\/tbody><\/table><\/figure>\n\n\n\n<\/div> <\/p>\n<\/div>\n\n\n\n<div class=\"wp-block-file alignright\"><a id=\"wp-block-file--media-91b74e5e-d0ef-4ca3-822d-554dcbe6bd71\" href=\"https:\/\/www.spengergasse.at\/wp-content\/uploads\/2020\/04\/LP_ab14_Animation.pdf\">Download Lehrplan<\/a><\/div>\n\n\n\n<p><\/p>\n\n\n\n<div class=\"wp-block-buttons is-content-justification-left is-layout-flex wp-container-core-buttons-is-layout-fc4fd283 wp-block-buttons-is-layout-flex\">\n<div class=\"wp-block-button\"><a class=\"wp-block-button__link has-white-color has-text-color has-background wp-element-button\" href=\".\/?tag=Animation\" style=\"border-radius:0px;background-color:#ed1944\">Aktuelles aus der Abteilung<\/a><\/div>\n\n\n\n<div class=\"wp-block-button\"><a class=\"wp-block-button__link has-white-color has-text-color has-background wp-element-button\" href=\"https:\/\/vimeo.com\/designspengergasse\" style=\"border-radius:0px;background-color:#ed1944\">Projekte von Sch\u00fcler*innen<\/a><\/div>\n<\/div>\n\n\n\n<p><a href=\"hhttps:\/\/vimeo.com\/designspengergasse\"><\/a>&nbsp; &nbsp; &nbsp;<a href=\"https:\/\/www.instagram.com\/design_spengergasse\"><\/a><\/p>\n\n\n\n<h3 class=\"wp-block-heading\">[br]Besuchen Sie uns auch hier:<\/h3>\n\n\n\n<a href=\"https:\/\/vimeo.com\/designspengergasse\"><i class=\"fa fa-vimeo\" style=\"Font-size: 50px; color:#ed1944;\"><\/i><\/a>&nbsp; &nbsp; &nbsp;<a href=\"https:\/\/www.instagram.com\/design_spengergasse\"><i class=\"fa fa-instagram\" style=\"Font-size: 50px; color:#ed1944 ;\"><\/i><\/a>\n","protected":false},"excerpt":{"rendered":"<p>Die Ausbildung Animation als erz\u00e4hlende Bildfolge und die vielf\u00e4ltigen Aspekte der Inszenierung stehen im Mittelpunkt dieser Ausbildung. Hier gilt es \u00c4sthetik und kommerzielle Gestaltung, Kreativit\u00e4t und Wirtschaftlichkeit in Einklang zu bringen. Das Lehrangebot umfasst ma\u00dfgebliche F\u00e4higkeiten in den Bereichen 2D- und 3D-Animation,&#8230;<\/p>\n","protected":false},"author":1,"featured_media":6094,"parent":2066,"menu_order":0,"comment_status":"closed","ping_status":"closed","template":"","meta":{"footnotes":""},"class_list":["post-2117","page","type-page","status-publish","has-post-thumbnail","hentry"],"_links":{"self":[{"href":"https:\/\/www.spengergasse.at\/index.php?rest_route=\/wp\/v2\/pages\/2117","targetHints":{"allow":["GET"]}}],"collection":[{"href":"https:\/\/www.spengergasse.at\/index.php?rest_route=\/wp\/v2\/pages"}],"about":[{"href":"https:\/\/www.spengergasse.at\/index.php?rest_route=\/wp\/v2\/types\/page"}],"author":[{"embeddable":true,"href":"https:\/\/www.spengergasse.at\/index.php?rest_route=\/wp\/v2\/users\/1"}],"replies":[{"embeddable":true,"href":"https:\/\/www.spengergasse.at\/index.php?rest_route=%2Fwp%2Fv2%2Fcomments&post=2117"}],"version-history":[{"count":64,"href":"https:\/\/www.spengergasse.at\/index.php?rest_route=\/wp\/v2\/pages\/2117\/revisions"}],"predecessor-version":[{"id":10303,"href":"https:\/\/www.spengergasse.at\/index.php?rest_route=\/wp\/v2\/pages\/2117\/revisions\/10303"}],"up":[{"embeddable":true,"href":"https:\/\/www.spengergasse.at\/index.php?rest_route=\/wp\/v2\/pages\/2066"}],"wp:featuredmedia":[{"embeddable":true,"href":"https:\/\/www.spengergasse.at\/index.php?rest_route=\/wp\/v2\/media\/6094"}],"wp:attachment":[{"href":"https:\/\/www.spengergasse.at\/index.php?rest_route=%2Fwp%2Fv2%2Fmedia&parent=2117"}],"curies":[{"name":"wp","href":"https:\/\/api.w.org\/{rel}","templated":true}]}}