{"id":2116,"date":"2019-11-26T14:03:52","date_gmt":"2019-11-26T13:03:52","guid":{"rendered":"http:\/\/localhost\/homepageneu\/?page_id=2116"},"modified":"2025-11-03T13:13:11","modified_gmt":"2025-11-03T12:13:11","slug":"interior-und-surfacedesign","status":"publish","type":"page","link":"https:\/\/www.spengergasse.at\/?page_id=2116","title":{"rendered":"Interior- und Surfacedesign"},"content":{"rendered":"\n<p><strong>Die Ausbildung<\/strong><\/p>\n\n\n\n<p>\u00c4sthetik und kommerzielles Design, Kreativit\u00e4t und Wirtschaftlichkeit sind jene Schwerpunkte der Ausbildung, die in dieser traditionsreichen Ausbildungsst\u00e4tte vermittelt werden. Aufbauend auf langj\u00e4hrige Erfahrung bildet man hier die Designer von Morgen aus.   Das Lehrangebot erstreckt sich vom freien k\u00fcnstlerischen Gestalten \u00fcber computerunterst\u00fctzte Raumkonzeption und zwei- sowie dreidimensionale Visualisierung bis zum Dessinieren zahlreicher Anwendungsgebiete f\u00fcr Raum und Musterung. In verschiedenen Werkst\u00e4tten (wie etwa Holz, Kunststoff, Modellbau und Druck) werden Entw\u00fcrfe umgesetzt.<\/p>\n\n\n\n<p>Unsere Ausbildung hat das Ziel, Sch\u00fcler-innen und Sch\u00fcler mit folgenden  F\u00e4higkeiten und Fertigkeiten auf das Berufsleben vorzubereiten: <\/p>\n\n\n\n<figure class=\"wp-block-table is-style-stripes\"><table><tbody><tr><td>Musterung und Gestaltung textiler und anderer Oberfl\u00e4chen (Surfacedesign) <\/td><\/tr><tr><td>Innenarchitektur, Raumgestaltung<\/td><\/tr><tr><td>Erstellen von Kollektionen <\/td><\/tr><tr><td>Schulung des r\u00e4umlichen Vorstellungsverm\u00f6gens <\/td><\/tr><tr><td>Darstellung von R\u00e4umen, Raumproportionen, Lichtquellen <\/td><\/tr><tr><td>K\u00fcnstlerische manuelle Gestaltungstechniken <\/td><\/tr><tr><td>Digitale Gestaltungs- und Visualisierungstechniken<\/td><\/tr><tr><td>Entwicklung von Raumkonzepten f\u00fcr unterschiedlichste Anwendungen<\/td><\/tr><\/tbody><\/table><\/figure>\n\n\n\n<p><strong>Voraussetzungen<\/strong><\/p>\n\n\n\n<p>Da es sich um eine k\u00fcnstlerische Ausbildung handelt, ist vor der Aufnahme ein Eignungstest abzulegen. N\u00e4here Infos entnehmen Sie bitte folgendem <a href=\"https:\/\/www.spengergasse.at\/wp-content\/uploads\/2025\/11\/Info-Kuenstlerischer-Eignungstest-SJ-26_27.pdf\">Infoblatt<\/a>.<\/p>\n\n\n\n<p><strong> Berufsfelder<\/strong><\/p>\n\n\n\n<figure class=\"wp-block-table is-style-stripes\"><table><tbody><tr><td>Interiordesigner\/in<\/td><\/tr><tr><td>Textildesigner\/in<\/td><\/tr><tr><td>Innenraumgestalter\/in<\/td><\/tr><tr><td>3D-Visualisierer\/in<\/td><\/tr><tr><td>Modellbauer\/in<\/td><\/tr><tr><td>SpezialistIn im Bereich der Visualisierung und Illustration <\/td><\/tr><\/tbody><\/table><\/figure>\n\n\n\n<p><strong>Informationen zur Ausbildung<\/strong><\/p>\n\n\n\n<figure class=\"wp-block-table is-style-stripes\"><table><tbody><tr><td class=\"has-text-align-left\" data-align=\"left\">Abteilung<\/td><td>Design<\/td><\/tr><tr><td class=\"has-text-align-left\" data-align=\"left\">Ausbildungsschwerpunkt<\/td><td>Interior- und Surfacedesign <\/td><\/tr><tr><td class=\"has-text-align-left\" data-align=\"left\">Stunden pro Woche<\/td><td>35<\/td><\/tr><tr><td class=\"has-text-align-left\" data-align=\"left\">Ausbildungsdauer:<\/td><td>5 Jahre (10 Semester)<\/td><\/tr><tr><td class=\"has-text-align-left\" data-align=\"left\">Abschluss:<\/td><td>Reife- und Diplompr\u00fcfung<\/td><\/tr><tr><td class=\"has-text-align-left\" data-align=\"left\">Abteilungsvorstand:<\/td><td>Werner Regen, MA<\/td><\/tr><tr><td class=\"has-text-align-left\" data-align=\"left\">Kontakt:<\/td><td>+43 1 54615 114<br><a href=\"mailto:direktion@spengergasse.at\">direktion@spengergasse.at<\/a><\/td><\/tr><\/tbody><\/table><\/figure>\n\n\n\n<p><strong> <span class=\"collapseomatic \" id=\"id69e1e1c7df1c9\"  tabindex=\"0\" title=\"Stundentafel\"    >Stundentafel<\/span><div id=\"target-id69e1e1c7df1c9\" class=\"collapseomatic_content \"><\/strong><\/p>\n\n\n\n<figure class=\"wp-block-table is-style-stripes\"><table><tbody><tr><td><\/td><td class=\"has-text-align-center\" data-align=\"center\">I<\/td><td class=\"has-text-align-center\" data-align=\"center\">II<\/td><td class=\"has-text-align-center\" data-align=\"center\">III<\/td><td class=\"has-text-align-center\" data-align=\"center\">IV<\/td><td class=\"has-text-align-center\" data-align=\"center\">V<\/td><\/tr><tr><td>Religion&nbsp;| Ethik<\/td><td class=\"has-text-align-center\" data-align=\"center\">2<\/td><td class=\"has-text-align-center\" data-align=\"center\">2<\/td><td class=\"has-text-align-center\" data-align=\"center\">2<\/td><td class=\"has-text-align-center\" data-align=\"center\">2<\/td><td class=\"has-text-align-center\" data-align=\"center\">2<\/td><\/tr><tr><td>Deutsch<\/td><td class=\"has-text-align-center\" data-align=\"center\">3<\/td><td class=\"has-text-align-center\" data-align=\"center\">2<\/td><td class=\"has-text-align-center\" data-align=\"center\">2<\/td><td class=\"has-text-align-center\" data-align=\"center\">2<\/td><td class=\"has-text-align-center\" data-align=\"center\">2<\/td><\/tr><tr><td>Englisch<\/td><td class=\"has-text-align-center\" data-align=\"center\">2<\/td><td class=\"has-text-align-center\" data-align=\"center\">2<\/td><td class=\"has-text-align-center\" data-align=\"center\">2<\/td><td class=\"has-text-align-center\" data-align=\"center\">2<\/td><td class=\"has-text-align-center\" data-align=\"center\">2<\/td><\/tr><tr><td>Geografie, Geschichte und Politische Bildung<\/td><td class=\"has-text-align-center\" data-align=\"center\">2<\/td><td class=\"has-text-align-center\" data-align=\"center\">2<\/td><td class=\"has-text-align-center\" data-align=\"center\">2<\/td><td class=\"has-text-align-center\" data-align=\"center\">2<\/td><td class=\"has-text-align-center\" data-align=\"center\">&#8211;<\/td><\/tr><tr><td>Wirtschaft und Recht<\/td><td class=\"has-text-align-center\" data-align=\"center\">&#8211;<\/td><td class=\"has-text-align-center\" data-align=\"center\">&#8211;<\/td><td class=\"has-text-align-center\" data-align=\"center\">&#8211;<\/td><td class=\"has-text-align-center\" data-align=\"center\">3<\/td><td class=\"has-text-align-center\" data-align=\"center\">2<\/td><\/tr><tr><td>Bewegung und Sport<\/td><td class=\"has-text-align-center\" data-align=\"center\">2<\/td><td class=\"has-text-align-center\" data-align=\"center\">2<\/td><td class=\"has-text-align-center\" data-align=\"center\">2<\/td><td class=\"has-text-align-center\" data-align=\"center\">1<\/td><td class=\"has-text-align-center\" data-align=\"center\">1<\/td><\/tr><tr><td>Angewandte Mathematik<\/td><td class=\"has-text-align-center\" data-align=\"center\">3<\/td><td class=\"has-text-align-center\" data-align=\"center\">2<\/td><td class=\"has-text-align-center\" data-align=\"center\">2<\/td><td class=\"has-text-align-center\" data-align=\"center\">2<\/td><td class=\"has-text-align-center\" data-align=\"center\">2<\/td><\/tr><tr><td>Naturwissenschaften<\/td><td class=\"has-text-align-center\" data-align=\"center\">3<\/td><td class=\"has-text-align-center\" data-align=\"center\">3<\/td><td class=\"has-text-align-center\" data-align=\"center\">2<\/td><td class=\"has-text-align-center\" data-align=\"center\">2<\/td><td class=\"has-text-align-center\" data-align=\"center\">&#8211;<\/td><\/tr><tr><td>Soziale Kompetenz<\/td><td class=\"has-text-align-center\" data-align=\"center\">1<\/td><td class=\"has-text-align-center\" data-align=\"center\">0,5<\/td><td class=\"has-text-align-center\" data-align=\"center\">0,5<\/td><td class=\"has-text-align-center\" data-align=\"center\">&#8211;<\/td><td class=\"has-text-align-center\" data-align=\"center\">&#8211;<\/td><\/tr><tr><td>Entwurf<\/td><td class=\"has-text-align-center\" data-align=\"center\">4<\/td><td class=\"has-text-align-center\" data-align=\"center\">4<\/td><td class=\"has-text-align-center\" data-align=\"center\">4<\/td><td class=\"has-text-align-center\" data-align=\"center\">4<\/td><td class=\"has-text-align-center\" data-align=\"center\">6<\/td><\/tr><tr><td>Technologien und Angewandte Informatik<\/td><td class=\"has-text-align-center\" data-align=\"center\">6<\/td><td class=\"has-text-align-center\" data-align=\"center\">6<\/td><td class=\"has-text-align-center\" data-align=\"center\">7<\/td><td class=\"has-text-align-center\" data-align=\"center\">7<\/td><td class=\"has-text-align-center\" data-align=\"center\">7<\/td><\/tr><tr><td>Design und Kommunikation<\/td><td class=\"has-text-align-center\" data-align=\"center\">&#8211;<\/td><td class=\"has-text-align-center\" data-align=\"center\">2<\/td><td class=\"has-text-align-center\" data-align=\"center\">2<\/td><td class=\"has-text-align-center\" data-align=\"center\">2<\/td><td class=\"has-text-align-center\" data-align=\"center\">3<\/td><\/tr><tr><td>Darstellung und Komposition<\/td><td class=\"has-text-align-center\" data-align=\"center\">5<\/td><td class=\"has-text-align-center\" data-align=\"center\">5<\/td><td class=\"has-text-align-center\" data-align=\"center\">4<\/td><td class=\"has-text-align-center\" data-align=\"center\">2<\/td><td class=\"has-text-align-center\" data-align=\"center\">2<\/td><\/tr><tr><td>Kunstgeschichte und Kulturphilosophie<\/td><td class=\"has-text-align-center\" data-align=\"center\">&#8211;<\/td><td class=\"has-text-align-center\" data-align=\"center\">&#8211;<\/td><td class=\"has-text-align-center\" data-align=\"center\">2<\/td><td class=\"has-text-align-center\" data-align=\"center\">2<\/td><td class=\"has-text-align-center\" data-align=\"center\">2<\/td><\/tr><tr><td>Atelier und Produktion<\/td><td class=\"has-text-align-center\" data-align=\"center\">3<\/td><td class=\"has-text-align-center\" data-align=\"center\">5<\/td><td class=\"has-text-align-center\" data-align=\"center\">5<\/td><td class=\"has-text-align-center\" data-align=\"center\">5<\/td><td class=\"has-text-align-center\" data-align=\"center\">5<\/td><\/tr><\/tbody><\/table><\/figure>\n\n\n\n<\/div> <\/p>\n\n\n\n<div class=\"wp-block-file alignright\"><a id=\"wp-block-file--media-a3f5515c-ac93-40c0-ade9-d59b4464178c\" href=\"https:\/\/www.spengergasse.at\/wp-content\/uploads\/2020\/04\/LP_ab14_Interior.pdf\">Download Lehrplan<\/a><\/div>\n\n\n\n<div class=\"wp-block-button\"><a class=\"wp-block-button__link has-very-light-gray-color has-text-color has-background no-border-radius wp-element-button\" href=\".\/?tag=KD\" style=\"background-color:#ed1944\">Aktuelles aus der Abteilung<\/a><\/div>\n","protected":false},"excerpt":{"rendered":"<p>Die Ausbildung \u00c4sthetik und kommerzielles Design, Kreativit\u00e4t und Wirtschaftlichkeit sind jene Schwerpunkte der Ausbildung, die in dieser traditionsreichen Ausbildungsst\u00e4tte vermittelt werden. Aufbauend auf langj\u00e4hrige Erfahrung bildet man hier die Designer von Morgen aus. Das Lehrangebot erstreckt sich vom freien k\u00fcnstlerischen Gestalten \u00fcber&#8230;<\/p>\n","protected":false},"author":1,"featured_media":2496,"parent":2066,"menu_order":0,"comment_status":"closed","ping_status":"closed","template":"","meta":{"footnotes":""},"class_list":["post-2116","page","type-page","status-publish","has-post-thumbnail","hentry"],"_links":{"self":[{"href":"https:\/\/www.spengergasse.at\/index.php?rest_route=\/wp\/v2\/pages\/2116","targetHints":{"allow":["GET"]}}],"collection":[{"href":"https:\/\/www.spengergasse.at\/index.php?rest_route=\/wp\/v2\/pages"}],"about":[{"href":"https:\/\/www.spengergasse.at\/index.php?rest_route=\/wp\/v2\/types\/page"}],"author":[{"embeddable":true,"href":"https:\/\/www.spengergasse.at\/index.php?rest_route=\/wp\/v2\/users\/1"}],"replies":[{"embeddable":true,"href":"https:\/\/www.spengergasse.at\/index.php?rest_route=%2Fwp%2Fv2%2Fcomments&post=2116"}],"version-history":[{"count":22,"href":"https:\/\/www.spengergasse.at\/index.php?rest_route=\/wp\/v2\/pages\/2116\/revisions"}],"predecessor-version":[{"id":9625,"href":"https:\/\/www.spengergasse.at\/index.php?rest_route=\/wp\/v2\/pages\/2116\/revisions\/9625"}],"up":[{"embeddable":true,"href":"https:\/\/www.spengergasse.at\/index.php?rest_route=\/wp\/v2\/pages\/2066"}],"wp:featuredmedia":[{"embeddable":true,"href":"https:\/\/www.spengergasse.at\/index.php?rest_route=\/wp\/v2\/media\/2496"}],"wp:attachment":[{"href":"https:\/\/www.spengergasse.at\/index.php?rest_route=%2Fwp%2Fv2%2Fmedia&parent=2116"}],"curies":[{"name":"wp","href":"https:\/\/api.w.org\/{rel}","templated":true}]}}