{"id":2114,"date":"2019-11-26T14:03:52","date_gmt":"2019-11-26T13:03:52","guid":{"rendered":"http:\/\/localhost\/homepageneu\/?page_id=2114"},"modified":"2024-12-03T10:27:08","modified_gmt":"2024-12-03T09:27:08","slug":"informatik","status":"publish","type":"page","link":"https:\/\/www.spengergasse.at\/?page_id=2114","title":{"rendered":"Informatik"},"content":{"rendered":"\n<p><strong>Die Ausbildung<\/strong><\/p>\n\n\n\n<p>Wir bieten dir eine fundierte Ausbildung in allen Bereichen der Softwareentwicklung, der Netzwerktechnik, aber auch der Betriebswirtschaft und des Projektmanagements an. Nach dem Abschluss der HTL f\u00fcr Informatik steht dir ein weites Besch\u00e4ftigungsfeld offen.<\/p>\n\n\n\n<p>Neben der Allgemeinbildung erh\u00e4ltst du im Laufe der 5 Jahre eine fundierte Ausbildung in:<\/p>\n\n\n\n<figure class=\"wp-block-table is-style-stripes\"><table><tbody><tr><td>Programmieren und Datenbanken <\/td><\/tr><tr><td>Netzwerktechnik und Betriebssystemen <\/td><\/tr><tr><td>Projektmanagement <\/td><\/tr><tr><td>Betriebswirtschaftslehre <\/td><\/tr><\/tbody><\/table><\/figure>\n\n\n\n<p>Zus\u00e4tzlich bieten wir dir \u00fcber Wahlpflichtgegenst\u00e4nde eine M\u00f6glichkeit, dich zu spezialisieren und die neuesten technischen Entwicklungen kennen zu lernen. Egal, f\u00fcr welche Spezialisierung du dich entscheidest: <\/p>\n\n\n\n<p>Ab dem 4. Jahrgang werden zus\u00e4tzlich f\u00fcnf <strong>Wahlpflichtgegenst\u00e4nde<\/strong> in  Ausma\u00df von 3 Stunden im 4. und 2 Stunden im 5. Jahrgang angeboten, von  denen einer besucht werden muss: <\/p>\n\n\n\n<figure class=\"wp-block-table is-style-stripes\"><table><tbody><tr><td><span class=\"collapseomatic \" id=\"id6a067cbef250c\"  tabindex=\"0\" title=\" &lt;strong&gt;Business Applications&lt;\/strong&gt;\"    > <strong>Business Applications<\/strong><\/span><div id=\"target-id6a067cbef250c\" class=\"collapseomatic_content \">Wie  k\u00f6nnen Softwareprojekte in gro\u00dfen Projektteams entwickelt werden?  Wie  kann ich feststellen, ob meine Software Fehler hat? Wie gehe ich mit gro\u00dfen Datenmengen um? In diesem Gegenstand stehen der Umgang mit Kollaborationssystemen sowie die Automatisierung von   Softwareerstellungsprozessen im Mittelpunkt.<br><br>Massendatenspeicherung,  Datenanalyse, Testsysteme, Versionierung.  Aktuelle Informatikthemen  wie Storage, Sicherheitskonzepte, Planung und  Schaffung von IT  Infrastruktur etc. sind weitere wesentliche  Programmpunkte. Wir setzen  auf marktf\u00fchrende Technologien wie Microsoft,  Oracle etc. sowie auf  Open-Source Produkte. <\/div> <\/td><\/tr><\/tbody><\/table><\/figure>\n\n\n\n<figure class=\"wp-block-table is-style-stripes\"><table><tbody><tr><td><span class=\"collapseomatic \" id=\"id6a067cbef25ce\"  tabindex=\"0\" title=\" &lt;strong&gt;Entrepreneurship&lt;\/strong&gt;\"    > <strong>Entrepreneurship<\/strong><\/span><div id=\"target-id6a067cbef25ce\" class=\"collapseomatic_content \">Das Leben stellt uns tagt\u00e4glich vor Herausforderungen, denen man sich nicht entziehen kann. Eine von diesen hei\u00dft \u201eWirtschaft\u201c, sie ist allgegenw\u00e4rtig.<br>Der Schwerpunkt Entrepreneurship besch\u00e4ftigt sich mit diversen Herausforderungen eines Unternehmens, insbesondere mit der Gr\u00fcndungsphase und der Wachstumsphase. <br>In Rahmen von fiktiven Unternehmensgr\u00fcndungen werden Gesch\u00e4ftsmodelle zu Produkten oder Dienstleistungen entwickelt, dazu ein Businessplan verfasst und vor hochrangigen Jurymitglieder*innen aus der Wirtschaft gepitcht und einem Realit\u00e4tscheck unterzogen. Unter Mithilfe diverser Tools wie BMD, SAP, Canva, Plan4You und mehr, werden Problemstellungen erarbeitet.<br>Der Fokus des Ausbildungsschwerpunktes Entrepreneurship liegt in der praxisorientierten Anwendung betriebswirtschaftlicher Kenntnisse in einem gesch\u00fctzten Raum. Selbstverst\u00e4ndlich sind wir Teilnehmer diverser (inter)nationaler Wettbewerben und es wird der Aufbau eines Netzwerkes durch Meet&amp;Greet Events erm\u00f6glicht. <\/div><\/td><\/tr><\/tbody><\/table><\/figure>\n\n\n\n<figure class=\"wp-block-table is-style-stripes\"><table><tbody><tr><td><span class=\"collapseomatic \" id=\"id6a067cbef260f\"  tabindex=\"0\" title=\" &lt;strong&gt;Ethical Hacking&lt;\/strong&gt;\"    > <strong>Ethical Hacking<\/strong><\/span><div id=\"target-id6a067cbef260f\" class=\"collapseomatic_content \">Du willst Hacking lernen und legal praktisch anwenden? &nbsp;Du willst dich in nationalen und internationalen Hacking-Wettbewerben mit anderen messen? Du willst beruflich in die Cybersecurity-Branche einsteigen?<br>&nbsp;<br>In diesem Wahlpflichtfach lernst du das Auskundschaften von Zielen (OSINT), das Finden und Ausnutzen von Schwachstellen und das Ausf\u00fchren von unterschiedlichsten Attacken (Exploits). Die praktische Anwendung von Hacker-Tools steht im Vordergrund, denn wer ein System effektiv sch\u00fctzen will, muss die Techniken der Angreifer kennen. <br><strong>Berufsfelder<\/strong>: Pentester\/in, Cyber Security Analyst\/Consultant<br> <\/div><\/td><\/tr><\/tbody><\/table><\/figure>\n\n\n\n<figure class=\"wp-block-table is-style-stripes\"><table><tbody><tr><td><span class=\"collapseomatic \" id=\"id6a067cbef2650\"  tabindex=\"0\" title=\" &lt;strong&gt;Game Development&lt;\/strong&gt;\"    > <strong>Game Development<\/strong><\/span><div id=\"target-id6a067cbef2650\" class=\"collapseomatic_content \">Du  willst eigene Spiele entwickeln k\u00f6nnen? Du willst Spiele analysieren und beurteilen k\u00f6nnen? Ab dem 4.Jahrgang kannst du im Wahlpflichtgegenstand Game Development den Umgang mit Medienelementen (Bild, Film, Ton, Text, etc.), Hardware und neuen Konzepten lernen.<br><br>Weitere Bestandteile sind Interface Design und Design for Usability.<br>Das Hauptaugenmerk liegt auf der Umsetzung der Ideen und Konzepte, die gemeinsam erarbeitet werden: der Erstellung von Spielen und Animationen.   <\/div>  <\/td><\/tr><\/tbody><\/table><\/figure>\n\n\n\n<figure class=\"wp-block-table is-style-stripes\"><table><tbody><tr><td><span class=\"collapseomatic \" id=\"id6a067cbef2685\"  tabindex=\"0\" title=\" &lt;strong&gt;Internet of Things&lt;\/strong&gt;\"    > <strong>Internet of Things<\/strong><\/span><div id=\"target-id6a067cbef2685\" class=\"collapseomatic_content \"> Wie  k\u00f6nnen mehrere Ger\u00e4te wie K\u00fchlschrank, Kaffeemaschine und  Waschmaschine  miteinander kommunizieren? Wie finden Roboter eigentlich durch ein Labyrinth? K\u00f6nnen wir das Wetter von morgen berechnen? K\u00f6nnen Computer  Menschen verstehen? Kann mein Handy Gedanken lesen? Wieso  spielt mein  Computer besser Schach als ich?<br><br>In diesem Wahlpflichtgegenstand erf\u00e4hrst du die Grundlagen von  k\u00fcnstlicher  Intelligenz und modernen Kommunikationstechnologien und wie man sie einsetzt. Du lernst, dass nicht nur ein &#8222;gro\u00dfer&#8220; Desktop PC einen Prozessor samt Betriebssystem hat, sondern auch viele Ger\u00e4te, die mit einem PC nicht viel gemeinsam haben. Diese Komponenten zu vernetzen und  abzusichern ist eine der gro\u00dfen Herausforderungen der aktuellen technischen Entwicklung. <\/div>  <\/td><\/tr><\/tbody><\/table><\/figure>\n\n\n\n<figure class=\"wp-block-table is-style-stripes\"><table><tbody><tr><td><span class=\"collapseomatic \" id=\"id6a067cbef26b5\"  tabindex=\"0\" title=\" &lt;strong&gt;Operations and Services&lt;\/strong&gt;\"    > <strong>Operations and Services<\/strong><\/span><div id=\"target-id6a067cbef26b5\" class=\"collapseomatic_content \"> Wie kann sichergestellt werden, dass ein Server rund um die Uhr erreichbar ist? Wie k\u00f6nnen gro\u00dfe Rechnersysteme mit Lastspitzen umgehen? Wie kann durch Virtualisierung Platz und Energie gespart werden?<br><br>Das  sind nur einige Themen in diesem Wahlpflichtgegenstand &#8222;Operations  and  Services&#8220;. Hier werden die Inhalte behandelt, die ein Benutzer im Idealfall nie zu Gesicht bekommt, da sie im Hintergrund ablaufen: Lastverteilung, virtuelle Server, Performanceoptimierung, Clouddienste. <\/div>  <\/td><\/tr><\/tbody><\/table><\/figure>\n\n\n\n<figure class=\"wp-block-table is-style-stripes\"><table><tbody><tr><td><span class=\"collapseomatic \" id=\"id6a067cbef26ed\"  tabindex=\"0\" title=\" &lt;strong&gt;SOS \u2013 Software Security&lt;\/strong&gt;\"    > <strong>SOS \u2013 Software Security<\/strong><\/span><div id=\"target-id6a067cbef26ed\" class=\"collapseomatic_content \"> Wie k\u00f6nnen Programme angegriffen werden und wo liegen die Sicherheitsl\u00fccken\/Programmierfehler?<br>Welche Angriffsvektoren existieren bei Webapplikationen, Betriebssystemen etc.?<br>Wie funktioniert Verschl\u00fcsselung und Hashing?<br><br>Diese Fragen und noch viel mehr werden im Wahlpflichtgegenstand SOS behandelt. Der Unterricht findet anhand von CTF-Challenges statt. Du lernst Linux inkl. der bekanntesten Pentesting-Tools n\u00e4her kennen und l\u00f6st vielf\u00e4ltige Aufgabenstellungen vom Web- und Netzwerkbereich \u00fcber Kryptologie bis hin zu Spezialbereichen wie reverse engineering und binary exploitation.<\/td><\/tr><\/tbody><\/table><\/figure>\n\n\n\n<p><\/p>\n\n\n\n<p><\/p>\n\n\n\n<p><strong> Berufsfelder<\/strong><\/p>\n\n\n\n<figure class=\"wp-block-table is-style-stripes\"><table><tbody><tr><td>Softwareentwickler\/in <\/td><\/tr><tr><td>Netzwerkadministrator\/in   <\/td><\/tr><tr><td>Projektmanager\/in <\/td><\/tr><tr><td>Spezialist\/in im Bereich Testsysteme <\/td><\/tr><\/tbody><\/table><\/figure>\n\n\n\n<p><strong>Englisch als Arbeitsprache<\/strong><\/p>\n\n\n\n<p>Da Englisch in der Informatik die &#8222;Muttersprache&#8220; darstellt, f\u00fchren wir jeweils einen Jahrgang mit&nbsp;<strong>Englisch als Arbeitssprache, der bis zur Reifepr\u00fcfung l\u00e4uft<\/strong>.  Dabei werden die Gegenst\u00e4nde in englischer Sprache vorgetragen und die  Arbeiten in Englisch verfasst. Nat\u00fcrlich sind sehr gute  Englischkenntnisse bei der Aufnahme in diese Klasse erforderlich. <\/p>\n\n\n\n<p>Ausnahmen bilden die Gegenst\u00e4nde Religion, Deutsch, Betriebswirtschaft  &amp; Management und Angewandte Mathematik. Diese werden durch die  standardisierte Reifepr\u00fcfung oder stark l\u00e4nderspezifischem Vokabular in  deutscher Sprache unterrichtet. <\/p>\n\n\n\n<p><strong>Informationen zur Ausbildung<\/strong><\/p>\n\n\n\n<figure class=\"wp-block-table is-style-stripes\"><table><tbody><tr><td class=\"has-text-align-left\" data-align=\"left\">Abteilung<\/td><td>Informatik<\/td><\/tr><tr><td class=\"has-text-align-left\" data-align=\"left\">Stunden pro Woche<\/td><td>34<\/td><\/tr><tr><td class=\"has-text-align-left\" data-align=\"left\">Ausbildungsdauer:<\/td><td>5 Jahre (10 Semester)<\/td><\/tr><tr><td class=\"has-text-align-left\" data-align=\"left\">Abschluss:<\/td><td>Reife- und Diplompr\u00fcfung<\/td><\/tr><tr><td class=\"has-text-align-left\" data-align=\"left\">Abteilungsvorstand:<\/td><td>Dipl.-Ing. Robert Jelinek<\/td><\/tr><tr><td class=\"has-text-align-left\" data-align=\"left\">Kontakt:<\/td><td>+43 1 54615 211<br><a href=\"mailto:direktion@spengergasse.at\">direktion@spengergasse.at<\/a><\/td><\/tr><\/tbody><\/table><\/figure>\n\n\n\n<div class=\"wp-block-group is-layout-flow wp-block-group-is-layout-flow\">\n<p><strong><span class=\"collapseomatic \" id=\"id6a067cbef2781\"  tabindex=\"0\" title=\"Stundentafel (&lt;strong&gt;neuer Lehrplan ab 2020\/21&lt;\/strong&gt;)\"    >Stundentafel (<strong>neuer Lehrplan ab 2020\/21<\/strong>)<\/span><\/strong><\/p>\n\n\n\n<figure class=\"wp-block-table is-style-stripes\"><table><tbody><tr><td><\/td><td class=\"has-text-align-center\" data-align=\"center\">I<\/td><td class=\"has-text-align-center\" data-align=\"center\">II<\/td><td class=\"has-text-align-center\" data-align=\"center\">III<\/td><td class=\"has-text-align-center\" data-align=\"center\">IV<\/td><td class=\"has-text-align-center\" data-align=\"center\">V<\/td><\/tr><tr><td>Religion&nbsp;| Ethik<\/td><td class=\"has-text-align-center\" data-align=\"center\">2<\/td><td class=\"has-text-align-center\" data-align=\"center\">2<\/td><td class=\"has-text-align-center\" data-align=\"center\">2<\/td><td class=\"has-text-align-center\" data-align=\"center\">2<\/td><td class=\"has-text-align-center\" data-align=\"center\">2<\/td><\/tr><tr><td>Deutsch<\/td><td class=\"has-text-align-center\" data-align=\"center\">3<\/td><td class=\"has-text-align-center\" data-align=\"center\">2<\/td><td class=\"has-text-align-center\" data-align=\"center\">2<\/td><td class=\"has-text-align-center\" data-align=\"center\">2<\/td><td class=\"has-text-align-center\" data-align=\"center\">2<\/td><\/tr><tr><td>Englisch<\/td><td class=\"has-text-align-center\" data-align=\"center\">2<\/td><td class=\"has-text-align-center\" data-align=\"center\">2<\/td><td class=\"has-text-align-center\" data-align=\"center\">2<\/td><td class=\"has-text-align-center\" data-align=\"center\">2<\/td><td class=\"has-text-align-center\" data-align=\"center\">2<\/td><\/tr><tr><td>Geografie, Geschichte und Politische Bildung<\/td><td class=\"has-text-align-center\" data-align=\"center\">2<\/td><td class=\"has-text-align-center\" data-align=\"center\">2<\/td><td class=\"has-text-align-center\" data-align=\"center\">2<\/td><td class=\"has-text-align-center\" data-align=\"center\">2<\/td><td class=\"has-text-align-center\" data-align=\"center\">&#8211;<\/td><\/tr><tr><td>Bewegung und Sport<\/td><td class=\"has-text-align-center\" data-align=\"center\">2<\/td><td class=\"has-text-align-center\" data-align=\"center\">2<\/td><td class=\"has-text-align-center\" data-align=\"center\">2<\/td><td class=\"has-text-align-center\" data-align=\"center\">1<\/td><td class=\"has-text-align-center\" data-align=\"center\">1<\/td><\/tr><tr><td>Angewandte Mathematik<\/td><td class=\"has-text-align-center\" data-align=\"center\">4<\/td><td class=\"has-text-align-center\" data-align=\"center\">3<\/td><td class=\"has-text-align-center\" data-align=\"center\">3<\/td><td class=\"has-text-align-center\" data-align=\"center\">2<\/td><td class=\"has-text-align-center\" data-align=\"center\">2<\/td><\/tr><tr><td>Naturwissenschaften<\/td><td class=\"has-text-align-center\" data-align=\"center\">3<\/td><td class=\"has-text-align-center\" data-align=\"center\">3<\/td><td class=\"has-text-align-center\" data-align=\"center\">2<\/td><td class=\"has-text-align-center\" data-align=\"center\">2<\/td><td class=\"has-text-align-center\" data-align=\"center\">&#8211;<\/td><\/tr><tr><td>Soziale Kompetenz<\/td><td class=\"has-text-align-center\" data-align=\"center\">1<\/td><td class=\"has-text-align-center\" data-align=\"center\">1<\/td><td class=\"has-text-align-center\" data-align=\"center\">&#8211;<\/td><td class=\"has-text-align-center\" data-align=\"center\">&#8211;<\/td><td class=\"has-text-align-center\" data-align=\"center\">&#8211;<\/td><\/tr><tr><td>Computerarchitektur und Betriebssysteme<\/td><td class=\"has-text-align-center\" data-align=\"center\">3<\/td><td class=\"has-text-align-center\" data-align=\"center\">2<\/td><td class=\"has-text-align-center\" data-align=\"center\">&#8211;<\/td><td class=\"has-text-align-center\" data-align=\"center\">&#8211;<\/td><td class=\"has-text-align-center\" data-align=\"center\">&#8211;<\/td><\/tr><tr><td>Programmieren und Software Engineering <\/td><td class=\"has-text-align-center\" data-align=\"center\">5<\/td><td class=\"has-text-align-center\" data-align=\"center\">6<\/td><td class=\"has-text-align-center\" data-align=\"center\">4<\/td><td class=\"has-text-align-center\" data-align=\"center\">4<\/td><td class=\"has-text-align-center\" data-align=\"center\">2<\/td><\/tr><tr><td>Webprogrammierung und Mobile Computing<\/td><td class=\"has-text-align-center\" data-align=\"center\">&#8211;<\/td><td class=\"has-text-align-center\" data-align=\"center\">2<\/td><td class=\"has-text-align-center\" data-align=\"center\">2<\/td><td class=\"has-text-align-center\" data-align=\"center\">2<\/td><td class=\"has-text-align-center\" data-align=\"center\">2<\/td><\/tr><tr><td>Datenbanken und Informationssysteme  <\/td><td class=\"has-text-align-center\" data-align=\"center\">2<\/td><td class=\"has-text-align-center\" data-align=\"center\">2<\/td><td class=\"has-text-align-center\" data-align=\"center\">3<\/td><td class=\"has-text-align-center\" data-align=\"center\">3<\/td><td class=\"has-text-align-center\" data-align=\"center\">3<\/td><\/tr><tr><td>Netzwerksysteme und Verteilte Systeme <\/td><td class=\"has-text-align-center\" data-align=\"center\">&#8211;<\/td><td class=\"has-text-align-center\" data-align=\"center\">2<\/td><td class=\"has-text-align-center\" data-align=\"center\">3<\/td><td class=\"has-text-align-center\" data-align=\"center\">2<\/td><td class=\"has-text-align-center\" data-align=\"center\">2<\/td><\/tr><tr><td>Data Science und Artificial Intelligence<\/td><td class=\"has-text-align-center\" data-align=\"center\">&#8211;<\/td><td class=\"has-text-align-center\" data-align=\"center\">&#8211;<\/td><td class=\"has-text-align-center\" data-align=\"center\">&#8211;<\/td><td class=\"has-text-align-center\" data-align=\"center\">2<\/td><td class=\"has-text-align-center\" data-align=\"center\">2<\/td><\/tr><tr><td>Betriebswirtschaft und Management  <\/td><td class=\"has-text-align-center\" data-align=\"center\">4<\/td><td class=\"has-text-align-center\" data-align=\"center\">4<\/td><td class=\"has-text-align-center\" data-align=\"center\">4<\/td><td class=\"has-text-align-center\" data-align=\"center\">3<\/td><td class=\"has-text-align-center\" data-align=\"center\">3<\/td><\/tr><tr><td>Systemplanung und Projektentwicklung  <\/td><td class=\"has-text-align-center\" data-align=\"center\">&#8211;<\/td><td class=\"has-text-align-center\" data-align=\"center\">&#8211;<\/td><td class=\"has-text-align-center\" data-align=\"center\">3<\/td><td class=\"has-text-align-center\" data-align=\"center\">4<\/td><td class=\"has-text-align-center\" data-align=\"center\">6<\/td><\/tr><tr><td>Wahlpflichtgegenstand<\/td><td class=\"has-text-align-center\" data-align=\"center\">&#8211;<\/td><td class=\"has-text-align-center\" data-align=\"center\">&#8211;<\/td><td class=\"has-text-align-center\" data-align=\"center\">&#8211;<\/td><td class=\"has-text-align-center\" data-align=\"center\">3<\/td><td class=\"has-text-align-center\" data-align=\"center\">2<\/td><\/tr><\/tbody><\/table><\/figure>\n\n\n\n<\/div> <\/p>\n<\/div>\n\n\n\n<p><strong> <span class=\"collapseomatic \" id=\"id6a067cbef27f6\"  tabindex=\"0\" title=\"Stundentafel (auslaufend)\"    >Stundentafel (auslaufend)<\/span><div id=\"target-id6a067cbef27f6\" class=\"collapseomatic_content \"><\/strong><\/p>\n\n\n\n<figure class=\"wp-block-table is-style-stripes\"><table><tbody><tr><td><\/td><td class=\"has-text-align-center\" data-align=\"center\">I<\/td><td class=\"has-text-align-center\" data-align=\"center\">II<\/td><td class=\"has-text-align-center\" data-align=\"center\">III<\/td><td class=\"has-text-align-center\" data-align=\"center\">IV<\/td><td class=\"has-text-align-center\" data-align=\"center\">V<\/td><\/tr><tr><td>Religion&nbsp;| Ethik<\/td><td class=\"has-text-align-center\" data-align=\"center\">2<\/td><td class=\"has-text-align-center\" data-align=\"center\">2<\/td><td class=\"has-text-align-center\" data-align=\"center\">2<\/td><td class=\"has-text-align-center\" data-align=\"center\">2<\/td><td class=\"has-text-align-center\" data-align=\"center\">2<\/td><\/tr><tr><td>Deutsch<\/td><td class=\"has-text-align-center\" data-align=\"center\">3<\/td><td class=\"has-text-align-center\" data-align=\"center\">2<\/td><td class=\"has-text-align-center\" data-align=\"center\">2<\/td><td class=\"has-text-align-center\" data-align=\"center\">2<\/td><td class=\"has-text-align-center\" data-align=\"center\">2<\/td><\/tr><tr><td>Englisch<\/td><td class=\"has-text-align-center\" data-align=\"center\">2<\/td><td class=\"has-text-align-center\" data-align=\"center\">2<\/td><td class=\"has-text-align-center\" data-align=\"center\">2<\/td><td class=\"has-text-align-center\" data-align=\"center\">2<\/td><td class=\"has-text-align-center\" data-align=\"center\">2<\/td><\/tr><tr><td>Geografie, Geschichte und Politische Bildung<\/td><td class=\"has-text-align-center\" data-align=\"center\">2<\/td><td class=\"has-text-align-center\" data-align=\"center\">2<\/td><td class=\"has-text-align-center\" data-align=\"center\">2<\/td><td class=\"has-text-align-center\" data-align=\"center\">2<\/td><td class=\"has-text-align-center\" data-align=\"center\">&#8211;<\/td><\/tr><tr><td>Bewegung und Sport<\/td><td class=\"has-text-align-center\" data-align=\"center\">2<\/td><td class=\"has-text-align-center\" data-align=\"center\">2<\/td><td class=\"has-text-align-center\" data-align=\"center\">2<\/td><td class=\"has-text-align-center\" data-align=\"center\">1<\/td><td class=\"has-text-align-center\" data-align=\"center\">1<\/td><\/tr><tr><td>Angewandte Mathematik<\/td><td class=\"has-text-align-center\" data-align=\"center\">4<\/td><td class=\"has-text-align-center\" data-align=\"center\">3<\/td><td class=\"has-text-align-center\" data-align=\"center\">3<\/td><td class=\"has-text-align-center\" data-align=\"center\">2<\/td><td class=\"has-text-align-center\" data-align=\"center\">2<\/td><\/tr><tr><td>Naturwissenschaften<\/td><td class=\"has-text-align-center\" data-align=\"center\">3<\/td><td class=\"has-text-align-center\" data-align=\"center\">3<\/td><td class=\"has-text-align-center\" data-align=\"center\">2<\/td><td class=\"has-text-align-center\" data-align=\"center\">2<\/td><td class=\"has-text-align-center\" data-align=\"center\">&#8211;<\/td><\/tr><tr><td>Soziale Kompetenz<\/td><td class=\"has-text-align-center\" data-align=\"center\">1<\/td><td class=\"has-text-align-center\" data-align=\"center\">1<\/td><td class=\"has-text-align-center\" data-align=\"center\">&#8211;<\/td><td class=\"has-text-align-center\" data-align=\"center\">&#8211;<\/td><td class=\"has-text-align-center\" data-align=\"center\">&#8211;<\/td><\/tr><tr><td>Technische Informatik<\/td><td class=\"has-text-align-center\" data-align=\"center\">3<\/td><td class=\"has-text-align-center\" data-align=\"center\">2<\/td><td class=\"has-text-align-center\" data-align=\"center\">2<\/td><td class=\"has-text-align-center\" data-align=\"center\">&#8211;<\/td><td class=\"has-text-align-center\" data-align=\"center\">&#8211;<\/td><\/tr><tr><td>Programmieren und Software Engineering <\/td><td class=\"has-text-align-center\" data-align=\"center\">5<\/td><td class=\"has-text-align-center\" data-align=\"center\">6<\/td><td class=\"has-text-align-center\" data-align=\"center\">6<\/td><td class=\"has-text-align-center\" data-align=\"center\">5<\/td><td class=\"has-text-align-center\" data-align=\"center\">4<\/td><\/tr><tr><td>Datenbanken und Informationssysteme  <\/td><td class=\"has-text-align-center\" data-align=\"center\">2<\/td><td class=\"has-text-align-center\" data-align=\"center\">2<\/td><td class=\"has-text-align-center\" data-align=\"center\">3<\/td><td class=\"has-text-align-center\" data-align=\"center\">4<\/td><td class=\"has-text-align-center\" data-align=\"center\">4<\/td><\/tr><tr><td>Netzwerksysteme und Verteilte Systeme <\/td><td class=\"has-text-align-center\" data-align=\"center\">&#8211;<\/td><td class=\"has-text-align-center\" data-align=\"center\">2<\/td><td class=\"has-text-align-center\" data-align=\"center\">3<\/td><td class=\"has-text-align-center\" data-align=\"center\">4<\/td><td class=\"has-text-align-center\" data-align=\"center\">4<\/td><\/tr><tr><td>Betriebswirtschaft und Management  <\/td><td class=\"has-text-align-center\" data-align=\"center\">4<\/td><td class=\"has-text-align-center\" data-align=\"center\">4<\/td><td class=\"has-text-align-center\" data-align=\"center\">4<\/td><td class=\"has-text-align-center\" data-align=\"center\">3<\/td><td class=\"has-text-align-center\" data-align=\"center\">3<\/td><\/tr><tr><td>Systemplanung und Projektentwicklung  <\/td><td class=\"has-text-align-center\" data-align=\"center\">&#8211;<\/td><td class=\"has-text-align-center\" data-align=\"center\">&#8211;<\/td><td class=\"has-text-align-center\" data-align=\"center\">3<\/td><td class=\"has-text-align-center\" data-align=\"center\">4<\/td><td class=\"has-text-align-center\" data-align=\"center\">6<\/td><\/tr><tr><td>Wahlpflichtgegenstand<\/td><td class=\"has-text-align-center\" data-align=\"center\">&#8211;<\/td><td class=\"has-text-align-center\" data-align=\"center\">&#8211;<\/td><td class=\"has-text-align-center\" data-align=\"center\">&#8211;<\/td><td class=\"has-text-align-center\" data-align=\"center\">3<\/td><td class=\"has-text-align-center\" data-align=\"center\">2<\/td><\/tr><\/tbody><\/table><\/figure>\n\n\n\n<\/div> <\/p>\n\n\n\n<div class=\"wp-block-file alignright\"><a href=\"https:\/\/www.spengergasse.at\/wp-content\/uploads\/2020\/09\/Beilage_1_HL_Informatik_Anl_1_10_Uebergangslehrplan_2020.pdf\">Download Lehrplan (g\u00fcltig ab 2020\/21)<br><br><\/a><\/div>\n\n\n\n<div class=\"wp-block-button\"><a class=\"wp-block-button__link has-very-light-gray-color has-text-color has-background no-border-radius wp-element-button\" href=\".\/?tag=HIF\" style=\"background-color:#ed1944\">Aktuelles aus der Abteilung<\/a><\/div>\n","protected":false},"excerpt":{"rendered":"<p>Die Ausbildung Wir bieten dir eine fundierte Ausbildung in allen Bereichen der Softwareentwicklung, der Netzwerktechnik, aber auch der Betriebswirtschaft und des Projektmanagements an. Nach dem Abschluss der HTL f\u00fcr Informatik steht dir ein weites Besch\u00e4ftigungsfeld offen. Neben der Allgemeinbildung erh\u00e4ltst du im&#8230;<\/p>\n","protected":false},"author":1,"featured_media":2492,"parent":2066,"menu_order":0,"comment_status":"closed","ping_status":"closed","template":"","meta":{"footnotes":""},"class_list":["post-2114","page","type-page","status-publish","has-post-thumbnail","hentry"],"_links":{"self":[{"href":"https:\/\/www.spengergasse.at\/index.php?rest_route=\/wp\/v2\/pages\/2114","targetHints":{"allow":["GET"]}}],"collection":[{"href":"https:\/\/www.spengergasse.at\/index.php?rest_route=\/wp\/v2\/pages"}],"about":[{"href":"https:\/\/www.spengergasse.at\/index.php?rest_route=\/wp\/v2\/types\/page"}],"author":[{"embeddable":true,"href":"https:\/\/www.spengergasse.at\/index.php?rest_route=\/wp\/v2\/users\/1"}],"replies":[{"embeddable":true,"href":"https:\/\/www.spengergasse.at\/index.php?rest_route=%2Fwp%2Fv2%2Fcomments&post=2114"}],"version-history":[{"count":47,"href":"https:\/\/www.spengergasse.at\/index.php?rest_route=\/wp\/v2\/pages\/2114\/revisions"}],"predecessor-version":[{"id":8529,"href":"https:\/\/www.spengergasse.at\/index.php?rest_route=\/wp\/v2\/pages\/2114\/revisions\/8529"}],"up":[{"embeddable":true,"href":"https:\/\/www.spengergasse.at\/index.php?rest_route=\/wp\/v2\/pages\/2066"}],"wp:featuredmedia":[{"embeddable":true,"href":"https:\/\/www.spengergasse.at\/index.php?rest_route=\/wp\/v2\/media\/2492"}],"wp:attachment":[{"href":"https:\/\/www.spengergasse.at\/index.php?rest_route=%2Fwp%2Fv2%2Fmedia&parent=2114"}],"curies":[{"name":"wp","href":"https:\/\/api.w.org\/{rel}","templated":true}]}}