{"id":2113,"date":"2019-11-26T14:03:52","date_gmt":"2019-11-26T13:03:52","guid":{"rendered":"http:\/\/localhost\/homepageneu\/?page_id=2113"},"modified":"2022-09-05T11:28:01","modified_gmt":"2022-09-05T09:28:01","slug":"fachschule-fuer-informationstechnologie","status":"publish","type":"page","link":"https:\/\/www.spengergasse.at\/?page_id=2113","title":{"rendered":"Informationstechnik &#8211; Fachschule"},"content":{"rendered":"\n<p><strong>Die Ausbildung<\/strong><\/p>\n\n\n\n<p><strong>IT-technische Ausbildung<\/strong><br>Schwerpunkt    des    ersten      Jahres    ist  ein  gro\u00dfer    Werkst\u00e4ttenblock,    in    dem    du  die  notwendigen  handwerklichen  Fertigkeiten    lernst:    Umgang    mit    mechanischen    Werkzeugen        und      elektrischem  Strom,    L\u00f6ten,    Einbau  von  Einzelteilen  in einen PC und Installation  von  Betriebssystemen.    Daneben    lernst  du die Grundlagen   der   Medientechnik, der Netzwerktechnik und der Informationssysteme,  z. B.  Datenbanken und andere betriebliche Anwendungen.<\/p>\n\n\n\n<p><strong>Wirtschaftliche Ausbildung<\/strong><br>Damit du nach deiner Ausbildung auch einen  eigenen    Betrieb    f\u00fchren    kannst,  lernst  du  Grundz\u00fcge  der  Unternehmensf\u00fchrung  und  Betriebstechnik  mit  den  wichtigsten  wirtschaftlichen und rechtlichen Aspekten. <\/p>\n\n\n\n<p><strong>Allgemeinbildung<\/strong><br>Besonders   wichtig   f\u00fcr   den   beruflichen Erfolg ist es, sich in Deutsch und in Englisch gut    und    korrekt    ausdr\u00fccken    zu    k\u00f6nnen.  Daher geh\u00f6ren sie zu den wichtigsten allgemeinbildenden F\u00e4chern.<\/p>\n\n\n\n<p><strong>Spezialisierung ab dem 3. Jahr<\/strong><br>Um dich auf einen besonderen Schwerpunkt zu konzentrieren, kannst du ab dem 3. Jahr eine Spezialisierung w\u00e4hlen: <\/p>\n\n\n\n<figure class=\"wp-block-table is-style-stripes\"><table><tbody><tr><td>Medientechnik:<br>Video, Sound, Animation und Erstellung von Webseiten<\/td><\/tr><tr><td>Netzwerktechnik:<br>Einrichtung  und Administration von Netzwerken <\/td><\/tr><\/tbody><\/table><\/figure>\n\n\n\n<p><strong>Berufsfelder<\/strong><\/p>\n\n\n\n<figure class=\"wp-block-table is-style-stripes\"><table><tbody><tr><td>IT-ServicetechnikerIn Entwicklung &amp; Administration (Server, Netzwerk, PC-Systeme)<\/td><\/tr><tr><td>System- und InformationstechnikerIn IT<\/td><\/tr><tr><td>MedientechnikerIn (Basisausbildung Ton, Video, Animation, Webseiten)<\/td><\/tr><tr><td>DatenbankadministratorIn<\/td><\/tr><tr><td>DatentechnikerIn<\/td><\/tr><tr><td>EDV-Kaufmann\/-frau mit Projektbetreuung<\/td><\/tr><tr><td>IT-Security<\/td><\/tr><\/tbody><\/table><\/figure>\n\n\n\n<p><strong>Informationen zur Ausbildung<\/strong><\/p>\n\n\n\n<figure class=\"wp-block-table is-style-stripes\"><table><tbody><tr><td class=\"has-text-align-left\" data-align=\"left\">Abteilung<\/td><td>Fachschule<\/td><\/tr><tr><td class=\"has-text-align-left\" data-align=\"left\">Ausbildungsschwerpunkt<\/td><td>Informationstechnik<\/td><\/tr><tr><td class=\"has-text-align-left\" data-align=\"left\">Stunden pro Woche<\/td><td>34<\/td><\/tr><tr><td class=\"has-text-align-left\" data-align=\"left\">Ausbildungsdauer:<\/td><td>3,5 Jahre (7 Semester)<\/td><\/tr><tr><td class=\"has-text-align-left\" data-align=\"left\">Abschluss:<\/td><td>Fachschulabschluss <br><br>Nach dieser Ausbildung kann ein Vorkolleg (1 Semester) und ein Aufbaulehrgang (4 Semester) besucht werden, um die Reife- und Diplompr\u00fcfung zu absolvieren<\/td><\/tr><tr><td class=\"has-text-align-left\" data-align=\"left\">Abteilungsvorstand:<\/td><td>Mag. DI Miriam Zidek<\/td><\/tr><tr><td class=\"has-text-align-left\" data-align=\"left\">Kontakt:<\/td><td>+43 1 54615 273<br><a href=\"mailto:direktion@spengergasse.at\">direktion@spengergasse.at<\/a><\/td><\/tr><\/tbody><\/table><\/figure>\n\n\n\n<p><strong> <span class=\"collapseomatic \" id=\"id69f0c89b22144\"  tabindex=\"0\" title=\"Stundentafel (inkl. schulautonomer \u00c4nderungen)\"    >Stundentafel (inkl. schulautonomer \u00c4nderungen)<\/span><div id=\"target-id69f0c89b22144\" class=\"collapseomatic_content \"><\/strong><\/p>\n\n\n\n<figure class=\"wp-block-table is-style-stripes\"><table><tbody><tr><td><\/td><td class=\"has-text-align-center\" data-align=\"center\">I<\/td><td class=\"has-text-align-center\" data-align=\"center\">II<\/td><td class=\"has-text-align-center\" data-align=\"center\">III<\/td><td class=\"has-text-align-center\" data-align=\"center\">IV<\/td><\/tr><tr><td>Religion&nbsp;| Ethik<\/td><td class=\"has-text-align-center\" data-align=\"center\">2<\/td><td class=\"has-text-align-center\" data-align=\"center\">2<\/td><td class=\"has-text-align-center\" data-align=\"center\">2<\/td><td class=\"has-text-align-center\" data-align=\"center\">1<\/td><\/tr><tr><td>Deutsch und Kommunikation<\/td><td class=\"has-text-align-center\" data-align=\"center\">3<\/td><td class=\"has-text-align-center\" data-align=\"center\">3<\/td><td class=\"has-text-align-center\" data-align=\"center\">2<\/td><td class=\"has-text-align-center\" data-align=\"center\">2<\/td><\/tr><tr><td>Englisch<\/td><td class=\"has-text-align-center\" data-align=\"center\">2<\/td><td class=\"has-text-align-center\" data-align=\"center\">2<\/td><td class=\"has-text-align-center\" data-align=\"center\">2<\/td><td class=\"has-text-align-center\" data-align=\"center\">&#8211;<\/td><\/tr><tr><td>Geografie, Geschichte und Politische Bildung<\/td><td class=\"has-text-align-center\" data-align=\"center\">2<\/td><td class=\"has-text-align-center\" data-align=\"center\">1<\/td><td class=\"has-text-align-center\" data-align=\"center\">&#8211;<\/td><td class=\"has-text-align-center\" data-align=\"center\">&#8211;<\/td><\/tr><tr><td>Bewegung und Sport<\/td><td class=\"has-text-align-center\" data-align=\"center\">2<\/td><td class=\"has-text-align-center\" data-align=\"center\">2<\/td><td class=\"has-text-align-center\" data-align=\"center\">2<\/td><td class=\"has-text-align-center\" data-align=\"center\">1<\/td><\/tr><tr><td>Angewandte Mathematik<\/td><td class=\"has-text-align-center\" data-align=\"center\">2<\/td><td class=\"has-text-align-center\" data-align=\"center\">2<\/td><td class=\"has-text-align-center\" data-align=\"center\">2<\/td><td class=\"has-text-align-center\" data-align=\"center\">&#8211;<\/td><\/tr><tr><td>Naturwissenschaftliche Grundlagen<\/td><td class=\"has-text-align-center\" data-align=\"center\">2<\/td><td class=\"has-text-align-center\" data-align=\"center\">&#8211;<\/td><td class=\"has-text-align-center\" data-align=\"center\">&#8211;<\/td><td class=\"has-text-align-center\" data-align=\"center\">&#8211;<\/td><\/tr><tr><td>Soziale und personale Kompetenz<\/td><td class=\"has-text-align-center\" data-align=\"center\">1<\/td><td class=\"has-text-align-center\" data-align=\"center\">1<\/td><td class=\"has-text-align-center\" data-align=\"center\">&#8211;<\/td><td class=\"has-text-align-center\" data-align=\"center\">&#8211;<\/td><\/tr><tr><td>Unternehmensf\u00fchrung<\/td><td class=\"has-text-align-center\" data-align=\"center\">&#8211;<\/td><td class=\"has-text-align-center\" data-align=\"center\">2<\/td><td class=\"has-text-align-center\" data-align=\"center\">2<\/td><td class=\"has-text-align-center\" data-align=\"center\">1<\/td><\/tr><tr><td>Betriebstechnik und Projekte<\/td><td class=\"has-text-align-center\" data-align=\"center\">&#8211;<\/td><td class=\"has-text-align-center\" data-align=\"center\">3<\/td><td class=\"has-text-align-center\" data-align=\"center\">4<\/td><td class=\"has-text-align-center\" data-align=\"center\">1<\/td><\/tr><tr><td>Informationssysteme und IT-Sicherheit<\/td><td class=\"has-text-align-center\" data-align=\"center\">3<\/td><td class=\"has-text-align-center\" data-align=\"center\">3<\/td><td class=\"has-text-align-center\" data-align=\"center\">4<\/td><td class=\"has-text-align-center\" data-align=\"center\">1<\/td><\/tr><tr><td>Medientechnik<\/td><td class=\"has-text-align-center\" data-align=\"center\">3<\/td><td class=\"has-text-align-center\" data-align=\"center\">3<\/td><td class=\"has-text-align-center\" data-align=\"center\">3<\/td><td class=\"has-text-align-center\" data-align=\"center\">&#8211;<\/td><\/tr><tr><td>Systemtechnik<\/td><td class=\"has-text-align-center\" data-align=\"center\">3<\/td><td class=\"has-text-align-center\" data-align=\"center\">3<\/td><td class=\"has-text-align-center\" data-align=\"center\">3<\/td><td class=\"has-text-align-center\" data-align=\"center\">&#8211;<\/td><\/tr><tr><td>Werkst\u00e4tte Systemtechnik<\/td><td class=\"has-text-align-center\" data-align=\"center\">6<\/td><td class=\"has-text-align-center\" data-align=\"center\">2<\/td><td class=\"has-text-align-center\" data-align=\"center\">1<\/td><td class=\"has-text-align-center\" data-align=\"center\">&#8211;<\/td><\/tr><tr><td>Netzwerktechnik   <\/td><td class=\"has-text-align-center\" data-align=\"center\">3<\/td><td class=\"has-text-align-center\" data-align=\"center\">3<\/td><td class=\"has-text-align-center\" data-align=\"center\">3<\/td><td class=\"has-text-align-center\" data-align=\"center\">&#8211;<\/td><\/tr><tr><td>Werkst\u00e4tte Netzwerktechnik<\/td><td class=\"has-text-align-center\" data-align=\"center\">&#8211;<\/td><td class=\"has-text-align-center\" data-align=\"center\">2<\/td><td class=\"has-text-align-center\" data-align=\"center\">1<\/td><td class=\"has-text-align-center\" data-align=\"center\">&#8211;<\/td><\/tr><tr><td>Spezialisierungen: Medientechnik bzw. Netzwerktechnik<\/td><td class=\"has-text-align-center\" data-align=\"center\">&#8211;<\/td><td class=\"has-text-align-center\" data-align=\"center\">&#8211;<\/td><td class=\"has-text-align-center\" data-align=\"center\">6<\/td><td class=\"has-text-align-center\" data-align=\"center\">2<\/td><\/tr><tr><td>Betriebspraktikum<\/td><td class=\"has-text-align-center\" data-align=\"center\">&#8211;<\/td><td class=\"has-text-align-center\" data-align=\"center\">&#8211;<\/td><td class=\"has-text-align-center\" data-align=\"center\">&#8211;<\/td><td class=\"has-text-align-center\" data-align=\"center\">20<\/td><\/tr><\/tbody><\/table><\/figure>\n\n\n\n<\/div> <\/p>\n\n\n\n<div class=\"wp-block-group is-layout-flow wp-block-group-is-layout-flow\">\n<div class=\"wp-block-file alignright\"><a href=\"https:\/\/www.spengergasse.at\/wp-content\/uploads\/2020\/11\/Lehrplan_Fachschule_Informationstechnik_2016.pdf\">Download Lehrplan (auslaufend) <\/a><\/div>\n\n\n\n<div class=\"wp-block-file alignright\"><a href=\"https:\/\/www.spengergasse.at\/wp-content\/uploads\/2020\/11\/Fachschule-Anlage-1.pdf\">Download Anlage zum Lehrplan (auslaufend) <\/a><\/div>\n\n\n\n<p><\/p>\n<\/div>\n\n\n\n<div class=\"wp-block-file alignright\"><a href=\"https:\/\/www.spengergasse.at\/wp-content\/uploads\/2020\/09\/FS_Informationstechnik_Anl-1_13_Uebergangslehrplan_2020.pdf\">Download Lehrplan (g\u00fcltig ab 1. Klassen des Schuljahres 2020\/21) <\/a><\/div>\n\n\n\n<p><\/p>\n","protected":false},"excerpt":{"rendered":"<p>Die Ausbildung IT-technische AusbildungSchwerpunkt des ersten Jahres ist ein gro\u00dfer Werkst\u00e4ttenblock, in dem du die notwendigen handwerklichen Fertigkeiten lernst: Umgang mit mechanischen Werkzeugen und elektrischem Strom, L\u00f6ten, Einbau von Einzelteilen in einen PC und Installation von Betriebssystemen. Daneben lernst du die Grundlagen&#8230;<\/p>\n","protected":false},"author":1,"featured_media":2494,"parent":2066,"menu_order":0,"comment_status":"closed","ping_status":"closed","template":"","meta":{"footnotes":""},"class_list":["post-2113","page","type-page","status-publish","has-post-thumbnail","hentry"],"_links":{"self":[{"href":"https:\/\/www.spengergasse.at\/index.php?rest_route=\/wp\/v2\/pages\/2113","targetHints":{"allow":["GET"]}}],"collection":[{"href":"https:\/\/www.spengergasse.at\/index.php?rest_route=\/wp\/v2\/pages"}],"about":[{"href":"https:\/\/www.spengergasse.at\/index.php?rest_route=\/wp\/v2\/types\/page"}],"author":[{"embeddable":true,"href":"https:\/\/www.spengergasse.at\/index.php?rest_route=\/wp\/v2\/users\/1"}],"replies":[{"embeddable":true,"href":"https:\/\/www.spengergasse.at\/index.php?rest_route=%2Fwp%2Fv2%2Fcomments&post=2113"}],"version-history":[{"count":23,"href":"https:\/\/www.spengergasse.at\/index.php?rest_route=\/wp\/v2\/pages\/2113\/revisions"}],"predecessor-version":[{"id":5931,"href":"https:\/\/www.spengergasse.at\/index.php?rest_route=\/wp\/v2\/pages\/2113\/revisions\/5931"}],"up":[{"embeddable":true,"href":"https:\/\/www.spengergasse.at\/index.php?rest_route=\/wp\/v2\/pages\/2066"}],"wp:featuredmedia":[{"embeddable":true,"href":"https:\/\/www.spengergasse.at\/index.php?rest_route=\/wp\/v2\/media\/2494"}],"wp:attachment":[{"href":"https:\/\/www.spengergasse.at\/index.php?rest_route=%2Fwp%2Fv2%2Fmedia&parent=2113"}],"curies":[{"name":"wp","href":"https:\/\/api.w.org\/{rel}","templated":true}]}}