{"id":2112,"date":"2019-11-26T14:03:52","date_gmt":"2019-11-26T13:03:52","guid":{"rendered":"http:\/\/localhost\/homepageneu\/?page_id=2112"},"modified":"2022-09-05T11:27:21","modified_gmt":"2022-09-05T09:27:21","slug":"biomedizin-und-gesundheitstechnik","status":"publish","type":"page","link":"https:\/\/www.spengergasse.at\/?page_id=2112","title":{"rendered":"Medizininformatik"},"content":{"rendered":"\n<p><strong>Die Ausbildung<\/strong><\/p>\n\n\n\n<p>Im Rahmen der <strong>Medizininformatik-Ausbildung<\/strong> an der Abteilung Biomedizin- und Gesundheitstechnik lernen Sch\u00fclerinnen und Sch\u00fcler, <strong>Aufgaben der Medizin mit Methoden der Informatik<\/strong> zu l\u00f6sen. Das dazu notwendige Wissen ist vielf\u00e4ltig, spannend und abwechslungsreich. <\/p>\n\n\n\n<p>Es werden fundierte Kenntnisse in folgenden Bereichen vermittelt:<\/p>\n\n\n\n<figure class=\"wp-block-table is-style-stripes\"><table><tbody><tr><td>Biologie, Medizin und Gesundheit<\/td><\/tr><tr><td>Softwareentwicklung f\u00fcr medizinische Anwendungen <\/td><\/tr><tr><td>Medizinische Datenbanken <\/td><\/tr><tr><td>Elektronik f\u00fcr den Einsatz medizintechnischer Ger\u00e4te <\/td><\/tr><tr><td>Datenschutz und Datensicherheit<\/td><\/tr><tr><td>Netzwerktechnik<\/td><\/tr><tr><td>Naturwissenschaften<\/td><\/tr><tr><td>Gesundheits\u00f6konomie, Management und Recht<\/td><\/tr><tr><td>Projektmanagement<\/td><\/tr><\/tbody><\/table><\/figure>\n\n\n\n<p>F\u00fcr ein sp\u00e4teres Medizinstudium bieten wir f\u00fcr die h\u00f6heren Klassen das Freifach <strong>\u201eVorbereitung auf den Medizin-Aufnahmetest\u201c<\/strong> an. Durch die im engen Kontakt mit der Wirtschaft durchgef\u00fchrten Ingenieurprojekte im 5. Jahrgang erlernst du praxisnahes und selbstst\u00e4ndiges Arbeiten. <\/p>\n\n\n\n<p><strong>Berufsfelder<\/strong><\/p>\n\n\n\n<p>Diese breite Ausbildung er\u00f6ffnet dir M\u00f6glichkeiten auf zukunftssichere Berufe im Gesundheitsbereich. Dar\u00fcber hinaus sind die hier erlernten Qualifikationen auch in anderen Bereichen der Technik sehr gefragt.<\/p>\n\n\n\n<figure class=\"wp-block-table is-style-stripes\"><table><tbody><tr><td>Planung und Einrichtung medizintechnischer Ger\u00e4te und von \u00cdT-Systemen in \u00e4rztlichen Praxen und Krankenh\u00e4usern.<\/td><\/tr><tr><td>Entwicklung und Betreuung von Softwaresystemen im Gesundheitswesen von   der technischen Unterst\u00fctzung bei der medizinischen Diagnostik bis zur  Verwaltung und der Verrechnung mit den Krankenkassen. <\/td><\/tr><tr><td> Service, Produktmanagement und Vertrieb medizin-technischer Ger\u00e4te und Software.  <\/td><\/tr><\/tbody><\/table><\/figure>\n\n\n\n<p><strong>Informationen zur Ausbildung<\/strong><\/p>\n\n\n\n<p>Die Ausbildung dauert 5 Jahre und schlie\u00dft mit einer Reife- und Diplompr\u00fcfung ab. Danach hast du die <strong>Hochschulberechtigung<\/strong> und eine anerkannte fachliche Ausbildung. Nach 3 Jahren kann au\u00dferdem noch um den <strong>Titel Ingenieur\/in <\/strong>angesucht werden.<\/p>\n\n\n\n<figure class=\"wp-block-table is-style-stripes\"><table><tbody><tr><td class=\"has-text-align-left\" data-align=\"left\">Abteilung<\/td><td>Biomedizin- und Gesundheitstechnik<\/td><\/tr><tr><td class=\"has-text-align-left\" data-align=\"left\">Ausbildungsschwerpunkt<\/td><td>Medizininformatik<\/td><\/tr><tr><td class=\"has-text-align-left\" data-align=\"left\">Stunden pro Woche<\/td><td>37<\/td><\/tr><tr><td class=\"has-text-align-left\" data-align=\"left\">Ausbildungsdauer:<\/td><td>5 Jahre (10 Semester)<\/td><\/tr><tr><td class=\"has-text-align-left\" data-align=\"left\">Abschluss:<\/td><td>Reife- und Diplompr\u00fcfung<\/td><\/tr><tr><td class=\"has-text-align-left\" data-align=\"left\">Abteilungsvorstand:<\/td><td>Mag. DI Miriam Zidek <\/td><\/tr><tr><td class=\"has-text-align-left\" data-align=\"left\">Kontakt:<\/td><td>+43 1 54615 273<br><a href=\"mailto:direktion@spengergasse.at\">direktion@spengergasse.at<\/a><\/td><\/tr><\/tbody><\/table><\/figure>\n\n\n\n<figure class=\"wp-block-embed is-type-video is-provider-youtube wp-block-embed-youtube wp-embed-aspect-16-9 wp-has-aspect-ratio\"><div class=\"wp-block-embed__wrapper\">\n<iframe loading=\"lazy\" title=\"Infotage - Medizininformatik - Sch\u00fclerprojekt\" width=\"640\" height=\"360\" src=\"https:\/\/www.youtube.com\/embed\/44OhwtLYl5g?feature=oembed\" frameborder=\"0\" allow=\"accelerometer; autoplay; clipboard-write; encrypted-media; gyroscope; picture-in-picture; web-share\" referrerpolicy=\"strict-origin-when-cross-origin\" allowfullscreen><\/iframe>\n<\/div><\/figure>\n\n\n\n<p><strong> <span class=\"collapseomatic \" id=\"id69f0948b6bd00\"  tabindex=\"0\" title=\"Stundentafel (inkl. schulautonomer \u00c4nderungen\"    >Stundentafel (inkl. schulautonomer \u00c4nderungen<\/span><div id=\"target-id69f0948b6bd00\" class=\"collapseomatic_content \"><\/strong><\/p>\n\n\n\n<figure class=\"wp-block-table is-style-stripes\"><table><tbody><tr><td><\/td><td class=\"has-text-align-center\" data-align=\"center\">I<\/td><td class=\"has-text-align-center\" data-align=\"center\">II<\/td><td class=\"has-text-align-center\" data-align=\"center\">III<\/td><td class=\"has-text-align-center\" data-align=\"center\">IV<\/td><td class=\"has-text-align-center\" data-align=\"center\">V<\/td><\/tr><tr><td>Religion&nbsp;| Ethik<\/td><td class=\"has-text-align-center\" data-align=\"center\">2<\/td><td class=\"has-text-align-center\" data-align=\"center\">2<\/td><td class=\"has-text-align-center\" data-align=\"center\">2<\/td><td class=\"has-text-align-center\" data-align=\"center\">2<\/td><td class=\"has-text-align-center\" data-align=\"center\">2<\/td><\/tr><tr><td>Deutsch<\/td><td class=\"has-text-align-center\" data-align=\"center\">3<\/td><td class=\"has-text-align-center\" data-align=\"center\">2<\/td><td class=\"has-text-align-center\" data-align=\"center\">2<\/td><td class=\"has-text-align-center\" data-align=\"center\">2<\/td><td class=\"has-text-align-center\" data-align=\"center\">2<\/td><\/tr><tr><td>Englisch<\/td><td class=\"has-text-align-center\" data-align=\"center\">2<\/td><td class=\"has-text-align-center\" data-align=\"center\">2<\/td><td class=\"has-text-align-center\" data-align=\"center\">2<\/td><td class=\"has-text-align-center\" data-align=\"center\">2<\/td><td class=\"has-text-align-center\" data-align=\"center\">2<\/td><\/tr><tr><td>Geografie, Geschichte und Politische Bildung<\/td><td class=\"has-text-align-center\" data-align=\"center\">2<\/td><td class=\"has-text-align-center\" data-align=\"center\">2<\/td><td class=\"has-text-align-center\" data-align=\"center\">2<\/td><td class=\"has-text-align-center\" data-align=\"center\">2<\/td><td class=\"has-text-align-center\" data-align=\"center\">&#8211;<\/td><\/tr><tr><td>Bewegung und Sport<\/td><td class=\"has-text-align-center\" data-align=\"center\">2<\/td><td class=\"has-text-align-center\" data-align=\"center\">2<\/td><td class=\"has-text-align-center\" data-align=\"center\">2<\/td><td class=\"has-text-align-center\" data-align=\"center\">1<\/td><td class=\"has-text-align-center\" data-align=\"center\">1<\/td><\/tr><tr><td>Angewandte Mathematik<\/td><td class=\"has-text-align-center\" data-align=\"center\">4<\/td><td class=\"has-text-align-center\" data-align=\"center\">4<\/td><td class=\"has-text-align-center\" data-align=\"center\">3<\/td><td class=\"has-text-align-center\" data-align=\"center\">2<\/td><td class=\"has-text-align-center\" data-align=\"center\">2<\/td><\/tr><tr><td>Naturwissenschaften<\/td><td class=\"has-text-align-center\" data-align=\"center\">3<\/td><td class=\"has-text-align-center\" data-align=\"center\">3<\/td><td class=\"has-text-align-center\" data-align=\"center\">2<\/td><td class=\"has-text-align-center\" data-align=\"center\">2<\/td><td class=\"has-text-align-center\" data-align=\"center\">&#8211;<\/td><\/tr><tr><td>Soziale Kompetenz<\/td><td class=\"has-text-align-center\" data-align=\"center\">1<\/td><td class=\"has-text-align-center\" data-align=\"center\">1<\/td><td class=\"has-text-align-center\" data-align=\"center\">&#8211;<\/td><td class=\"has-text-align-center\" data-align=\"center\">&#8211;<\/td><td class=\"has-text-align-center\" data-align=\"center\">&#8211;<\/td><\/tr><tr><td>Biologie, Medizin und Gesundheit<\/td><td class=\"has-text-align-center\" data-align=\"center\">2<\/td><td class=\"has-text-align-center\" data-align=\"center\">2<\/td><td class=\"has-text-align-center\" data-align=\"center\">3<\/td><td class=\"has-text-align-center\" data-align=\"center\">3<\/td><td class=\"has-text-align-center\" data-align=\"center\">2<\/td><\/tr><tr><td>Wirtschaft und Recht &#8211; Gesundheits\u00f6konomie<\/td><td class=\"has-text-align-center\" data-align=\"center\">2<\/td><td class=\"has-text-align-center\" data-align=\"center\">2<\/td><td class=\"has-text-align-center\" data-align=\"center\">3<\/td><td class=\"has-text-align-center\" data-align=\"center\">3<\/td><td class=\"has-text-align-center\" data-align=\"center\">3<\/td><\/tr><tr><td>Biomedizinische Signalverarbeitung<\/td><td class=\"has-text-align-center\" data-align=\"center\">2<\/td><td class=\"has-text-align-center\" data-align=\"center\">2<\/td><td class=\"has-text-align-center\" data-align=\"center\">2<\/td><td class=\"has-text-align-center\" data-align=\"center\">2<\/td><td class=\"has-text-align-center\" data-align=\"center\">2<\/td><\/tr><tr><td>Medizinische Ger\u00e4tetechnik<\/td><td class=\"has-text-align-center\" data-align=\"center\">2<\/td><td class=\"has-text-align-center\" data-align=\"center\">2<\/td><td class=\"has-text-align-center\" data-align=\"center\">2<\/td><td class=\"has-text-align-center\" data-align=\"center\">3<\/td><td class=\"has-text-align-center\" data-align=\"center\">4<\/td><\/tr><tr><td>Medizinische Informationssysteme<\/td><td class=\"has-text-align-center\" data-align=\"center\">2<\/td><td class=\"has-text-align-center\" data-align=\"center\">2<\/td><td class=\"has-text-align-center\" data-align=\"center\">3<\/td><td class=\"has-text-align-center\" data-align=\"center\">4<\/td><td class=\"has-text-align-center\" data-align=\"center\">4<\/td><\/tr><tr><td>Medizin- und Gesundheitsinformatik<\/td><td class=\"has-text-align-center\" data-align=\"center\">4<\/td><td class=\"has-text-align-center\" data-align=\"center\">5<\/td><td class=\"has-text-align-center\" data-align=\"center\">5<\/td><td class=\"has-text-align-center\" data-align=\"center\">5<\/td><td class=\"has-text-align-center\" data-align=\"center\">5<\/td><\/tr><tr><td>Projektentwicklung<\/td><td class=\"has-text-align-center\" data-align=\"center\">&#8211;<\/td><td class=\"has-text-align-center\" data-align=\"center\">&#8211;<\/td><td class=\"has-text-align-center\" data-align=\"center\">4<\/td><td class=\"has-text-align-center\" data-align=\"center\">4<\/td><td class=\"has-text-align-center\" data-align=\"center\">8<\/td><\/tr><tr><td>Computerpraktikum<\/td><td class=\"has-text-align-center\" data-align=\"center\">4<\/td><td class=\"has-text-align-center\" data-align=\"center\">4<\/td><td class=\"has-text-align-center\" data-align=\"center\">&#8211;<\/td><td class=\"has-text-align-center\" data-align=\"center\">&#8211;<\/td><td class=\"has-text-align-center\" data-align=\"center\">&#8211;<\/td><\/tr><\/tbody><\/table><\/figure>\n\n\n\n<\/div> <\/p>\n\n\n\n<div class=\"wp-block-file alignright\"><a href=\"https:\/\/www.spengergasse.at\/wp-content\/uploads\/2020\/04\/LP_ab14_Medizininformatik.pdf\">Download Lehrplan  <\/a><\/div>\n\n\n\n<div class=\"wp-block-button is-style-fill\"><a class=\"wp-block-button__link has-text-color has-background no-border-radius\" href=\".\/?tag=medizininformatik\" style=\"background-color:#ed1944;color:#ffffff\">Aktuelles aus der Abteilung<\/a><\/div>\n","protected":false},"excerpt":{"rendered":"<p>Die Ausbildung Im Rahmen der Medizininformatik-Ausbildung an der Abteilung Biomedizin- und Gesundheitstechnik lernen Sch\u00fclerinnen und Sch\u00fcler, Aufgaben der Medizin mit Methoden der Informatik zu l\u00f6sen. Das dazu notwendige Wissen ist vielf\u00e4ltig, spannend und abwechslungsreich. Es werden fundierte Kenntnisse in folgenden Bereichen vermittelt:&#8230;<\/p>\n","protected":false},"author":1,"featured_media":2456,"parent":2066,"menu_order":0,"comment_status":"closed","ping_status":"closed","template":"","meta":{"footnotes":""},"class_list":["post-2112","page","type-page","status-publish","has-post-thumbnail","hentry"],"_links":{"self":[{"href":"https:\/\/www.spengergasse.at\/index.php?rest_route=\/wp\/v2\/pages\/2112","targetHints":{"allow":["GET"]}}],"collection":[{"href":"https:\/\/www.spengergasse.at\/index.php?rest_route=\/wp\/v2\/pages"}],"about":[{"href":"https:\/\/www.spengergasse.at\/index.php?rest_route=\/wp\/v2\/types\/page"}],"author":[{"embeddable":true,"href":"https:\/\/www.spengergasse.at\/index.php?rest_route=\/wp\/v2\/users\/1"}],"replies":[{"embeddable":true,"href":"https:\/\/www.spengergasse.at\/index.php?rest_route=%2Fwp%2Fv2%2Fcomments&post=2112"}],"version-history":[{"count":46,"href":"https:\/\/www.spengergasse.at\/index.php?rest_route=\/wp\/v2\/pages\/2112\/revisions"}],"predecessor-version":[{"id":6036,"href":"https:\/\/www.spengergasse.at\/index.php?rest_route=\/wp\/v2\/pages\/2112\/revisions\/6036"}],"up":[{"embeddable":true,"href":"https:\/\/www.spengergasse.at\/index.php?rest_route=\/wp\/v2\/pages\/2066"}],"wp:featuredmedia":[{"embeddable":true,"href":"https:\/\/www.spengergasse.at\/index.php?rest_route=\/wp\/v2\/media\/2456"}],"wp:attachment":[{"href":"https:\/\/www.spengergasse.at\/index.php?rest_route=%2Fwp%2Fv2%2Fmedia&parent=2112"}],"curies":[{"name":"wp","href":"https:\/\/api.w.org\/{rel}","templated":true}]}}