{"id":2030,"date":"2019-11-15T15:57:36","date_gmt":"2019-11-15T14:57:36","guid":{"rendered":"http:\/\/localhost\/homepageneu\/?page_id=2030"},"modified":"2026-03-23T08:26:42","modified_gmt":"2026-03-23T07:26:42","slug":"impressum","status":"publish","type":"page","link":"https:\/\/www.spengergasse.at\/?page_id=2030","title":{"rendered":"Impressum"},"content":{"rendered":"\n<h2 class=\"wp-block-heading\">Offenlegungspflicht laut \u00a725 Mediengesetz<\/h2>\n\n\n\n<p><strong>Medienhinhaber und Herausgeber:<\/strong><\/p>\n\n\n\n<p>H\u00f6here Technische Bundeslehr- und Versuchsanstalt f\u00fcr Textilindustrie und Informatik (kurz: HTL Spengergasse)<br>vertreten durch Direktor Dr. Gerhard Hager<br>Spengergasse 20<br>1050 Wien &#8211; \u00d6sterreich<br>Tel: +43 1 54615 0<br>E-Mail: <a href=\"mailto:manager@spengergasse.at\">manager@spengergasse.at<\/a><br>UID: ATU37866706<br>IBAN: AT70 0100 0000 0503 0886<\/p>\n\n\n\n<p><strong>Aufsichtsbeh\u00f6rde:<\/strong> <br>Bundesministerium f\u00fcr Bildung<\/p>\n\n\n\n<p><strong>Konzept, Design und Implementierung der Website:<\/strong><br>Ren\u00e9 Pranz<\/p>\n\n\n\n<p><strong>Technische Umsetzung:<\/strong><br>Zentraler Informatik Dienst der HTL Spengergasse<br><a href=\"mailto:zid@spengergasse.at\">zid@spengergasse.at<\/a><\/p>\n\n\n\n<p><strong>Website-Content Koordination: <\/strong><br>Content-Team<br><a href=\"mailto:content@spengergasse.at\">content@spengergasse.at<\/a><\/p>\n\n\n\n<h2 class=\"wp-block-heading\">Haftung f\u00fcr Inhalte dieser Webseite<\/h2>\n\n\n\n<p>Wir entwickeln die Inhalte dieser Webseite st\u00e4ndig weiter und bem\u00fchen uns korrekte und aktuelle Informationen bereitzustellen. Leider k\u00f6nnen wir keine Haftung f\u00fcr die Korrektheit aller Inhalte auf dieser Webseite \u00fcbernehmen, speziell f\u00fcr jene die seitens Dritter bereitgestellt wurden.<\/p>\n\n\n\n<p>Sollten Ihnen problematische oder rechtswidrige Inhalte auffallen, bitten wir Sie uns umgehend zu kontaktieren, Sie finden die Kontaktdaten im Impressum.<\/p>\n\n\n\n<h2 class=\"wp-block-heading\">Haftung f\u00fcr Links auf dieser Webseite<\/h2>\n\n\n\n<p>Unsere Webseite enth\u00e4lt Links zu anderen Webseiten f\u00fcr deren Inhalt wir nicht verantwortlich sind. Haftung f\u00fcr verlinkte Websites besteht laut <a href=\"https:\/\/www.ris.bka.gv.at\/Dokument.wxe?Abfrage=Bundesnormen&amp;Dokumentnummer=NOR40025813&amp;tid=221122213\" target=\"_blank\" rel=\"noreferrer noopener\">\u00a7 17 ECG<\/a> f\u00fcr uns nicht, da wir keine Kenntnis rechtswidriger T\u00e4tigkeiten hatten und haben, uns solche Rechtswidrigkeiten auch bisher nicht aufgefallen sind und wir Links sofort entfernen w\u00fcrden, wenn uns Rechtswidrigkeiten bekannt werden.<\/p>\n\n\n\n<p>Wenn Ihnen rechtswidrige Links auf unserer Website auffallen, bitten wir Sie uns zu kontaktieren, Sie finden die Kontaktdaten im Impressum.<\/p>\n\n\n\n<h2 class=\"wp-block-heading\">Hinweis<\/h2>\n\n\n\n<p>Die grundlegende Intention von&nbsp;<a href=\"http:\/\/www.spengergasse.at\/\">www.spengergasse.at<\/a>&nbsp;besteht in der Information einer breiteren \u00d6ffentlichkeit \u00fcber die Schule. Alle Inhalte wurden nach bestem Wissen und Gewissen erstellt. Sollte uns dennoch ein Fehler passiert sein, bedauern wir dies, k\u00f6nnen f\u00fcr diesen Fall aber keine Haftung \u00fcbernehmen. Wir \u00fcbernehmen ebenfalls keine Verantwortung f\u00fcr externe Inhalte, auf die wir mittels Hyperlink verweisen.<\/p>\n\n\n\n<p>Die Inhalte dieser Seiten sind urheberrechtlich gesch\u00fctzt und die Informationen sind nur f\u00fcr die pers\u00f6nliche Verwendung bestimmt. Jede weitergehende Nutzung, insbesondere die Speicherung in Datenbanken, Ver\u00f6ffentlichung, Vervielf\u00e4ltigung und jede Form von gewerblicher Nutzung, sowie die Weitergabe an Dritte \u2013 auch in Teilen oder in \u00fcberarbeiteter Form \u2013 ohne Zustimmung der Schule ist untersagt.<\/p>\n\n\n\n<h2 class=\"wp-block-heading\">Bildernachweis<\/h2>\n\n\n\n<p>Die Bilder, Fotos und Grafiken auf dieser Webseite sind urheberrechtlich gesch\u00fctzt.<\/p>\n\n\n\n<p>Die Bilderrechte liegen bei den folgenden Fotografen und Unternehmen:<\/p>\n\n\n\n<figure class=\"wp-block-table is-style-stripes\"><table><tbody><tr><td>shutterstock<\/td><\/tr><\/tbody><\/table><\/figure>\n\n\n\n<h2 class=\"wp-block-heading\"><strong>Amtssignatur \u2013 Bildmarke<\/strong><\/h2>\n\n\n\n<p><a href=\"https:\/\/www.edusig.gv.at\/amtssignatur_schulen.pdf\">Ver\u00f6ffentlichung der Bildmarke gem\u00e4\u00df \u00a719 E-Government-Gesetz<\/a><\/p>\n\n\n\n<p>Die HTL Spengergasse verwendet f\u00fcr die im elektronischen Wege amtlich signierten Dokumente folgende Bildmarke:<\/p>\n\n\n\n<figure class=\"wp-block-image size-large\"><img decoding=\"async\" src=\"https:\/\/www.edusig.gv.at\/edusig_logo.jpg\" alt=\"Hier ist das Amtsiegel\"\/><\/figure>\n","protected":false},"excerpt":{"rendered":"<p>Offenlegungspflicht laut \u00a725 Mediengesetz Medienhinhaber und Herausgeber: H\u00f6here Technische Bundeslehr- und Versuchsanstalt f\u00fcr Textilindustrie und Informatik (kurz: HTL Spengergasse)vertreten durch Direktor Dr. Gerhard HagerSpengergasse 201050 Wien &#8211; \u00d6sterreichTel: +43 1 54615 0E-Mail: manager@spengergasse.atUID: ATU37866706IBAN: AT70 0100 0000 0503 0886 Aufsichtsbeh\u00f6rde: Bundesministerium f\u00fcr&#8230;<\/p>\n","protected":false},"author":1,"featured_media":0,"parent":0,"menu_order":0,"comment_status":"closed","ping_status":"closed","template":"","meta":{"footnotes":""},"class_list":["post-2030","page","type-page","status-publish","hentry"],"_links":{"self":[{"href":"https:\/\/www.spengergasse.at\/index.php?rest_route=\/wp\/v2\/pages\/2030","targetHints":{"allow":["GET"]}}],"collection":[{"href":"https:\/\/www.spengergasse.at\/index.php?rest_route=\/wp\/v2\/pages"}],"about":[{"href":"https:\/\/www.spengergasse.at\/index.php?rest_route=\/wp\/v2\/types\/page"}],"author":[{"embeddable":true,"href":"https:\/\/www.spengergasse.at\/index.php?rest_route=\/wp\/v2\/users\/1"}],"replies":[{"embeddable":true,"href":"https:\/\/www.spengergasse.at\/index.php?rest_route=%2Fwp%2Fv2%2Fcomments&post=2030"}],"version-history":[{"count":12,"href":"https:\/\/www.spengergasse.at\/index.php?rest_route=\/wp\/v2\/pages\/2030\/revisions"}],"predecessor-version":[{"id":10219,"href":"https:\/\/www.spengergasse.at\/index.php?rest_route=\/wp\/v2\/pages\/2030\/revisions\/10219"}],"wp:attachment":[{"href":"https:\/\/www.spengergasse.at\/index.php?rest_route=%2Fwp%2Fv2%2Fmedia&parent=2030"}],"curies":[{"name":"wp","href":"https:\/\/api.w.org\/{rel}","templated":true}]}}